{"id":12925,"date":"2022-08-30T12:03:05","date_gmt":"2022-08-30T12:03:05","guid":{"rendered":"https:\/\/life-green-sheep.eu\/documentos\/"},"modified":"2023-05-14T20:26:49","modified_gmt":"2023-05-14T20:26:49","slug":"documentos","status":"publish","type":"page","link":"https:\/\/life-green-sheep.eu\/es\/documentos\/","title":{"rendered":"Documentos"},"content":{"rendered":"<div class=\"wpb-content-wrapper\"><p>[vc_row][vc_column]<div class=\"ult-spacer spacer-69e10a1cd0c32\" data-id=\"69e10a1cd0c32\" data-height=\"40\" data-height-mobile=\"20\" data-height-tab=\"30\" data-height-tab-portrait=\"30\" data-height-mobile-landscape=\"20\" style=\"clear:both;display:block;\"><\/div>[\/vc_column][\/vc_row][vc_row css_animation=\u00bbfadeIn\u00bb bg_type=\u00bbbg_color\u00bb bg_color_value=\u00bb#d8e1d6&#8243;][vc_column width=\u00bb5\/6&#8243;][vc_column_text]<\/p>\n<h1>LIFE GREEN SHEEP: por una ganader\u00eda ovina sostenible y con bajas emisiones de carbono 1er Webinar de la UE<\/h1>\n<p><strong>Programa de este seminario web <\/strong><\/p>\n<p>&#8211; Implantaci\u00f3n de la agricultura del carbono en Europa<\/p>\n<p>&#8211; Presentaci\u00f3n general del proyecto LIFE Green Sheep<\/p>\n<p>&#8211; ACV simplificado en la ganader\u00eda ovina: comparaci\u00f3n de las estimaciones de la huella de carbono a partir de diferentes herramientas<\/p>\n<p>&#8211; Formaci\u00f3n de 143 asesores sobre el \u00abcarbono\u00bb<\/p>\n<p>&#8211; Participaci\u00f3n de 1.637 explotaciones ovinas a escala europea<\/p>\n<p>&#8211; \u00bfC\u00f3mo difundir los resultados del proyecto e informar ampliamente a los agricultores y asesores?<\/p>\n<p>&#8211; La agricultura del carbono y las soluciones basadas en los resultados, un plan innovador para impulsar las iniciativas sobre el carbono y desarrollar la agricultura sostenible<\/p>\n<p>&#8211; Conclusi\u00f3n<\/p>\n<p>https:\/\/vimeo.com\/759586666[\/vc_column_text][\/vc_column][vc_column width=\u00bb1\/6&#8243;][vc_single_image image=\u00bb12536&#8243; onclick=\u00bbcustom_link\u00bb img_link_target=\u00bb_blank\u00bb css_animation=\u00bbfadeIn\u00bb link=\u00bbhttps:\/\/life-green-sheep.eu\/wp-content\/uploads\/2022\/10\/LIFE_GREEN_SHEEP_EU_WEBINAR_20221003.pdf\u00bb][\/vc_column][\/vc_row][vc_row][vc_column]<div class=\"ult-spacer spacer-69e10a1cd0c79\" data-id=\"69e10a1cd0c79\" data-height=\"40\" data-height-mobile=\"20\" data-height-tab=\"30\" data-height-tab-portrait=\"30\" data-height-mobile-landscape=\"20\" style=\"clear:both;display:block;\"><\/div>[\/vc_column][\/vc_row][vc_row css_animation=\u00bbfadeIn\u00bb bg_type=\u00bbbg_color\u00bb bg_color_value=\u00bb#d8e1d6&#8243;][vc_column width=\u00bb5\/6&#8243;][vc_column_text]<\/p>\n<h1>El proyecto LIFE GreenSheep en resumen<\/h1>\n<p><span data-contrast=\"auto\">Le ofrece una visi\u00f3n general del proyecto: 5 acciones y cifras clave para alcanzar el objetivo de LIFE GREEN SHEEP: reducir en un 12% la huella de carbono de la leche y la carne de ovino, garantizando al mismo tiempo la sostenibilidad de las explotaciones. Acciones de demostraci\u00f3n y difusi\u00f3n para reducir la huella de carbono en la ganader\u00eda ovina europea.<\/span> [\/vc_column_text][\/vc_column][vc_column width=\u00bb1\/6&#8243;][vc_single_image image=\u00bb12536&#8243; onclick=\u00bbcustom_link\u00bb img_link_target=\u00bb_blank\u00bb css_animation=\u00bbfadeIn\u00bb link=\u00bbhttps:\/\/life-green-sheep.eu\/wp-content\/uploads\/2023\/05\/LIFE-Green-Sheep-SPANISH.pdf\u00bb][\/vc_column][\/vc_row][vc_row][vc_column]<div class=\"ult-spacer spacer-69e10a1cd0ce7\" data-id=\"69e10a1cd0ce7\" data-height=\"40\" data-height-mobile=\"20\" data-height-tab=\"30\" data-height-tab-portrait=\"30\" data-height-mobile-landscape=\"20\" style=\"clear:both;display:block;\"><\/div>[\/vc_column][\/vc_row][vc_row css_animation=\u00bbfadeIn\u00bb bg_type=\u00bbbg_color\u00bb bg_color_value=\u00bb#d8e1d6&#8243;][vc_column width=\u00bb5\/6&#8243;][vc_column_text]<\/p>\n<h1>Resumen del proyecto LIFE GreenSheep<\/h1>\n<p><span data-contrast=\"auto\">Este documento detalla los objetivos y las acciones a lo largo del proyecto, as\u00ed como el calendario para una ganader\u00eda ovina baja en carbono y sostenible: desarrollar un marco com\u00fan europeo sobre las emisiones de gases de efecto invernadero, el almacenamiento de carbono y los rendimientos de sostenibilidad, crear una din\u00e1mica nacional y europea. Formar a asesores y t\u00e9cnicos en m\u00e9todos y herramientas de evaluaci\u00f3n, crear un observatorio de 1.355 explotaciones agr\u00edcolas demostrativas en Europa con un enfoque bajo en carbono y sostenible, poner a prueba las palancas de acci\u00f3n bajas en carbono y sostenibles mediante el seguimiento de 282 explotaciones agr\u00edcolas innovadoras de bajo impacto en carbono en Europa, desarrollar planes de acci\u00f3n nacionales.<\/span> [\/vc_column_text][\/vc_column][vc_column width=\u00bb1\/6&#8243;][vc_single_image image=\u00bb12536&#8243; onclick=\u00bbcustom_link\u00bb img_link_target=\u00bb_blank\u00bb css_animation=\u00bbfadeIn\u00bb link=\u00bbhttps:\/\/life-green-sheep.eu\/wp-content\/uploads\/2023\/05\/6-pages-leaflet_SPANISH.pdf\u00bb][\/vc_column][\/vc_row][vc_row][vc_column]<div class=\"ult-spacer spacer-69e10a1cd0d15\" data-id=\"69e10a1cd0d15\" data-height=\"40\" data-height-mobile=\"20\" data-height-tab=\"30\" data-height-tab-portrait=\"30\" data-height-mobile-landscape=\"20\" style=\"clear:both;display:block;\"><\/div>[\/vc_column][\/vc_row][vc_row css_animation=\u00bbfadeIn\u00bb bg_type=\u00bbbg_color\u00bb bg_color_value=\u00bb#d8e1d6&#8243;][vc_column width=\u00bb5\/6&#8243;][vc_column_text]<\/p>\n<h1>Proyecto ppt<\/h1>\n<p><span data-contrast=\"auto\">Este powerpoint ofrece una visi\u00f3n sint\u00e9tica pero precisa del proyecto Life Green Sheep<\/span>[\/vc_column_text][\/vc_column][vc_column width=\u00bb1\/6&#8243;][vc_single_image image=\u00bb12536&#8243; onclick=\u00bbcustom_link\u00bb img_link_target=\u00bb_blank\u00bb css_animation=\u00bbfadeIn\u00bb link=\u00bbhttps:\/\/life-green-sheep.eu\/wp-content\/uploads\/2022\/09\/ppt.pdf\u00bb][\/vc_column][\/vc_row][vc_row][vc_column]<div class=\"ult-spacer spacer-69e10a1cd0d3f\" data-id=\"69e10a1cd0d3f\" data-height=\"40\" data-height-mobile=\"20\" data-height-tab=\"30\" data-height-tab-portrait=\"30\" data-height-mobile-landscape=\"20\" style=\"clear:both;display:block;\"><\/div>[\/vc_column][\/vc_row][vc_row css_animation=\u00bbfadeIn\u00bb bg_type=\u00bbbg_color\u00bb bg_color_value=\u00bb#d8e1d6&#8243;][vc_column width=\u00bb5\/6&#8243;][vc_column_text]<\/p>\n<h1>P\u00f3ster cient\u00edfico de la EAPP<b> <\/b><\/h1>\n<h2><span data-contrast=\"auto\">LIFE Green Sheep: <\/span><span data-contrast=\"auto\">buscando <\/span><span data-contrast=\"auto\">m\u00e9todos comunes para estimar el impacto ambiental<\/span> <span data-contrast=\"auto\">de las explotaciones ovinas. <\/span><\/h2>\n<p><span data-contrast=\"auto\">Primeros resultados de la comparaci\u00f3n cualitativa entre las herramientas y las metodolog\u00edas entre los 5 pa\u00edses participantes en el proyecto, presentados en la conferencia de la EAAP (Federaci\u00f3n Europea de Ciencia Animal).<\/span><\/p>\n<p>[\/vc_column_text][\/vc_column][vc_column width=\u00bb1\/6&#8243;][vc_single_image image=\u00bb12536&#8243; onclick=\u00bbcustom_link\u00bb img_link_target=\u00bb_blank\u00bb css_animation=\u00bbfadeIn\u00bb link=\u00bbhttps:\/\/life-green-sheep.eu\/wp-content\/uploads\/2022\/09\/EAAP21_Session43_Atzori_poster_GreenSheep36566.pdf\u00bb][\/vc_column][\/vc_row]<\/p>\n<\/div>","protected":false},"excerpt":{"rendered":"<p>[vc_row][vc_column][\/vc_column][\/vc_row][vc_row css_animation=\u00bbfadeIn\u00bb bg_type=\u00bbbg_color\u00bb bg_color_value=\u00bb#d8e1d6&#8243;][vc_column width=\u00bb5\/6&#8243;][vc_column_text] LIFE GREEN SHEEP: por una ganader\u00eda ovina sostenible y con bajas emisiones de carbono 1er Webinar de la UE Programa de este seminario web &#8211; Implantaci\u00f3n de la agricultura del carbono en Europa &#8211; Presentaci\u00f3n general del proyecto LIFE Green Sheep &#8211; ACV simplificado en la ganader\u00eda ovina: comparaci\u00f3n de [&hellip;]<\/p>\n","protected":false},"author":2,"featured_media":0,"parent":0,"menu_order":0,"comment_status":"closed","ping_status":"closed","template":"","meta":{"_bbp_topic_count":0,"_bbp_reply_count":0,"_bbp_total_topic_count":0,"_bbp_total_reply_count":0,"_bbp_voice_count":0,"_bbp_anonymous_reply_count":0,"_bbp_topic_count_hidden":0,"_bbp_reply_count_hidden":0,"_bbp_forum_subforum_count":0,"footnotes":""},"class_list":["post-12925","page","type-page","status-publish","hentry"],"rttpg_featured_image_url":null,"rttpg_author":{"display_name":"Untangled Web Support","author_link":"https:\/\/life-green-sheep.eu\/es\/author\/untangledwebl\/"},"rttpg_comment":0,"rttpg_category":" <a href=\"https:\/\/life-green-sheep.eu\/es\/?taxonomy=translation_priority&#038;term=opcional\" rel=\"tag\">Opcional<\/a>","rttpg_excerpt":"[vc_row][vc_column][\/vc_column][\/vc_row][vc_row css_animation=\u00bbfadeIn\u00bb bg_type=\u00bbbg_color\u00bb bg_color_value=\u00bb#d8e1d6&#8243;][vc_column width=\u00bb5\/6&#8243;][vc_column_text] LIFE GREEN SHEEP: por una ganader\u00eda ovina sostenible y con bajas emisiones de carbono 1er Webinar de la UE Programa de este seminario web &#8211; Implantaci\u00f3n de la agricultura del carbono en Europa &#8211; Presentaci\u00f3n general del proyecto LIFE Green Sheep &#8211; ACV simplificado en la ganader\u00eda ovina: comparaci\u00f3n de&hellip;","_links":{"self":[{"href":"https:\/\/life-green-sheep.eu\/es\/wp-json\/wp\/v2\/pages\/12925","targetHints":{"allow":["GET"]}}],"collection":[{"href":"https:\/\/life-green-sheep.eu\/es\/wp-json\/wp\/v2\/pages"}],"about":[{"href":"https:\/\/life-green-sheep.eu\/es\/wp-json\/wp\/v2\/types\/page"}],"author":[{"embeddable":true,"href":"https:\/\/life-green-sheep.eu\/es\/wp-json\/wp\/v2\/users\/2"}],"replies":[{"embeddable":true,"href":"https:\/\/life-green-sheep.eu\/es\/wp-json\/wp\/v2\/comments?post=12925"}],"version-history":[{"count":22,"href":"https:\/\/life-green-sheep.eu\/es\/wp-json\/wp\/v2\/pages\/12925\/revisions"}],"predecessor-version":[{"id":14913,"href":"https:\/\/life-green-sheep.eu\/es\/wp-json\/wp\/v2\/pages\/12925\/revisions\/14913"}],"wp:attachment":[{"href":"https:\/\/life-green-sheep.eu\/es\/wp-json\/wp\/v2\/media?parent=12925"}],"curies":[{"name":"wp","href":"https:\/\/api.w.org\/{rel}","templated":true}]}}