{"id":12938,"date":"2022-09-29T07:56:07","date_gmt":"2022-09-29T07:56:07","guid":{"rendered":"https:\/\/life-green-sheep.eu\/testimonials\/"},"modified":"2022-11-25T11:23:36","modified_gmt":"2022-11-25T11:23:36","slug":"testimonials","status":"publish","type":"page","link":"https:\/\/life-green-sheep.eu\/es\/testimonials\/","title":{"rendered":"Testimonios"},"content":{"rendered":"<div class=\"wpb-content-wrapper\"><p>[vc_row][vc_column]<div class=\"ult-spacer spacer-69e10afb5713d\" data-id=\"69e10afb5713d\" data-height=\"40\" data-height-mobile=\"20\" data-height-tab=\"30\" data-height-tab-portrait=\"30\" data-height-mobile-landscape=\"20\" style=\"clear:both;display:block;\"><\/div>[\/vc_column][\/vc_row][vc_row css_animation=\u00bbfadeIn\u00bb bg_type=\u00bbbg_color\u00bb bg_color_value=\u00bb#d8e1d6&#8243;][vc_column][vc_column_text]<style type='text\/css' media='all'>#rt-tpg-container-2066674167 .rt-holder .rt-woo-info .price{color:#6eaf60;}body .rt-tpg-container .rt-tpg-isotope-buttons .selected,\n\t\t\t\t\t#rt-tpg-container-2066674167 .layout12 .rt-holder:hover .rt-detail,\n\t\t\t\t\t#rt-tpg-container-2066674167 .isotope8 .rt-holder:hover .rt-detail,\n\t\t\t\t\t#rt-tpg-container-2066674167 .carousel8 .rt-holder:hover .rt-detail,\n\t\t\t\t\t#rt-tpg-container-2066674167 .layout13 .rt-holder .overlay .post-info,\n\t\t\t\t\t#rt-tpg-container-2066674167 .isotope9 .rt-holder .overlay .post-info,\n\t\t\t\t\t#rt-tpg-container-2066674167.rt-tpg-container .layout4 .rt-holder .rt-detail,\n\t\t\t\t\t.rt-modal-2066674167 .md-content,\n\t\t\t\t\t.rt-modal-2066674167 .md-content > .rt-md-content-holder .rt-md-content,\n\t\t\t\t\t.rt-popup-wrap-2066674167.rt-popup-wrap .rt-popup-navigation-wrap,\n\t\t\t\t\t#rt-tpg-container-2066674167 .carousel9 .rt-holder .overlay .post-info{background-color:#6eaf60;}#rt-tpg-container-2066674167 .layout5 .rt-holder .overlay, #rt-tpg-container-2066674167 .isotope2 .rt-holder .overlay, #rt-tpg-container-2066674167 .carousel2 .rt-holder .overlay,#rt-tpg-container-2066674167 .layout15 .rt-holder h3, #rt-tpg-container-2066674167 .isotope11 .rt-holder h3, #rt-tpg-container-2066674167 .carousel11 .rt-holder h3, #rt-tpg-container-2066674167 .layout16 .rt-holder h3,\n\t\t\t\t\t#rt-tpg-container-2066674167 .isotope12 .rt-holder h3, #rt-tpg-container-2066674167 .carousel12 .rt-holder h3 {background-color:rgba(110,175,96,0.1);}#rt-tpg-container-2066674167 .read-more a{border-radius:px;}#rt-tpg-container-2066674167.rt-tpg-container {margin:20px 20px 20px 20px;}#rt-tpg-container-2066674167.rt-tpg-container {padding:20px 20px 20px 20px;}#rt-tpg-container-2066674167 .rt-img-holder img.rt-img-responsive,#rt-tpg-container-2066674167 .rt-img-holder,\n\t\t\t\t\t#rt-tpg-container-2066674167 .rt-post-overlay .post-img,\n\t\t\t\t\t#rt-tpg-container-2066674167 .post-sm .post-img,\n\t\t\t\t\t#rt-tpg-container-2066674167 .rt-post-grid .post-img,\n\t\t\t\t\t#rt-tpg-container-2066674167 .post-img img {border-radius:px;}<\/style><div class='rt-container-fluid rt-tpg-container tpg-shortcode-main-wrapper ' id='rt-tpg-container-2066674167'   data-layout='layout12' data-grid-style='even' data-desktop-col='2'  data-tab-col='2'  data-mobile-col='1' data-sc-id='10672'><div data-title='Loading ...' class='rt-row rt-content-loader   layout12 tpg-even '><div class=\"rt-col-md-6 rt-col-sm-6 rt-col-xs-12 even-grid-item rt-grid-item\" data-id=\"17008\"><div class=\"rt-holder\"><div class=\"rt-img-holder\"><a data-id='17008' class='' href='https:\/\/life-green-sheep.eu\/es\/eu-steering-committee-in-ireland\/'><img loading=\"lazy\" decoding=\"async\" width=\"590\" height=\"332\" src=\"https:\/\/life-green-sheep.eu\/wp-content\/uploads\/2025\/12\/514670500_740075385371019_591449288974591384_n-1.jpg\" class=\"rt-img-responsive \" alt=\"\" srcset=\"https:\/\/life-green-sheep.eu\/wp-content\/uploads\/2025\/12\/514670500_740075385371019_591449288974591384_n-1.jpg 590w, https:\/\/life-green-sheep.eu\/wp-content\/uploads\/2025\/12\/514670500_740075385371019_591449288974591384_n-1-300x169.jpg 300w, https:\/\/life-green-sheep.eu\/wp-content\/uploads\/2025\/12\/514670500_740075385371019_591449288974591384_n-1-540x304.jpg 540w, https:\/\/life-green-sheep.eu\/wp-content\/uploads\/2025\/12\/514670500_740075385371019_591449288974591384_n-1-128x72.jpg 128w\" sizes=\"auto, (max-width: 590px) 100vw, 590px\" \/><\/a><\/div> <div class='rt-detail'><h3 class=\"entry-title\"><a data-id=\"17008\" class=\"\" href=\"https:\/\/life-green-sheep.eu\/es\/eu-steering-committee-in-ireland\/\">EU Steering committee in Ireland<\/a><\/h3><div class='tpg-excerpt'>EU steering committee in Ireland for the #lifegreensheep project Discussion about tools comparaison to get...<\/div><div class='post-meta '><span class='read-more'><a data-id='17008' class='' href='https:\/\/life-green-sheep.eu\/es\/eu-steering-committee-in-ireland\/'>Read More<\/a><\/span><\/div><\/div><\/div><\/div><div class=\"rt-col-md-6 rt-col-sm-6 rt-col-xs-12 even-grid-item rt-grid-item\" data-id=\"17046\"><div class=\"rt-holder\"><div class=\"rt-img-holder\"><a data-id='17046' class='' href='https:\/\/life-green-sheep.eu\/es\/are-low-carbon-farm-as-sustainable-as-others-results-to-a-recent-study-based-on-life-green-sheep-at-76th-eaap-in-austria\/'><img loading=\"lazy\" decoding=\"async\" width=\"1600\" height=\"901\" src=\"https:\/\/life-green-sheep.eu\/wp-content\/uploads\/2025\/12\/IMG-20250828-WA0005.jpg\" class=\"rt-img-responsive \" alt=\"\" srcset=\"https:\/\/life-green-sheep.eu\/wp-content\/uploads\/2025\/12\/IMG-20250828-WA0005.jpg 1600w, https:\/\/life-green-sheep.eu\/wp-content\/uploads\/2025\/12\/IMG-20250828-WA0005-300x169.jpg 300w, https:\/\/life-green-sheep.eu\/wp-content\/uploads\/2025\/12\/IMG-20250828-WA0005-1024x577.jpg 1024w, https:\/\/life-green-sheep.eu\/wp-content\/uploads\/2025\/12\/IMG-20250828-WA0005-768x432.jpg 768w, https:\/\/life-green-sheep.eu\/wp-content\/uploads\/2025\/12\/IMG-20250828-WA0005-1536x865.jpg 1536w, https:\/\/life-green-sheep.eu\/wp-content\/uploads\/2025\/12\/IMG-20250828-WA0005-750x422.jpg 750w, https:\/\/life-green-sheep.eu\/wp-content\/uploads\/2025\/12\/IMG-20250828-WA0005-540x304.jpg 540w, https:\/\/life-green-sheep.eu\/wp-content\/uploads\/2025\/12\/IMG-20250828-WA0005-128x72.jpg 128w\" sizes=\"auto, (max-width: 1600px) 100vw, 1600px\" \/><\/a><\/div> <div class='rt-detail'><h3 class=\"entry-title\"><a data-id=\"17046\" class=\"\" href=\"https:\/\/life-green-sheep.eu\/es\/are-low-carbon-farm-as-sustainable-as-others-results-to-a-recent-study-based-on-life-green-sheep-at-76th-eaap-in-austria\/\">\u00bfSon las granjas con bajas emisiones de carbono tan sostenibles como las dem\u00e1s? Resultados de un estudio reciente basado en Life Green Sheep en la 76\u00aa EAAP en Austria<\/a><\/h3><div class='tpg-excerpt'>\u00bfSon las granjas con bajas emisiones de carbono tan sostenibles como las dem\u00e1s? Elisabeth Castellan...<\/div><div class='post-meta '><span class='read-more'><a data-id='17046' class='' href='https:\/\/life-green-sheep.eu\/es\/are-low-carbon-farm-as-sustainable-as-others-results-to-a-recent-study-based-on-life-green-sheep-at-76th-eaap-in-austria\/'>Read More<\/a><\/span><\/div><\/div><\/div><\/div><div class=\"rt-col-md-6 rt-col-sm-6 rt-col-xs-12 even-grid-item rt-grid-item\" data-id=\"17043\"><div class=\"rt-holder\"><div class=\"rt-img-holder\"><a data-id='17043' class='' href='https:\/\/life-green-sheep.eu\/es\/la-testimonianza-di-michela-dessi\/'><img loading=\"lazy\" decoding=\"async\" width=\"600\" height=\"541\" src=\"https:\/\/life-green-sheep.eu\/wp-content\/uploads\/2025\/11\/Michela-dessi.jpg\" class=\"rt-img-responsive \" alt=\"\" srcset=\"https:\/\/life-green-sheep.eu\/wp-content\/uploads\/2025\/11\/Michela-dessi.jpg 600w, https:\/\/life-green-sheep.eu\/wp-content\/uploads\/2025\/11\/Michela-dessi-300x271.jpg 300w, https:\/\/life-green-sheep.eu\/wp-content\/uploads\/2025\/11\/Michela-dessi-540x487.jpg 540w\" sizes=\"auto, (max-width: 600px) 100vw, 600px\" \/><\/a><\/div> <div class='rt-detail'><h3 class=\"entry-title\"><a data-id=\"17043\" class=\"\" href=\"https:\/\/life-green-sheep.eu\/es\/la-testimonianza-di-michela-dessi\/\">Testimonio de Michela Dessi, Italia<\/a><\/h3><div class='tpg-excerpt'>Hoy nos trasladamos al sur de Cerde\u00f1a, a una zona particularmente evocadora por su paisaje...<\/div><div class='post-meta '><span class='read-more'><a data-id='17043' class='' href='https:\/\/life-green-sheep.eu\/es\/la-testimonianza-di-michela-dessi\/'>Read More<\/a><\/span><\/div><\/div><\/div><\/div><div class=\"rt-col-md-6 rt-col-sm-6 rt-col-xs-12 even-grid-item rt-grid-item\" data-id=\"16911\"><div class=\"rt-holder\"><div class=\"rt-img-holder\"><a data-id='16911' class='' href='https:\/\/life-green-sheep.eu\/es\/el-testimonio-de-uxue-sarriegi\/'><img loading=\"lazy\" decoding=\"async\" width=\"573\" height=\"731\" src=\"https:\/\/life-green-sheep.eu\/wp-content\/uploads\/2025\/11\/Uxue-Sarriegi.jpg\" class=\"rt-img-responsive \" alt=\"\" srcset=\"https:\/\/life-green-sheep.eu\/wp-content\/uploads\/2025\/11\/Uxue-Sarriegi.jpg 573w, https:\/\/life-green-sheep.eu\/wp-content\/uploads\/2025\/11\/Uxue-Sarriegi-235x300.jpg 235w, https:\/\/life-green-sheep.eu\/wp-content\/uploads\/2025\/11\/Uxue-Sarriegi-540x689.jpg 540w\" sizes=\"auto, (max-width: 573px) 100vw, 573px\" \/><\/a><\/div> <div class='rt-detail'><h3 class=\"entry-title\"><a data-id=\"16911\" class=\"\" href=\"https:\/\/life-green-sheep.eu\/es\/el-testimonio-de-uxue-sarriegi\/\">El testimonio de Uxue Sarriegi, asesora en Lurgintza, Gipuzkoa, Espa\u00f1a<\/a><\/h3><div class='tpg-excerpt'>Uxue Sarriegi, t\u00e9cnica de la Cooperativa Agr\u00edcola Lurgintza de Gipuzkoa (Pa\u00eds Vasco, Espa\u00f1a), lleva varios...<\/div><div class='post-meta '><span class='read-more'><a data-id='16911' class='' href='https:\/\/life-green-sheep.eu\/es\/el-testimonio-de-uxue-sarriegi\/'>Read More<\/a><\/span><\/div><\/div><\/div><\/div><div class=\"rt-col-md-6 rt-col-sm-6 rt-col-xs-12 even-grid-item rt-grid-item\" data-id=\"15295\"><div class=\"rt-holder\"><div class=\"rt-img-holder\"><a data-id='15295' class='' href='https:\/\/life-green-sheep.eu\/es\/two-video-testimonial-of-life-green-sheep-french-farmers\/'><img loading=\"lazy\" decoding=\"async\" width=\"973\" height=\"1103\" src=\"https:\/\/life-green-sheep.eu\/wp-content\/uploads\/2023\/09\/video-1.jpg\" class=\"rt-img-responsive \" alt=\"\" srcset=\"https:\/\/life-green-sheep.eu\/wp-content\/uploads\/2023\/09\/video-1.jpg 973w, https:\/\/life-green-sheep.eu\/wp-content\/uploads\/2023\/09\/video-1-265x300.jpg 265w, https:\/\/life-green-sheep.eu\/wp-content\/uploads\/2023\/09\/video-1-903x1024.jpg 903w, https:\/\/life-green-sheep.eu\/wp-content\/uploads\/2023\/09\/video-1-768x871.jpg 768w, https:\/\/life-green-sheep.eu\/wp-content\/uploads\/2023\/09\/video-1-750x850.jpg 750w, https:\/\/life-green-sheep.eu\/wp-content\/uploads\/2023\/09\/video-1-540x612.jpg 540w\" sizes=\"auto, (max-width: 973px) 100vw, 973px\" \/><\/a><\/div> <div class='rt-detail'><h3 class=\"entry-title\"><a data-id=\"15295\" class=\"\" href=\"https:\/\/life-green-sheep.eu\/es\/two-video-testimonial-of-life-green-sheep-french-farmers\/\">Dos v\u00eddeos testimoniales de los ganaderos franceses de Life Green Sheep<\/a><\/h3><div class='tpg-excerpt'>Este verano se grabaron dos v\u00eddeos en colaboraci\u00f3n con el grupo de prensa R\u00e9ussir para...<\/div><div class='post-meta '><span class='read-more'><a data-id='15295' class='' href='https:\/\/life-green-sheep.eu\/es\/two-video-testimonial-of-life-green-sheep-french-farmers\/'>Read More<\/a><\/span><\/div><\/div><\/div><\/div><div class=\"rt-col-md-6 rt-col-sm-6 rt-col-xs-12 even-grid-item rt-grid-item\" data-id=\"16871\"><div class=\"rt-holder\"><div class=\"rt-img-holder\"><a data-id='16871' class='' href='https:\/\/life-green-sheep.eu\/es\/promoting-innovation-in-a-traditional-farm\/'><img loading=\"lazy\" decoding=\"async\" width=\"850\" height=\"478\" src=\"https:\/\/life-green-sheep.eu\/wp-content\/uploads\/2025\/04\/Borda-Berri.png\" class=\"rt-img-responsive \" alt=\"\" srcset=\"https:\/\/life-green-sheep.eu\/wp-content\/uploads\/2025\/04\/Borda-Berri.png 850w, https:\/\/life-green-sheep.eu\/wp-content\/uploads\/2025\/04\/Borda-Berri-300x169.png 300w, https:\/\/life-green-sheep.eu\/wp-content\/uploads\/2025\/04\/Borda-Berri-768x432.png 768w, https:\/\/life-green-sheep.eu\/wp-content\/uploads\/2025\/04\/Borda-Berri-750x422.png 750w, https:\/\/life-green-sheep.eu\/wp-content\/uploads\/2025\/04\/Borda-Berri-540x304.png 540w, https:\/\/life-green-sheep.eu\/wp-content\/uploads\/2025\/04\/Borda-Berri-128x72.png 128w\" sizes=\"auto, (max-width: 850px) 100vw, 850px\" \/><\/a><\/div> <div class='rt-detail'><h3 class=\"entry-title\"><a data-id=\"16871\" class=\"\" href=\"https:\/\/life-green-sheep.eu\/es\/promoting-innovation-in-a-traditional-farm\/\">Promoviendo la innovaci\u00f3n en un reba\u00f1o tradicional de raza Latxa: la ganader\u00eda de Iker Sukia<\/a><\/h3><div class='tpg-excerpt'>Iker Sukia gestiona el reba\u00f1o heredado de sus padres y produce y comercializa queso Idiazabal...<\/div><div class='post-meta '><span class='read-more'><a data-id='16871' class='' href='https:\/\/life-green-sheep.eu\/es\/promoting-innovation-in-a-traditional-farm\/'>Read More<\/a><\/span><\/div><\/div><\/div><\/div><div class=\"rt-col-md-6 rt-col-sm-6 rt-col-xs-12 even-grid-item rt-grid-item\" data-id=\"16331\"><div class=\"rt-holder\"><div class=\"rt-img-holder\"><a data-id='16331' class='' href='https:\/\/life-green-sheep.eu\/es\/el-testimonio-de-ricardo-miranda-de-la-granja-escuela-las-cortas-de-blas-en-valladolid-espana\/'><img loading=\"lazy\" decoding=\"async\" width=\"677\" height=\"298\" src=\"https:\/\/life-green-sheep.eu\/wp-content\/uploads\/2024\/12\/Las-Cortas-de-Blas-1.png\" class=\"rt-img-responsive \" alt=\"\" srcset=\"https:\/\/life-green-sheep.eu\/wp-content\/uploads\/2024\/12\/Las-Cortas-de-Blas-1.png 677w, https:\/\/life-green-sheep.eu\/wp-content\/uploads\/2024\/12\/Las-Cortas-de-Blas-1-300x132.png 300w, https:\/\/life-green-sheep.eu\/wp-content\/uploads\/2024\/12\/Las-Cortas-de-Blas-1-540x238.png 540w\" sizes=\"auto, (max-width: 677px) 100vw, 677px\" \/><\/a><\/div> <div class='rt-detail'><h3 class=\"entry-title\"><a data-id=\"16331\" class=\"\" href=\"https:\/\/life-green-sheep.eu\/es\/el-testimonio-de-ricardo-miranda-de-la-granja-escuela-las-cortas-de-blas-en-valladolid-espana\/\">El testimonio de Ricardo Miranda de la granja escuela Las Cortas de Blas, en Valladolid, Espa\u00f1a.<\/a><\/h3><div class='tpg-excerpt'>Ricardo Miranda, junto con su familia, dirige la granja escuela \"Las Cortas de Blas\"; situada...<\/div><div class='post-meta '><span class='read-more'><a data-id='16331' class='' href='https:\/\/life-green-sheep.eu\/es\/el-testimonio-de-ricardo-miranda-de-la-granja-escuela-las-cortas-de-blas-en-valladolid-espana\/'>Read More<\/a><\/span><\/div><\/div><\/div><\/div><div class=\"rt-col-md-6 rt-col-sm-6 rt-col-xs-12 even-grid-item rt-grid-item\" data-id=\"16530\"><div class=\"rt-holder\"><div class=\"rt-img-holder\"><a data-id='16530' class='' href='https:\/\/life-green-sheep.eu\/es\/open-day-en-cerdena-organizado-por-laore\/'><img loading=\"lazy\" decoding=\"async\" width=\"2560\" height=\"1152\" src=\"https:\/\/life-green-sheep.eu\/wp-content\/uploads\/2025\/03\/IMG_20250312_113634new-scaled.jpg\" class=\"rt-img-responsive \" alt=\"\" srcset=\"https:\/\/life-green-sheep.eu\/wp-content\/uploads\/2025\/03\/IMG_20250312_113634new-scaled.jpg 2560w, https:\/\/life-green-sheep.eu\/wp-content\/uploads\/2025\/03\/IMG_20250312_113634new-300x135.jpg 300w, https:\/\/life-green-sheep.eu\/wp-content\/uploads\/2025\/03\/IMG_20250312_113634new-1024x461.jpg 1024w, https:\/\/life-green-sheep.eu\/wp-content\/uploads\/2025\/03\/IMG_20250312_113634new-768x346.jpg 768w, https:\/\/life-green-sheep.eu\/wp-content\/uploads\/2025\/03\/IMG_20250312_113634new-1536x691.jpg 1536w, https:\/\/life-green-sheep.eu\/wp-content\/uploads\/2025\/03\/IMG_20250312_113634new-2048x922.jpg 2048w, https:\/\/life-green-sheep.eu\/wp-content\/uploads\/2025\/03\/IMG_20250312_113634new-750x338.jpg 750w, https:\/\/life-green-sheep.eu\/wp-content\/uploads\/2025\/03\/IMG_20250312_113634new-540x243.jpg 540w\" sizes=\"auto, (max-width: 2560px) 100vw, 2560px\" \/><\/a><\/div> <div class='rt-detail'><h3 class=\"entry-title\"><a data-id=\"16530\" class=\"\" href=\"https:\/\/life-green-sheep.eu\/es\/open-day-en-cerdena-organizado-por-laore\/\">Jornada de Puertas Abiertas en Cerde\u00f1a organizada por Laore<\/a><\/h3><div class='tpg-excerpt'>El 12 de marzo de 2025 se celebr\u00f3 en Pauli Arbarei (Provincia de Cerde\u00f1a Meridional...<\/div><div class='post-meta '><span class='read-more'><a data-id='16530' class='' href='https:\/\/life-green-sheep.eu\/es\/open-day-en-cerdena-organizado-por-laore\/'>Read More<\/a><\/span><\/div><\/div><\/div><\/div><div class=\"rt-col-md-6 rt-col-sm-6 rt-col-xs-12 even-grid-item rt-grid-item\" data-id=\"16529\"><div class=\"rt-holder\"><div class=\"rt-img-holder\"><a data-id='16529' class='' href='https:\/\/life-green-sheep.eu\/es\/el-testimonio-de-roberta-manconi-cerdena\/'><img loading=\"lazy\" decoding=\"async\" width=\"1016\" height=\"630\" src=\"https:\/\/life-green-sheep.eu\/wp-content\/uploads\/2025\/02\/ROBERTA.jpg\" class=\"rt-img-responsive \" alt=\"\" srcset=\"https:\/\/life-green-sheep.eu\/wp-content\/uploads\/2025\/02\/ROBERTA.jpg 1016w, https:\/\/life-green-sheep.eu\/wp-content\/uploads\/2025\/02\/ROBERTA-300x186.jpg 300w, https:\/\/life-green-sheep.eu\/wp-content\/uploads\/2025\/02\/ROBERTA-768x476.jpg 768w, https:\/\/life-green-sheep.eu\/wp-content\/uploads\/2025\/02\/ROBERTA-750x465.jpg 750w, https:\/\/life-green-sheep.eu\/wp-content\/uploads\/2025\/02\/ROBERTA-540x335.jpg 540w\" sizes=\"auto, (max-width: 1016px) 100vw, 1016px\" \/><\/a><\/div> <div class='rt-detail'><h3 class=\"entry-title\"><a data-id=\"16529\" class=\"\" href=\"https:\/\/life-green-sheep.eu\/es\/el-testimonio-de-roberta-manconi-cerdena\/\">El testimonio de Roberta Manconi, ganadera sarda<\/a><\/h3><div class='tpg-excerpt'>Entre los protagonistas de Greensheep hoy nos encontramos con Roberta Manconi, una joven ganadera sarda...<\/div><div class='post-meta '><span class='read-more'><a data-id='16529' class='' href='https:\/\/life-green-sheep.eu\/es\/el-testimonio-de-roberta-manconi-cerdena\/'>Read More<\/a><\/span><\/div><\/div><\/div><\/div><div class=\"rt-col-md-6 rt-col-sm-6 rt-col-xs-12 even-grid-item rt-grid-item\" data-id=\"16524\"><div class=\"rt-holder\"><div class=\"rt-img-holder\"><a data-id='16524' class='' href='https:\/\/life-green-sheep.eu\/es\/video-dans-l-allier-polyculture-elevage\/'><img loading=\"lazy\" decoding=\"async\" width=\"1917\" height=\"1076\" src=\"https:\/\/life-green-sheep.eu\/wp-content\/uploads\/2024\/12\/image-video.jpg\" class=\"rt-img-responsive \" alt=\"\" srcset=\"https:\/\/life-green-sheep.eu\/wp-content\/uploads\/2024\/12\/image-video.jpg 1917w, https:\/\/life-green-sheep.eu\/wp-content\/uploads\/2024\/12\/image-video-300x168.jpg 300w, https:\/\/life-green-sheep.eu\/wp-content\/uploads\/2024\/12\/image-video-1024x575.jpg 1024w, https:\/\/life-green-sheep.eu\/wp-content\/uploads\/2024\/12\/image-video-768x431.jpg 768w, https:\/\/life-green-sheep.eu\/wp-content\/uploads\/2024\/12\/image-video-1536x862.jpg 1536w, https:\/\/life-green-sheep.eu\/wp-content\/uploads\/2024\/12\/image-video-750x421.jpg 750w, https:\/\/life-green-sheep.eu\/wp-content\/uploads\/2024\/12\/image-video-540x303.jpg 540w, https:\/\/life-green-sheep.eu\/wp-content\/uploads\/2024\/12\/image-video-128x72.jpg 128w\" sizes=\"auto, (max-width: 1917px) 100vw, 1917px\" \/><\/a><\/div> <div class='rt-detail'><h3 class=\"entry-title\"><a data-id=\"16524\" class=\"\" href=\"https:\/\/life-green-sheep.eu\/es\/video-dans-l-allier-polyculture-elevage\/\">Nuevo v\u00eddeo grabado en un reba\u00f1o innovador de Francia<\/a><\/h3><div class='tpg-excerpt'>El proyecto Life GREEN SHEEP ofrece a los ganaderos soluciones concretas para reducir considerablemente su...<\/div><div class='post-meta '><span class='read-more'><a data-id='16524' class='' href='https:\/\/life-green-sheep.eu\/es\/video-dans-l-allier-polyculture-elevage\/'>Read More<\/a><\/span><\/div><\/div><\/div><\/div><\/div><div class='rt-pagination-wrap' data-total-pages='4' data-posts-per-page='10' data-type='pagination'  ><div class=\"rt-pagination\" ><ul class=\"pagination-list\"><li class=\"active\"><span>1<\/span><\/li><li><a data-paged='2' href='https:\/\/life-green-sheep.eu\/es\/wp-json\/wp\/v2\/pages\/12938\/page\/2\/'>2<\/a><\/li><li><a data-paged='3' href='https:\/\/life-green-sheep.eu\/es\/wp-json\/wp\/v2\/pages\/12938\/page\/3\/'>3<\/a><\/li><li><a data-paged='4' href='https:\/\/life-green-sheep.eu\/es\/wp-json\/wp\/v2\/pages\/12938\/page\/4\/'>4<\/a><\/li><\/ul><\/div><\/div><\/div>[\/vc_column_text][\/vc_column][\/vc_row]<\/p>\n<\/div>","protected":false},"excerpt":{"rendered":"<p>[vc_row][vc_column][\/vc_column][\/vc_row][vc_row css_animation=\u00bbfadeIn\u00bb bg_type=\u00bbbg_color\u00bb bg_color_value=\u00bb#d8e1d6&#8243;][vc_column][vc_column_text][\/vc_column_text][\/vc_column][\/vc_row]<\/p>\n","protected":false},"author":2,"featured_media":0,"parent":0,"menu_order":0,"comment_status":"closed","ping_status":"closed","template":"","meta":{"_bbp_topic_count":0,"_bbp_reply_count":0,"_bbp_total_topic_count":0,"_bbp_total_reply_count":0,"_bbp_voice_count":0,"_bbp_anonymous_reply_count":0,"_bbp_topic_count_hidden":0,"_bbp_reply_count_hidden":0,"_bbp_forum_subforum_count":0,"footnotes":""},"class_list":["post-12938","page","type-page","status-publish","hentry"],"rttpg_featured_image_url":null,"rttpg_author":{"display_name":"Untangled Web Support","author_link":"https:\/\/life-green-sheep.eu\/es\/author\/untangledwebl\/"},"rttpg_comment":0,"rttpg_category":"","rttpg_excerpt":"[vc_row][vc_column][\/vc_column][\/vc_row][vc_row css_animation=\u00bbfadeIn\u00bb bg_type=\u00bbbg_color\u00bb bg_color_value=\u00bb#d8e1d6&#8243;][vc_column][vc_column_text][\/vc_column_text][\/vc_column][\/vc_row]","_links":{"self":[{"href":"https:\/\/life-green-sheep.eu\/es\/wp-json\/wp\/v2\/pages\/12938","targetHints":{"allow":["GET"]}}],"collection":[{"href":"https:\/\/life-green-sheep.eu\/es\/wp-json\/wp\/v2\/pages"}],"about":[{"href":"https:\/\/life-green-sheep.eu\/es\/wp-json\/wp\/v2\/types\/page"}],"author":[{"embeddable":true,"href":"https:\/\/life-green-sheep.eu\/es\/wp-json\/wp\/v2\/users\/2"}],"replies":[{"embeddable":true,"href":"https:\/\/life-green-sheep.eu\/es\/wp-json\/wp\/v2\/comments?post=12938"}],"version-history":[{"count":15,"href":"https:\/\/life-green-sheep.eu\/es\/wp-json\/wp\/v2\/pages\/12938\/revisions"}],"predecessor-version":[{"id":13288,"href":"https:\/\/life-green-sheep.eu\/es\/wp-json\/wp\/v2\/pages\/12938\/revisions\/13288"}],"wp:attachment":[{"href":"https:\/\/life-green-sheep.eu\/es\/wp-json\/wp\/v2\/media?parent=12938"}],"curies":[{"name":"wp","href":"https:\/\/api.w.org\/{rel}","templated":true}]}}