{"id":12947,"date":"2022-09-29T08:04:34","date_gmt":"2022-09-29T08:04:34","guid":{"rendered":"https:\/\/life-green-sheep.eu\/noticias\/"},"modified":"2023-03-28T13:38:56","modified_gmt":"2023-03-28T13:38:56","slug":"noticias","status":"publish","type":"page","link":"https:\/\/life-green-sheep.eu\/es\/noticias\/","title":{"rendered":"Noticias"},"content":{"rendered":"<div class=\"wpb-content-wrapper\"><p>[vc_row][vc_column]<div class=\"ult-spacer spacer-69d279ef0afbf\" data-id=\"69d279ef0afbf\" data-height=\"40\" data-height-mobile=\"20\" data-height-tab=\"30\" data-height-tab-portrait=\"30\" data-height-mobile-landscape=\"20\" style=\"clear:both;display:block;\"><\/div>[\/vc_column][\/vc_row][vc_row css_animation=\u00bbfadeIn\u00bb bg_type=\u00bbbg_color\u00bb bg_color_value=\u00bb#d8e1d6&#8243;][vc_column][vc_column_text]<style type='text\/css' media='all'>#rt-tpg-container-373115371 .rt-holder .rt-woo-info .price{color:#6eaf60;}body .rt-tpg-container .rt-tpg-isotope-buttons .selected,\n\t\t\t\t\t#rt-tpg-container-373115371 .layout12 .rt-holder:hover .rt-detail,\n\t\t\t\t\t#rt-tpg-container-373115371 .isotope8 .rt-holder:hover .rt-detail,\n\t\t\t\t\t#rt-tpg-container-373115371 .carousel8 .rt-holder:hover .rt-detail,\n\t\t\t\t\t#rt-tpg-container-373115371 .layout13 .rt-holder .overlay .post-info,\n\t\t\t\t\t#rt-tpg-container-373115371 .isotope9 .rt-holder .overlay .post-info,\n\t\t\t\t\t#rt-tpg-container-373115371.rt-tpg-container .layout4 .rt-holder .rt-detail,\n\t\t\t\t\t.rt-modal-373115371 .md-content,\n\t\t\t\t\t.rt-modal-373115371 .md-content > .rt-md-content-holder .rt-md-content,\n\t\t\t\t\t.rt-popup-wrap-373115371.rt-popup-wrap .rt-popup-navigation-wrap,\n\t\t\t\t\t#rt-tpg-container-373115371 .carousel9 .rt-holder .overlay .post-info{background-color:#6eaf60;}#rt-tpg-container-373115371 .layout5 .rt-holder .overlay, #rt-tpg-container-373115371 .isotope2 .rt-holder .overlay, #rt-tpg-container-373115371 .carousel2 .rt-holder .overlay,#rt-tpg-container-373115371 .layout15 .rt-holder h3, #rt-tpg-container-373115371 .isotope11 .rt-holder h3, #rt-tpg-container-373115371 .carousel11 .rt-holder h3, #rt-tpg-container-373115371 .layout16 .rt-holder h3,\n\t\t\t\t\t#rt-tpg-container-373115371 .isotope12 .rt-holder h3, #rt-tpg-container-373115371 .carousel12 .rt-holder h3 {background-color:rgba(110,175,96,0.1);}#rt-tpg-container-373115371 .read-more a{border-radius:px;}#rt-tpg-container-373115371.rt-tpg-container {margin:20px 20px 20px 20px;}#rt-tpg-container-373115371.rt-tpg-container {padding:20px 20px 20px 20px;}#rt-tpg-container-373115371 .rt-img-holder img.rt-img-responsive,#rt-tpg-container-373115371 .rt-img-holder,\n\t\t\t\t\t#rt-tpg-container-373115371 .rt-post-overlay .post-img,\n\t\t\t\t\t#rt-tpg-container-373115371 .post-sm .post-img,\n\t\t\t\t\t#rt-tpg-container-373115371 .rt-post-grid .post-img,\n\t\t\t\t\t#rt-tpg-container-373115371 .post-img img {border-radius:px;}<\/style><div class='rt-container-fluid rt-tpg-container tpg-shortcode-main-wrapper ' id='rt-tpg-container-373115371'   data-layout='layout12' data-grid-style='even' data-desktop-col='2'  data-tab-col='2'  data-mobile-col='1' data-sc-id='10675'><div class='rt-layout-filter-container rt-clear'><div class='rt-filter-wrap'><div class='rt-filter-item-wrap rt-tax-filter rt-filter-button-wrap' data-taxonomy='category'><span class='term-button-item rt-filter-button-item  selected' data-term='all'>All<\/span><\/div><\/div><\/div><div data-title='Loading ...' class='rt-row rt-content-loader   layout12 tpg-even '><div class=\"rt-col-md-6 rt-col-sm-6 rt-col-xs-12 even-grid-item rt-grid-item\" data-id=\"17059\"><div class=\"rt-holder\"><div class=\"rt-img-holder\"><a data-id='17059' class='' href='https:\/\/life-green-sheep.eu\/es\/eu-life-green-sheep-webinar-feedbacks\/'><img loading=\"lazy\" decoding=\"async\" width=\"1853\" height=\"889\" src=\"https:\/\/life-green-sheep.eu\/wp-content\/uploads\/2026\/01\/webinaire.jpg\" class=\"rt-img-responsive \" alt=\"\" srcset=\"https:\/\/life-green-sheep.eu\/wp-content\/uploads\/2026\/01\/webinaire.jpg 1853w, https:\/\/life-green-sheep.eu\/wp-content\/uploads\/2026\/01\/webinaire-300x144.jpg 300w, https:\/\/life-green-sheep.eu\/wp-content\/uploads\/2026\/01\/webinaire-1024x491.jpg 1024w, https:\/\/life-green-sheep.eu\/wp-content\/uploads\/2026\/01\/webinaire-768x368.jpg 768w, https:\/\/life-green-sheep.eu\/wp-content\/uploads\/2026\/01\/webinaire-1536x737.jpg 1536w, https:\/\/life-green-sheep.eu\/wp-content\/uploads\/2026\/01\/webinaire-750x360.jpg 750w, https:\/\/life-green-sheep.eu\/wp-content\/uploads\/2026\/01\/webinaire-540x259.jpg 540w\" sizes=\"auto, (max-width: 1853px) 100vw, 1853px\" \/><\/a><\/div> <div class='rt-detail'><h3 class=\"entry-title\"><a data-id=\"17059\" class=\"\" href=\"https:\/\/life-green-sheep.eu\/es\/eu-life-green-sheep-webinar-feedbacks\/\">A webinar to discover two Low-Carbon and Sustainable Sheep Farms in Italy and Romania<\/a><\/h3><div class='tpg-excerpt'>El 20 de enero de 2026, el proyecto europeo LIFE Green Sheep organiz\u00f3 un seminario...<\/div><div class='post-meta '><span class='read-more'><a data-id='17059' class='' href='https:\/\/life-green-sheep.eu\/es\/eu-life-green-sheep-webinar-feedbacks\/'>Read More<\/a><\/span><\/div><\/div><\/div><\/div><div class=\"rt-col-md-6 rt-col-sm-6 rt-col-xs-12 even-grid-item rt-grid-item\" data-id=\"17058\"><div class=\"rt-holder\"><div class='rt-detail'><h3 class=\"entry-title\"><a data-id=\"17058\" class=\"\" href=\"https:\/\/life-green-sheep.eu\/es\/eu-life-green-sheep-webinar-20-01-2026\/\">WEBINAR EU LIFE GREEN SHEEP 20\/01\/2026<\/a><\/h3><div class='tpg-excerpt'>Reserva la fecha El equipo del proyecto LIFE GreenSheep tiene el placer de invitarte al...<\/div><div class='post-meta '><span class='read-more'><a data-id='17058' class='' href='https:\/\/life-green-sheep.eu\/es\/eu-life-green-sheep-webinar-20-01-2026\/'>Read More<\/a><\/span><\/div><\/div><\/div><\/div><div class=\"rt-col-md-6 rt-col-sm-6 rt-col-xs-12 even-grid-item rt-grid-item\" data-id=\"17046\"><div class=\"rt-holder\"><div class=\"rt-img-holder\"><a data-id='17046' class='' href='https:\/\/life-green-sheep.eu\/es\/are-low-carbon-farm-as-sustainable-as-others-results-to-a-recent-study-based-on-life-green-sheep-at-76th-eaap-in-austria\/'><img loading=\"lazy\" decoding=\"async\" width=\"1600\" height=\"901\" src=\"https:\/\/life-green-sheep.eu\/wp-content\/uploads\/2025\/12\/IMG-20250828-WA0005.jpg\" class=\"rt-img-responsive \" alt=\"\" srcset=\"https:\/\/life-green-sheep.eu\/wp-content\/uploads\/2025\/12\/IMG-20250828-WA0005.jpg 1600w, https:\/\/life-green-sheep.eu\/wp-content\/uploads\/2025\/12\/IMG-20250828-WA0005-300x169.jpg 300w, https:\/\/life-green-sheep.eu\/wp-content\/uploads\/2025\/12\/IMG-20250828-WA0005-1024x577.jpg 1024w, https:\/\/life-green-sheep.eu\/wp-content\/uploads\/2025\/12\/IMG-20250828-WA0005-768x432.jpg 768w, https:\/\/life-green-sheep.eu\/wp-content\/uploads\/2025\/12\/IMG-20250828-WA0005-1536x865.jpg 1536w, https:\/\/life-green-sheep.eu\/wp-content\/uploads\/2025\/12\/IMG-20250828-WA0005-750x422.jpg 750w, https:\/\/life-green-sheep.eu\/wp-content\/uploads\/2025\/12\/IMG-20250828-WA0005-540x304.jpg 540w, https:\/\/life-green-sheep.eu\/wp-content\/uploads\/2025\/12\/IMG-20250828-WA0005-128x72.jpg 128w\" sizes=\"auto, (max-width: 1600px) 100vw, 1600px\" \/><\/a><\/div> <div class='rt-detail'><h3 class=\"entry-title\"><a data-id=\"17046\" class=\"\" href=\"https:\/\/life-green-sheep.eu\/es\/are-low-carbon-farm-as-sustainable-as-others-results-to-a-recent-study-based-on-life-green-sheep-at-76th-eaap-in-austria\/\">\u00bfSon las granjas con bajas emisiones de carbono tan sostenibles como las dem\u00e1s? Resultados de un estudio reciente basado en Life Green Sheep en la 76\u00aa EAAP en Austria<\/a><\/h3><div class='tpg-excerpt'>\u00bfSon las granjas con bajas emisiones de carbono tan sostenibles como las dem\u00e1s? Elisabeth Castellan...<\/div><div class='post-meta '><span class='read-more'><a data-id='17046' class='' href='https:\/\/life-green-sheep.eu\/es\/are-low-carbon-farm-as-sustainable-as-others-results-to-a-recent-study-based-on-life-green-sheep-at-76th-eaap-in-austria\/'>Read More<\/a><\/span><\/div><\/div><\/div><\/div><div class=\"rt-col-md-6 rt-col-sm-6 rt-col-xs-12 even-grid-item rt-grid-item\" data-id=\"17008\"><div class=\"rt-holder\"><div class=\"rt-img-holder\"><a data-id='17008' class='' href='https:\/\/life-green-sheep.eu\/es\/eu-steering-committee-in-ireland\/'><img loading=\"lazy\" decoding=\"async\" width=\"590\" height=\"332\" src=\"https:\/\/life-green-sheep.eu\/wp-content\/uploads\/2025\/12\/514670500_740075385371019_591449288974591384_n-1.jpg\" class=\"rt-img-responsive \" alt=\"\" srcset=\"https:\/\/life-green-sheep.eu\/wp-content\/uploads\/2025\/12\/514670500_740075385371019_591449288974591384_n-1.jpg 590w, https:\/\/life-green-sheep.eu\/wp-content\/uploads\/2025\/12\/514670500_740075385371019_591449288974591384_n-1-300x169.jpg 300w, https:\/\/life-green-sheep.eu\/wp-content\/uploads\/2025\/12\/514670500_740075385371019_591449288974591384_n-1-540x304.jpg 540w, https:\/\/life-green-sheep.eu\/wp-content\/uploads\/2025\/12\/514670500_740075385371019_591449288974591384_n-1-128x72.jpg 128w\" sizes=\"auto, (max-width: 590px) 100vw, 590px\" \/><\/a><\/div> <div class='rt-detail'><h3 class=\"entry-title\"><a data-id=\"17008\" class=\"\" href=\"https:\/\/life-green-sheep.eu\/es\/eu-steering-committee-in-ireland\/\">EU Steering committee in Ireland<\/a><\/h3><div class='tpg-excerpt'>EU steering committee in Ireland for the #lifegreensheep project Discussion about tools comparaison to get...<\/div><div class='post-meta '><span class='read-more'><a data-id='17008' class='' href='https:\/\/life-green-sheep.eu\/es\/eu-steering-committee-in-ireland\/'>Read More<\/a><\/span><\/div><\/div><\/div><\/div><div class=\"rt-col-md-6 rt-col-sm-6 rt-col-xs-12 even-grid-item rt-grid-item\" data-id=\"17043\"><div class=\"rt-holder\"><div class=\"rt-img-holder\"><a data-id='17043' class='' href='https:\/\/life-green-sheep.eu\/es\/la-testimonianza-di-michela-dessi\/'><img loading=\"lazy\" decoding=\"async\" width=\"600\" height=\"541\" src=\"https:\/\/life-green-sheep.eu\/wp-content\/uploads\/2025\/11\/Michela-dessi.jpg\" class=\"rt-img-responsive \" alt=\"\" srcset=\"https:\/\/life-green-sheep.eu\/wp-content\/uploads\/2025\/11\/Michela-dessi.jpg 600w, https:\/\/life-green-sheep.eu\/wp-content\/uploads\/2025\/11\/Michela-dessi-300x271.jpg 300w, https:\/\/life-green-sheep.eu\/wp-content\/uploads\/2025\/11\/Michela-dessi-540x487.jpg 540w\" sizes=\"auto, (max-width: 600px) 100vw, 600px\" \/><\/a><\/div> <div class='rt-detail'><h3 class=\"entry-title\"><a data-id=\"17043\" class=\"\" href=\"https:\/\/life-green-sheep.eu\/es\/la-testimonianza-di-michela-dessi\/\">Testimonio de Michela Dessi, Italia<\/a><\/h3><div class='tpg-excerpt'>Hoy nos trasladamos al sur de Cerde\u00f1a, a una zona particularmente evocadora por su paisaje...<\/div><div class='post-meta '><span class='read-more'><a data-id='17043' class='' href='https:\/\/life-green-sheep.eu\/es\/la-testimonianza-di-michela-dessi\/'>Read More<\/a><\/span><\/div><\/div><\/div><\/div><div class=\"rt-col-md-6 rt-col-sm-6 rt-col-xs-12 even-grid-item rt-grid-item\" data-id=\"16920\"><div class=\"rt-holder\"><div class=\"rt-img-holder\"><a data-id='16920' class='' href='https:\/\/life-green-sheep.eu\/es\/itacyl-presenta-en-ovinnova-resultados-del-life-green-sheep-project\/'><img loading=\"lazy\" decoding=\"async\" width=\"1038\" height=\"1379\" src=\"https:\/\/life-green-sheep.eu\/wp-content\/uploads\/2025\/11\/Raul-Bodas-en-OVINNOVA-2025.jpg\" class=\"rt-img-responsive \" alt=\"\" srcset=\"https:\/\/life-green-sheep.eu\/wp-content\/uploads\/2025\/11\/Raul-Bodas-en-OVINNOVA-2025.jpg 1038w, https:\/\/life-green-sheep.eu\/wp-content\/uploads\/2025\/11\/Raul-Bodas-en-OVINNOVA-2025-226x300.jpg 226w, https:\/\/life-green-sheep.eu\/wp-content\/uploads\/2025\/11\/Raul-Bodas-en-OVINNOVA-2025-771x1024.jpg 771w, https:\/\/life-green-sheep.eu\/wp-content\/uploads\/2025\/11\/Raul-Bodas-en-OVINNOVA-2025-768x1020.jpg 768w, https:\/\/life-green-sheep.eu\/wp-content\/uploads\/2025\/11\/Raul-Bodas-en-OVINNOVA-2025-750x996.jpg 750w, https:\/\/life-green-sheep.eu\/wp-content\/uploads\/2025\/11\/Raul-Bodas-en-OVINNOVA-2025-540x717.jpg 540w\" sizes=\"auto, (max-width: 1038px) 100vw, 1038px\" \/><\/a><\/div> <div class='rt-detail'><h3 class=\"entry-title\"><a data-id=\"16920\" class=\"\" href=\"https:\/\/life-green-sheep.eu\/es\/itacyl-presenta-en-ovinnova-resultados-del-life-green-sheep-project\/\">ITACYL presenta en OVINNOVA los resultados del proyecto LIFE GREEN SHEEP<\/a><\/h3><div class='tpg-excerpt'>El Instituto Tecnol\u00f3gico Agrario de Castilla y Le\u00f3n (ITACyL) ha participado una vez m\u00e1s en...<\/div><div class='post-meta '><span class='read-more'><a data-id='16920' class='' href='https:\/\/life-green-sheep.eu\/es\/itacyl-presenta-en-ovinnova-resultados-del-life-green-sheep-project\/'>Read More<\/a><\/span><\/div><\/div><\/div><\/div><div class=\"rt-col-md-6 rt-col-sm-6 rt-col-xs-12 even-grid-item rt-grid-item\" data-id=\"16911\"><div class=\"rt-holder\"><div class=\"rt-img-holder\"><a data-id='16911' class='' href='https:\/\/life-green-sheep.eu\/es\/el-testimonio-de-uxue-sarriegi\/'><img loading=\"lazy\" decoding=\"async\" width=\"573\" height=\"731\" src=\"https:\/\/life-green-sheep.eu\/wp-content\/uploads\/2025\/11\/Uxue-Sarriegi.jpg\" class=\"rt-img-responsive \" alt=\"\" srcset=\"https:\/\/life-green-sheep.eu\/wp-content\/uploads\/2025\/11\/Uxue-Sarriegi.jpg 573w, https:\/\/life-green-sheep.eu\/wp-content\/uploads\/2025\/11\/Uxue-Sarriegi-235x300.jpg 235w, https:\/\/life-green-sheep.eu\/wp-content\/uploads\/2025\/11\/Uxue-Sarriegi-540x689.jpg 540w\" sizes=\"auto, (max-width: 573px) 100vw, 573px\" \/><\/a><\/div> <div class='rt-detail'><h3 class=\"entry-title\"><a data-id=\"16911\" class=\"\" href=\"https:\/\/life-green-sheep.eu\/es\/el-testimonio-de-uxue-sarriegi\/\">El testimonio de Uxue Sarriegi, asesora en Lurgintza, Gipuzkoa, Espa\u00f1a<\/a><\/h3><div class='tpg-excerpt'>Uxue Sarriegi, t\u00e9cnica de la Cooperativa Agr\u00edcola Lurgintza de Gipuzkoa (Pa\u00eds Vasco, Espa\u00f1a), lleva varios...<\/div><div class='post-meta '><span class='read-more'><a data-id='16911' class='' href='https:\/\/life-green-sheep.eu\/es\/el-testimonio-de-uxue-sarriegi\/'>Read More<\/a><\/span><\/div><\/div><\/div><\/div><div class=\"rt-col-md-6 rt-col-sm-6 rt-col-xs-12 even-grid-item rt-grid-item\" data-id=\"16871\"><div class=\"rt-holder\"><div class=\"rt-img-holder\"><a data-id='16871' class='' href='https:\/\/life-green-sheep.eu\/es\/promoting-innovation-in-a-traditional-farm\/'><img loading=\"lazy\" decoding=\"async\" width=\"850\" height=\"478\" src=\"https:\/\/life-green-sheep.eu\/wp-content\/uploads\/2025\/04\/Borda-Berri.png\" class=\"rt-img-responsive \" alt=\"\" srcset=\"https:\/\/life-green-sheep.eu\/wp-content\/uploads\/2025\/04\/Borda-Berri.png 850w, https:\/\/life-green-sheep.eu\/wp-content\/uploads\/2025\/04\/Borda-Berri-300x169.png 300w, https:\/\/life-green-sheep.eu\/wp-content\/uploads\/2025\/04\/Borda-Berri-768x432.png 768w, https:\/\/life-green-sheep.eu\/wp-content\/uploads\/2025\/04\/Borda-Berri-750x422.png 750w, https:\/\/life-green-sheep.eu\/wp-content\/uploads\/2025\/04\/Borda-Berri-540x304.png 540w, https:\/\/life-green-sheep.eu\/wp-content\/uploads\/2025\/04\/Borda-Berri-128x72.png 128w\" sizes=\"auto, (max-width: 850px) 100vw, 850px\" \/><\/a><\/div> <div class='rt-detail'><h3 class=\"entry-title\"><a data-id=\"16871\" class=\"\" href=\"https:\/\/life-green-sheep.eu\/es\/promoting-innovation-in-a-traditional-farm\/\">Promoviendo la innovaci\u00f3n en un reba\u00f1o tradicional de raza Latxa: la ganader\u00eda de Iker Sukia<\/a><\/h3><div class='tpg-excerpt'>Iker Sukia gestiona el reba\u00f1o heredado de sus padres y produce y comercializa queso Idiazabal...<\/div><div class='post-meta '><span class='read-more'><a data-id='16871' class='' href='https:\/\/life-green-sheep.eu\/es\/promoting-innovation-in-a-traditional-farm\/'>Read More<\/a><\/span><\/div><\/div><\/div><\/div><div class=\"rt-col-md-6 rt-col-sm-6 rt-col-xs-12 even-grid-item rt-grid-item\" data-id=\"16942\"><div class=\"rt-holder\"><div class=\"rt-img-holder\"><a data-id='16942' class='' href='https:\/\/life-green-sheep.eu\/es\/life-green-sheep-project-in-femoga-huesca-spain\/'><img loading=\"lazy\" decoding=\"async\" width=\"2560\" height=\"1436\" src=\"https:\/\/life-green-sheep.eu\/wp-content\/uploads\/2025\/11\/IMG_20250919_183234-scaled.jpg\" class=\"rt-img-responsive \" alt=\"\" srcset=\"https:\/\/life-green-sheep.eu\/wp-content\/uploads\/2025\/11\/IMG_20250919_183234-scaled.jpg 2560w, https:\/\/life-green-sheep.eu\/wp-content\/uploads\/2025\/11\/IMG_20250919_183234-300x168.jpg 300w, https:\/\/life-green-sheep.eu\/wp-content\/uploads\/2025\/11\/IMG_20250919_183234-1024x574.jpg 1024w, https:\/\/life-green-sheep.eu\/wp-content\/uploads\/2025\/11\/IMG_20250919_183234-768x431.jpg 768w, https:\/\/life-green-sheep.eu\/wp-content\/uploads\/2025\/11\/IMG_20250919_183234-1536x861.jpg 1536w, https:\/\/life-green-sheep.eu\/wp-content\/uploads\/2025\/11\/IMG_20250919_183234-2048x1148.jpg 2048w, https:\/\/life-green-sheep.eu\/wp-content\/uploads\/2025\/11\/IMG_20250919_183234-750x421.jpg 750w, https:\/\/life-green-sheep.eu\/wp-content\/uploads\/2025\/11\/IMG_20250919_183234-540x303.jpg 540w, https:\/\/life-green-sheep.eu\/wp-content\/uploads\/2025\/11\/IMG_20250919_183234-128x72.jpg 128w\" sizes=\"auto, (max-width: 2560px) 100vw, 2560px\" \/><\/a><\/div> <div class='rt-detail'><h3 class=\"entry-title\"><a data-id=\"16942\" class=\"\" href=\"https:\/\/life-green-sheep.eu\/es\/life-green-sheep-project-in-femoga-huesca-spain\/\">Proyecto LIFE GREEN SHEEP en FEMOGA, Huesca (Espa\u00f1a)<\/a><\/h3><div class='tpg-excerpt'>Bajo el lema \u201cUna ganader\u00eda ya sostenible para hacerla a\u00fan m\u00e1s sostenible\u201d, la XXXIX edici\u00f3n...<\/div><div class='post-meta '><span class='read-more'><a data-id='16942' class='' href='https:\/\/life-green-sheep.eu\/es\/life-green-sheep-project-in-femoga-huesca-spain\/'>Read More<\/a><\/span><\/div><\/div><\/div><\/div><div class=\"rt-col-md-6 rt-col-sm-6 rt-col-xs-12 even-grid-item rt-grid-item\" data-id=\"16867\"><div class=\"rt-holder\"><div class=\"rt-img-holder\"><a data-id='16867' class='' href='https:\/\/life-green-sheep.eu\/es\/open_day_in_hecho_aragon_to_improve_the_quality_of_forages\/'><img loading=\"lazy\" decoding=\"async\" width=\"601\" height=\"337\" src=\"https:\/\/life-green-sheep.eu\/wp-content\/uploads\/2025\/11\/People-in-the-meadow-2.jpg\" class=\"rt-img-responsive \" alt=\"\" srcset=\"https:\/\/life-green-sheep.eu\/wp-content\/uploads\/2025\/11\/People-in-the-meadow-2.jpg 601w, https:\/\/life-green-sheep.eu\/wp-content\/uploads\/2025\/11\/People-in-the-meadow-2-300x168.jpg 300w, https:\/\/life-green-sheep.eu\/wp-content\/uploads\/2025\/11\/People-in-the-meadow-2-540x303.jpg 540w, https:\/\/life-green-sheep.eu\/wp-content\/uploads\/2025\/11\/People-in-the-meadow-2-128x72.jpg 128w\" sizes=\"auto, (max-width: 601px) 100vw, 601px\" \/><\/a><\/div> <div class='rt-detail'><h3 class=\"entry-title\"><a data-id=\"16867\" class=\"\" href=\"https:\/\/life-green-sheep.eu\/es\/open_day_in_hecho_aragon_to_improve_the_quality_of_forages\/\">La importancia de cosechar forrajes de buena calidad para una ganader\u00eda ovina m\u00e1s rentable y sostenible<\/a><\/h3><div class='tpg-excerpt'>Jornada de Puertas Abiertas en HECHO (Huesca). 30 de mayo de 2025 La siembra y...<\/div><div class='post-meta '><span class='read-more'><a data-id='16867' class='' href='https:\/\/life-green-sheep.eu\/es\/open_day_in_hecho_aragon_to_improve_the_quality_of_forages\/'>Read More<\/a><\/span><\/div><\/div><\/div><\/div><\/div><div class='rt-pagination-wrap' data-total-pages='9' data-posts-per-page='10' data-type='load_more'  ><div class='rt-loadmore-btn rt-loadmore-action rt-loadmore-style'>\n\t\t\t\t\t\t\t\t\t\t\t<span class='rt-loadmore-text'>Load More<\/span>\n\t\t\t\t\t\t\t\t\t\t\t<div class='rt-loadmore-loading rt-ball-scale-multiple rt-2x'><div><\/div><div><\/div><div><\/div><\/div>\n\t\t\t\t\t\t\t\t\t\t<\/div><\/div><\/div>[\/vc_column_text][\/vc_column][\/vc_row]<\/p>\n<\/div>","protected":false},"excerpt":{"rendered":"<p>[vc_row][vc_column][\/vc_column][\/vc_row][vc_row css_animation=\u00bbfadeIn\u00bb bg_type=\u00bbbg_color\u00bb bg_color_value=\u00bb#d8e1d6&#8243;][vc_column][vc_column_text][\/vc_column_text][\/vc_column][\/vc_row]<\/p>\n","protected":false},"author":2,"featured_media":0,"parent":0,"menu_order":0,"comment_status":"closed","ping_status":"closed","template":"","meta":{"_bbp_topic_count":0,"_bbp_reply_count":0,"_bbp_total_topic_count":0,"_bbp_total_reply_count":0,"_bbp_voice_count":0,"_bbp_anonymous_reply_count":0,"_bbp_topic_count_hidden":0,"_bbp_reply_count_hidden":0,"_bbp_forum_subforum_count":0,"footnotes":""},"class_list":["post-12947","page","type-page","status-publish","hentry"],"rttpg_featured_image_url":null,"rttpg_author":{"display_name":"Untangled Web Support","author_link":"https:\/\/life-green-sheep.eu\/es\/author\/untangledwebl\/"},"rttpg_comment":0,"rttpg_category":"","rttpg_excerpt":"[vc_row][vc_column][\/vc_column][\/vc_row][vc_row css_animation=\u00bbfadeIn\u00bb bg_type=\u00bbbg_color\u00bb bg_color_value=\u00bb#d8e1d6&#8243;][vc_column][vc_column_text][\/vc_column_text][\/vc_column][\/vc_row]","_links":{"self":[{"href":"https:\/\/life-green-sheep.eu\/es\/wp-json\/wp\/v2\/pages\/12947","targetHints":{"allow":["GET"]}}],"collection":[{"href":"https:\/\/life-green-sheep.eu\/es\/wp-json\/wp\/v2\/pages"}],"about":[{"href":"https:\/\/life-green-sheep.eu\/es\/wp-json\/wp\/v2\/types\/page"}],"author":[{"embeddable":true,"href":"https:\/\/life-green-sheep.eu\/es\/wp-json\/wp\/v2\/users\/2"}],"replies":[{"embeddable":true,"href":"https:\/\/life-green-sheep.eu\/es\/wp-json\/wp\/v2\/comments?post=12947"}],"version-history":[{"count":6,"href":"https:\/\/life-green-sheep.eu\/es\/wp-json\/wp\/v2\/pages\/12947\/revisions"}],"predecessor-version":[{"id":14626,"href":"https:\/\/life-green-sheep.eu\/es\/wp-json\/wp\/v2\/pages\/12947\/revisions\/14626"}],"wp:attachment":[{"href":"https:\/\/life-green-sheep.eu\/es\/wp-json\/wp\/v2\/media?parent=12947"}],"curies":[{"name":"wp","href":"https:\/\/api.w.org\/{rel}","templated":true}]}}