{"id":15053,"date":"2023-05-24T09:34:58","date_gmt":"2023-05-24T09:34:58","guid":{"rendered":"https:\/\/life-green-sheep.eu\/suscripcion-al-boletin-de-noticias\/"},"modified":"2023-05-24T09:34:58","modified_gmt":"2023-05-24T09:34:58","slug":"suscripcion-al-boletin-de-noticias","status":"publish","type":"page","link":"https:\/\/life-green-sheep.eu\/es\/suscripcion-al-boletin-de-noticias\/","title":{"rendered":"Suscripci\u00f3n al bolet\u00edn de noticias"},"content":{"rendered":"<p><!-- Begin Mailchimp Signup Form --><\/p>\n<style type=\"text\/css\">\n\t#mc_embed_signup{background:#fff; clear:left; font:14px Helvetica,Arial,sans-serif;  width:600px;}<br \/>\t\/* Add your own Mailchimp form style overrides in your site stylesheet or in this style block.<br \/>\t   We recommend moving this block and the preceding CSS link to the HEAD of your HTML file. *\/<br \/><\/style>\n<div id=\"mc_embed_signup\">\n<form id=\"mc-embedded-subscribe-form\" class=\"validate\" action=\"https:\/\/life-green-sheep.us11.list-manage.com\/subscribe\/post?u=ca93fb075e065fb252ff61616&amp;id=a87604d94d&amp;f_id=00299fe0f0\" method=\"post\" name=\"mc-embedded-subscribe-form\" novalidate=\"\" target=\"_blank\">\n<div id=\"mc_embed_signup_scroll\">\n<h2>Suscr\u00edbase a nuestro bolet\u00edn de noticias<\/h2>\n<div class=\"indicates-required\" style=\"padding-bottom:20px\"><span class=\"asterisk\">*<\/span> indica que es necesario<\/div>\n<div class=\"mc-field-group\"><label for=\"mce-EMAIL\">Direcci\u00f3n de correo electr\u00f3nico <span class=\"asterisk\">*<\/span><br \/>\n<\/label><br \/>\n<input id=\"mce-EMAIL\" class=\"required email\" name=\"EMAIL\" required=\"\" type=\"email\" value=\"\"><br \/>\n<span id=\"mce-EMAIL-HELPERTEXT\" class=\"helper_text\"><\/span><\/div>\n<div class=\"mc-field-group\"><label for=\"mce-FNAME\">Nombre <\/label><br \/>\n<input id=\"mce-FNAME\" class=\"\" name=\"FNAME\" type=\"text\" value=\"\"><br \/>\n<span id=\"mce-FNAME-HELPERTEXT\" class=\"helper_text\"><\/span><\/div>\n<div class=\"mc-field-group\"><label for=\"mce-LNAME\">Apellido <\/label><br \/>\n<input id=\"mce-LNAME\" class=\"\" name=\"LNAME\" type=\"text\" value=\"\"><br \/>\n<span id=\"mce-LNAME-HELPERTEXT\" class=\"helper_text\"><\/span><\/div>\n<p><bold>Seleccione las versiones ling\u00fc\u00edsticas de los boletines que desea recibir.<\/bold><\/p>\n<table>\n<tr>\n<td><strong>Uni\u00f3n Europea <\/strong><br \/>\n<input id=\"mce-MMERGE6-0\" name=\"MMERGE6\" type=\"radio\" value=\"S\u00ed\">\n<\/td>\n<td><strong>Francia<\/strong><br \/>\n<input id=\"mce-MMERGE7-0\" name=\"MMERGE7\" type=\"radio\" value=\"S\u00ed\">\n<\/td>\n<td><strong>Italia <\/strong><br \/>\n<input id=\"mce-MMERGE8-0\" name=\"MMERGE8\" type=\"radio\" value=\"S\u00ed\">\n<\/td>\n<td><strong>Espa\u00f1a <\/strong><br \/>\n<input id=\"mce-MMERGE9-0\" name=\"MMERGE9\" type=\"radio\" value=\"S\u00ed\">\n<\/td>\n<td><strong>Ruman\u00eda <\/strong><br \/>\n<input id=\"mce-MMERGE10-0\" name=\"MMERGE10\" type=\"radio\" value=\"S\u00ed\">\n<\/td>\n<td><strong>Irlanda <\/strong><br \/>\n<input id=\"mce-MMERGE11-0\" name=\"MMERGE11\" type=\"radio\" value=\"S\u00ed\">\n<\/td>\n<\/tr>\n<\/table>\n<div id=\"mce-responses\" class=\"clear foot\">\n<div id=\"mce-error-response\" class=\"response\" style=\"display: none;\"><\/div>\n<div id=\"mce-success-response\" class=\"response\" style=\"display: none;\"><\/div>\n<\/div>\n<p><!-- real people should not fill this in and expect good things - do not remove this or risk form bot signups--><\/p>\n<div style=\"position: absolute; left: -5000px;\" aria-hidden=\"true\"><input tabindex=\"-1\" name=\"b_ca93fb075e065fb252ff61616_a87604d94d\" type=\"text\" value=\"\"><\/div>\n<div class=\"optionalParent\">\n<div class=\"clear foot\">\n<p><input id=\"mc-embedded-subscribe\" class=\"button\" name=\"subscribe\" type=\"submit\" value=\"Suscr\u00edbase a\"><\/p>\n<p class=\"brandingLogo\"><a title=\"Mailchimp - marketing por correo electr\u00f3nico f\u00e1cil y divertido\" href=\"http:\/\/eepurl.com\/ifWDKP\"><img decoding=\"async\" src=\"https:\/\/eep.io\/mc-cdn-images\/template_images\/branding_logo_text_dark_dtp.svg\"><\/a><\/p>\n<\/div>\n<\/div>\n<\/div>\n<\/form>\n<\/div>\n<p><script type=\"text\/javascript\" src=\"\/\/s3.amazonaws.com\/downloads.mailchimp.com\/js\/mc-validate.js\"><\/script><script type=\"text\/javascript\">(function($) {window.fnames = new Array(); window.ftypes = new Array();fnames[0]='EMAIL';ftypes[0]='email';fnames[1]='FNAME';ftypes[1]='text';fnames[2]='LNAME';ftypes[2]='text';fnames[3]='ADDRESS';ftypes[3]='address';fnames[4]='PHONE';ftypes[4]='phone';fnames[5]='BIRTHDAY';ftypes[5]='birthday';fnames[6]='MMERGE6';ftypes[6]='radio';fnames[7]='MMERGE7';ftypes[7]='radio';fnames[8]='MMERGE8';ftypes[8]='radio';fnames[9]='MMERGE9';ftypes[9]='radio';fnames[10]='MMERGE10';ftypes[10]='radio';fnames[11]='MMERGE11';ftypes[11]='radio';}(jQuery));var $mcj = jQuery.noConflict(true);<\/script><br \/>\n<!--End mc_embed_signup--><\/p>\n","protected":false},"excerpt":{"rendered":"<p>Suscr\u00edbase a nuestro bolet\u00edn de noticias * indica que es necesario Direcci\u00f3n de correo electr\u00f3nico * Nombre Apellido Seleccione las versiones ling\u00fc\u00edsticas de los boletines que desea recibir. Uni\u00f3n Europea Francia Italia Espa\u00f1a Ruman\u00eda Irlanda<\/p>\n","protected":false},"author":2,"featured_media":0,"parent":0,"menu_order":0,"comment_status":"closed","ping_status":"closed","template":"","meta":{"_bbp_topic_count":0,"_bbp_reply_count":0,"_bbp_total_topic_count":0,"_bbp_total_reply_count":0,"_bbp_voice_count":0,"_bbp_anonymous_reply_count":0,"_bbp_topic_count_hidden":0,"_bbp_reply_count_hidden":0,"_bbp_forum_subforum_count":0,"footnotes":""},"class_list":["post-15053","page","type-page","status-publish","hentry"],"rttpg_featured_image_url":null,"rttpg_author":{"display_name":"Untangled Web Support","author_link":"https:\/\/life-green-sheep.eu\/es\/author\/untangledwebl\/"},"rttpg_comment":0,"rttpg_category":" <a href=\"https:\/\/life-green-sheep.eu\/es\/?taxonomy=translation_priority&#038;term=opcional\" rel=\"tag\">Opcional<\/a>","rttpg_excerpt":"Suscr\u00edbase a nuestro bolet\u00edn de noticias * indica que es necesario Direcci\u00f3n de correo electr\u00f3nico * Nombre Apellido Seleccione las versiones ling\u00fc\u00edsticas de los boletines que desea recibir. Uni\u00f3n Europea Francia Italia Espa\u00f1a Ruman\u00eda Irlanda","_links":{"self":[{"href":"https:\/\/life-green-sheep.eu\/es\/wp-json\/wp\/v2\/pages\/15053","targetHints":{"allow":["GET"]}}],"collection":[{"href":"https:\/\/life-green-sheep.eu\/es\/wp-json\/wp\/v2\/pages"}],"about":[{"href":"https:\/\/life-green-sheep.eu\/es\/wp-json\/wp\/v2\/types\/page"}],"author":[{"embeddable":true,"href":"https:\/\/life-green-sheep.eu\/es\/wp-json\/wp\/v2\/users\/2"}],"replies":[{"embeddable":true,"href":"https:\/\/life-green-sheep.eu\/es\/wp-json\/wp\/v2\/comments?post=15053"}],"version-history":[{"count":0,"href":"https:\/\/life-green-sheep.eu\/es\/wp-json\/wp\/v2\/pages\/15053\/revisions"}],"wp:attachment":[{"href":"https:\/\/life-green-sheep.eu\/es\/wp-json\/wp\/v2\/media?parent=15053"}],"curies":[{"name":"wp","href":"https:\/\/api.w.org\/{rel}","templated":true}]}}