{"id":12913,"date":"2022-08-30T12:03:05","date_gmt":"2022-08-30T12:03:05","guid":{"rendered":"https:\/\/life-green-sheep.eu\/documents\/"},"modified":"2023-09-26T10:23:46","modified_gmt":"2023-09-26T10:23:46","slug":"documents","status":"publish","type":"page","link":"https:\/\/life-green-sheep.eu\/fr\/documents\/","title":{"rendered":"Documents"},"content":{"rendered":"<div class=\"wpb-content-wrapper\"><p>[vc_row][vc_column]<div class=\"ult-spacer spacer-69e1ec7b6aa10\" data-id=\"69e1ec7b6aa10\" data-height=\"40\" data-height-mobile=\"20\" data-height-tab=\"30\" data-height-tab-portrait=\"30\" data-height-mobile-landscape=\"20\" style=\"clear:both;display:block;\"><\/div>[\/vc_column][\/vc_row][vc_row css_animation=\u00a0\u00bbfadeIn\u00a0\u00bb bg_type=\u00a0\u00bbbg_color\u00a0\u00bb bg_color_value=\u00a0\u00bb#d8e1d6&Prime;][vc_column width=\u00a0\u00bb5\/6&Prime;][vc_column_text]<\/p>\n<h1>LIFE GREEN SHEEP : pour un \u00e9levage ovin durable et \u00e0 faible \u00e9mission de carbone 1er webinaire europ\u00e9en<\/h1>\n<p><strong>Programme de ce webinaire <\/strong><\/p>\n<p>&#8211; Mise en \u0153uvre de l&rsquo;agriculture carbone en Europe<\/p>\n<p>&#8211; Pr\u00e9sentation g\u00e9n\u00e9rale du projet LIFE Mouton Vert<\/p>\n<p>&#8211; ACV simplifi\u00e9e en \u00e9levage ovin : comparaison des estimations de l&#8217;empreinte carbone \u00e0 partir de diff\u00e9rents outils<\/p>\n<p>&#8211; Formation de 143 conseillers \u00ab\u00a0carbone\u00a0\u00bb.<\/p>\n<p>&#8211; Participation de 1 637 exploitations ovines \u00e0 l&rsquo;\u00e9chelle europ\u00e9enne<\/p>\n<p>&#8211; Comment diffuser les r\u00e9sultats du projet et informer largement les agriculteurs et les conseillers ?<\/p>\n<p>&#8211; L&rsquo;agriculture du carbone et les solutions bas\u00e9es sur les r\u00e9sultats, un syst\u00e8me innovant pour stimuler les initiatives en mati\u00e8re de carbone et d\u00e9velopper l&rsquo;agriculture durable.<\/p>\n<p>&#8211; Conclusion<\/p>\n<p>https:\/\/vimeo.com\/759586666[\/vc_column_text][\/vc_column][vc_column width=\u00a0\u00bb1\/6&Prime;][vc_single_image image=\u00a0\u00bb12533&Prime; onclick=\u00a0\u00bbcustom_link\u00a0\u00bb img_link_target=\u00a0\u00bb_blank\u00a0\u00bb css_animation=\u00a0\u00bbfadeIn\u00a0\u00bb link=\u00a0\u00bbhttps:\/\/life-green-sheep.eu\/wp-content\/uploads\/2022\/10\/LIFE_GREEN_SHEEP_EU_WEBINAR_20221003.pdf\u00a0\u00bb][\/vc_column][\/vc_row][vc_row][vc_column]<div class=\"ult-spacer spacer-69e1ec7b6aa69\" data-id=\"69e1ec7b6aa69\" data-height=\"40\" data-height-mobile=\"20\" data-height-tab=\"30\" data-height-tab-portrait=\"30\" data-height-mobile-landscape=\"20\" style=\"clear:both;display:block;\"><\/div>[\/vc_column][\/vc_row][vc_row css_animation=\u00a0\u00bbfadeIn\u00a0\u00bb bg_type=\u00a0\u00bbbg_color\u00a0\u00bb bg_color_value=\u00a0\u00bb#d8e1d6&Prime;][vc_column width=\u00a0\u00bb5\/6&Prime;][vc_column_text]<\/p>\n<h1>Le projet LIFE GreenSheep en bref<\/h1>\n<p><span data-contrast=\"auto\">Il vous donne un aper\u00e7u du projet : 5 actions et des chiffres cl\u00e9s pour atteindre l&rsquo;objectif de LIFE GREEN SHEEP : r\u00e9duire de 12% l&#8217;empreinte carbone du lait et de la viande de mouton tout en assurant la durabilit\u00e9 des exploitations. Actions de d\u00e9monstration et de diffusion pour r\u00e9duire l&#8217;empreinte carbone dans l&rsquo;\u00e9levage ovin europ\u00e9en.<\/span> [\/vc_column_text][\/vc_column][vc_column width=\u00a0\u00bb1\/6&Prime;][vc_single_image image=\u00a0\u00bb12533&Prime; onclick=\u00a0\u00bbcustom_link\u00a0\u00bb img_link_target=\u00a0\u00bb_blank\u00a0\u00bb css_animation=\u00a0\u00bbfadeIn\u00a0\u00bb link=\u00a0\u00bbhttps:\/\/life-green-sheep.eu\/wp-content\/uploads\/2023\/05\/LIFE-Green-Sheep-FRENCH.pdf\u00a0\u00bb][\/vc_column][\/vc_row][vc_row][vc_column]<div class=\"ult-spacer spacer-69e1ec7b6aac6\" data-id=\"69e1ec7b6aac6\" data-height=\"40\" data-height-mobile=\"20\" data-height-tab=\"30\" data-height-tab-portrait=\"30\" data-height-mobile-landscape=\"20\" style=\"clear:both;display:block;\"><\/div>[\/vc_column][\/vc_row][vc_row css_animation=\u00a0\u00bbfadeIn\u00a0\u00bb bg_type=\u00a0\u00bbbg_color\u00a0\u00bb bg_color_value=\u00a0\u00bb#d8e1d6&Prime;][vc_column width=\u00a0\u00bb5\/6&Prime;][vc_column_text]<\/p>\n<h1>Un aper\u00e7u du projet LIFE GreenSheep<\/h1>\n<p><span data-contrast=\"auto\">Ce document d\u00e9taille les objectifs et les actions tout au long du projet ainsi que le calendrier pour un \u00e9levage ovin durable et \u00e0 faible \u00e9mission de carbone : d\u00e9velopper un cadre europ\u00e9en commun sur les \u00e9missions de gaz \u00e0 effet de serre, le stockage du carbone et les performances de durabilit\u00e9, cr\u00e9er une dynamique nationale et europ\u00e9enne. former des conseillers et des techniciens aux m\u00e9thodes et outils d&rsquo;\u00e9valuation, cr\u00e9er un observatoire de 1 355 fermes d\u00e9monstratives en Europe engag\u00e9es dans une d\u00e9marche bas carbone et durable, tester les leviers d&rsquo;action bas carbone et durable en suivant 282 fermes innovantes \u00e0 faible impact carbone en Europe, d\u00e9velopper des plans d&rsquo;action nationaux.<\/span> [\/vc_column_text][\/vc_column][vc_column width=\u00a0\u00bb1\/6&Prime;][vc_single_image image=\u00a0\u00bb12533&Prime; onclick=\u00a0\u00bbcustom_link\u00a0\u00bb img_link_target=\u00a0\u00bb_blank\u00a0\u00bb css_animation=\u00a0\u00bbfadeIn\u00a0\u00bb link=\u00a0\u00bbhttps:\/\/life-green-sheep.eu\/wp-content\/uploads\/2023\/05\/Plaquette-6-pages-GREEN-SHEEP_FRENCH.pdf\u00a0\u00bb][\/vc_column][\/vc_row][vc_row][vc_column]<div class=\"ult-spacer spacer-69e1ec7b6ab22\" data-id=\"69e1ec7b6ab22\" data-height=\"40\" data-height-mobile=\"20\" data-height-tab=\"30\" data-height-tab-portrait=\"30\" data-height-mobile-landscape=\"20\" style=\"clear:both;display:block;\"><\/div>[\/vc_column][\/vc_row][vc_row css_animation=\u00a0\u00bbfadeIn\u00a0\u00bb bg_type=\u00a0\u00bbbg_color\u00a0\u00bb bg_color_value=\u00a0\u00bb#d8e1d6&Prime;][vc_column width=\u00a0\u00bb5\/6&Prime;][vc_column_text]<\/p>\n<h1>Powerpoint du projet<\/h1>\n<p><span data-contrast=\"auto\">Ce powerpoint donne un aper\u00e7u synth\u00e9tique mais pr\u00e9cis du projet Life Green Sheep.<\/span>[\/vc_column_text][\/vc_column][vc_column width=\u00a0\u00bb1\/6&Prime;][vc_single_image image=\u00a0\u00bb12533&Prime; onclick=\u00a0\u00bbcustom_link\u00a0\u00bb img_link_target=\u00a0\u00bb_blank\u00a0\u00bb css_animation=\u00a0\u00bbfadeIn\u00a0\u00bb link=\u00a0\u00bbhttps:\/\/life-green-sheep.eu\/wp-content\/uploads\/2022\/09\/ppt.pdf\u00a0\u00bb][\/vc_column][\/vc_row][vc_row][vc_column]<div class=\"ult-spacer spacer-69e1ec7b6ab72\" data-id=\"69e1ec7b6ab72\" data-height=\"40\" data-height-mobile=\"20\" data-height-tab=\"30\" data-height-tab-portrait=\"30\" data-height-mobile-landscape=\"20\" style=\"clear:both;display:block;\"><\/div>[\/vc_column][\/vc_row][vc_row css_animation=\u00a0\u00bbfadeIn\u00a0\u00bb bg_type=\u00a0\u00bbbg_color\u00a0\u00bb bg_color_value=\u00a0\u00bb#d8e1d6&Prime;][vc_column width=\u00a0\u00bb5\/6&Prime;][vc_column_text]<\/p>\n<h1>Kit de formation du projet<\/h1>\n<p><span data-contrast=\"auto\">Ce kit comprend :\u00a0<\/span><\/p>\n<ul>\n<li><span class=\"WdYUQQ text-decoration-none text-strikethrough-none\">Les principales notions et donn\u00e9es sur le changement climatique et l&rsquo;\u00e9levage<\/span><\/li>\n<li><span class=\"WdYUQQ text-decoration-none text-strikethrough-none\">Les actions du projet Life Green Sheep\u00a0<\/span><\/li>\n<li><span class=\"WdYUQQ text-decoration-none text-strikethrough-none\">La description des outils utilis\u00e9s dans l&rsquo;\u00e9valuation des fermes<\/span><\/li>\n<\/ul>\n<p>[\/vc_column_text][\/vc_column][vc_column width=\u00a0\u00bb1\/6&Prime;][vc_single_image image=\u00a0\u00bb12533&Prime; onclick=\u00a0\u00bbcustom_link\u00a0\u00bb img_link_target=\u00a0\u00bb_blank\u00a0\u00bb css_animation=\u00a0\u00bbfadeIn\u00a0\u00bb link=\u00a0\u00bbhttps:\/\/life-green-sheep.eu\/wp-content\/uploads\/2023\/07\/Kit-de-Formation-tronc-commun-francais.pdf\u00a0\u00bb title=\u00a0\u00bbTronc commun\u00a0\u00bb][\/vc_column][\/vc_row][vc_row css_animation=\u00a0\u00bbfadeIn\u00a0\u00bb bg_type=\u00a0\u00bbbg_color\u00a0\u00bb bg_color_value=\u00a0\u00bb#d8e1d6&Prime;][vc_column width=\u00a0\u00bb5\/6&Prime;][vc_column_text]<\/p>\n<h1>ANNEXE 1 : CAP2ER<\/h1>\n<p><span data-contrast=\"auto\">Ce powerpoint d\u00e9crit le fonctionnement de CAP2ER<\/span>[\/vc_column_text][\/vc_column][vc_column width=\u00a0\u00bb1\/6&Prime;][vc_single_image image=\u00a0\u00bb12533&Prime; onclick=\u00a0\u00bbcustom_link\u00a0\u00bb img_link_target=\u00a0\u00bb_blank\u00a0\u00bb css_animation=\u00a0\u00bbfadeIn\u00a0\u00bb link=\u00a0\u00bbhttps:\/\/life-green-sheep.eu\/wp-content\/uploads\/2023\/07\/Kit-de-formation-annexe-1-CAP2ER.pdf\u00a0\u00bb title=\u00a0\u00bbAnnexe 1 : CAP2ER\u00a0\u00bb][\/vc_column][\/vc_row][vc_row css_animation=\u00a0\u00bbfadeIn\u00a0\u00bb bg_type=\u00a0\u00bbbg_color\u00a0\u00bb bg_color_value=\u00a0\u00bb#d8e1d6&Prime;][vc_column width=\u00a0\u00bb5\/6&Prime;][vc_column_text]<\/p>\n<h1>ANNEXE 2 : DEO<\/h1>\n<p><span data-contrast=\"auto\">Ce powerpoint d\u00e9crit le fonctionnement de DEO, l&rsquo;outil d&rsquo;\u00e9valuation de la durabilit\u00e9.<\/span>[\/vc_column_text][\/vc_column][vc_column width=\u00a0\u00bb1\/6&Prime;][vc_single_image image=\u00a0\u00bb12533&Prime; onclick=\u00a0\u00bbcustom_link\u00a0\u00bb img_link_target=\u00a0\u00bb_blank\u00a0\u00bb css_animation=\u00a0\u00bbfadeIn\u00a0\u00bb link=\u00a0\u00bbhttps:\/\/life-green-sheep.eu\/wp-content\/uploads\/2023\/07\/Kit-de-formation-annexe-2-DEO.pdf\u00a0\u00bb title=\u00a0\u00bbANNEXE 2 : DEO\u00a0\u00bb][\/vc_column][\/vc_row][vc_row][vc_column]<div class=\"ult-spacer spacer-69e1ec7b6abaa\" data-id=\"69e1ec7b6abaa\" data-height=\"40\" data-height-mobile=\"20\" data-height-tab=\"30\" data-height-tab-portrait=\"30\" data-height-mobile-landscape=\"20\" style=\"clear:both;display:block;\"><\/div>[\/vc_column][\/vc_row][vc_row css_animation=\u00a0\u00bbfadeIn\u00a0\u00bb bg_type=\u00a0\u00bbbg_color\u00a0\u00bb bg_color_value=\u00a0\u00bb#d8e1d6&Prime;][vc_column width=\u00a0\u00bb5\/6&Prime;][vc_column_text]<\/p>\n<h1>Poster scientifique de l&rsquo;EAPP<b> <\/b><\/h1>\n<h2><span data-contrast=\"auto\">LIFE Green Sheep : <\/span><span data-contrast=\"auto\">\ufb01nding<\/span><span data-contrast=\"auto\"> m\u00e9thodes communes pour estimer l&rsquo;impact environnemental<\/span> <span data-contrast=\"auto\">des exploitations ovines. <\/span><\/h2>\n<p><span data-contrast=\"auto\">Premiers r\u00e9sultats de la comparaison qualitative entre les outils et les m\u00e9thodologies parmi les 5 pays impliqu\u00e9s dans le projet, pr\u00e9sent\u00e9s \u00e0 la conf\u00e9rence de l&rsquo;EAAP (European Federation of Animal Science).<\/span><\/p>\n<p>[\/vc_column_text][\/vc_column][vc_column width=\u00a0\u00bb1\/6&Prime;][vc_single_image image=\u00a0\u00bb12533&Prime; onclick=\u00a0\u00bbcustom_link\u00a0\u00bb img_link_target=\u00a0\u00bb_blank\u00a0\u00bb css_animation=\u00a0\u00bbfadeIn\u00a0\u00bb link=\u00a0\u00bbhttps:\/\/life-green-sheep.eu\/wp-content\/uploads\/2022\/09\/EAAP21_Session43_Atzori_poster_GreenSheep36566.pdf\u00a0\u00bb][\/vc_column][\/vc_row][vc_row css_animation=\u00a0\u00bbfadeIn\u00a0\u00bb bg_type=\u00a0\u00bbbg_color\u00a0\u00bb bg_color_value=\u00a0\u00bb#d8e1d6&Prime;][vc_column width=\u00a0\u00bb5\/6&Prime;][vc_column_text]<\/p>\n<h1>Pr\u00e9sentations EAAP 2023<b><\/b><\/h1>\n<ul>\n<li dir=\"auto\">Determining carbon footprint of sheep farms in Europe: first results of the LIFE Green Sheep project<\/li>\n<\/ul>\n<div dir=\"auto\"><a href=\"https:\/\/life-green-sheep.eu\/wp-content\/uploads\/2023\/08\/EAAP_Session54_THROUDE_Determining-CF_10h45.pdf\">EAAP_Session54_THROUDE_Determining CF_10h45<\/a><\/div>\n<ul>\n<li dir=\"auto\">\u00a0Testing mitigation actions to reduce GHG emissions from sheep farming in Europe<\/li>\n<\/ul>\n<div dir=\"auto\"><a href=\"https:\/\/life-green-sheep.eu\/wp-content\/uploads\/2023\/08\/EAAP_Session54_THROUDE_Mitigation-practices_12h00.pdf\">EAAP_Session54_THROUDE_Mitigation practices_12h00<\/a><\/div>\n<p>[\/vc_column_text][\/vc_column][vc_column width=\u00a0\u00bb1\/6&Prime;][vc_single_image image=\u00a0\u00bb12533&Prime; onclick=\u00a0\u00bbcustom_link\u00a0\u00bb img_link_target=\u00a0\u00bb_blank\u00a0\u00bb css_animation=\u00a0\u00bbfadeIn\u00a0\u00bb link=\u00a0\u00bbhttps:\/\/life-green-sheep.eu\/wp-content\/uploads\/2023\/08\/EAAP_Session54_THROUDE_Determining-CF_10h45.pdf\u00a0\u00bb title=\u00a0\u00bbDetermining carbon footprint of sheep farms in Europe: first results of the LIFE Green Sheep project\u00a0\u00bb][vc_single_image image=\u00a0\u00bb12533&Prime; onclick=\u00a0\u00bbcustom_link\u00a0\u00bb img_link_target=\u00a0\u00bb_blank\u00a0\u00bb css_animation=\u00a0\u00bbfadeIn\u00a0\u00bb link=\u00a0\u00bbhttps:\/\/life-green-sheep.eu\/wp-content\/uploads\/2023\/08\/EAAP_Session54_THROUDE_Mitigation-practices_12h00.pdf\u00a0\u00bb title=\u00a0\u00bbTesting mitigation actions to reduce GHG emissions from sheep farming in Europe\u00a0\u00bb][\/vc_column][\/vc_row][vc_row css_animation=\u00a0\u00bbfadeIn\u00a0\u00bb bg_type=\u00a0\u00bbbg_color\u00a0\u00bb bg_color_value=\u00a0\u00bb#d8e1d6&Prime;][vc_column width=\u00a0\u00bb5\/6&Prime;][vc_column_text]<\/p>\n<h1>Un paysage d&rsquo;\u00e9levage comme outil p\u00e9dagogique<b><\/b><\/h1>\n<h2>Un paysage d&rsquo;\u00e9levage a \u00e9t\u00e9 con\u00e7u dans le cadre du projet comme support aux \u00e9changes que ce soit \u00e0 des fins d&rsquo;enseignements ou d&rsquo;\u00e9changes techniques. Il permet d&rsquo;interroger les diff\u00e9rents enjeux environnementaux et soci\u00e9taux pour l&rsquo;\u00e9levage ovin, les interactions et le caract\u00e8re syst\u00e9mique de la durabilit\u00e9. Une premi\u00e8re base d&rsquo;animation a \u00e9t\u00e9 pos\u00e9e.<\/h2>\n<p>[\/vc_column_text][\/vc_column][vc_column width=\u00a0\u00bb1\/6&Prime;][vc_single_image image=\u00a0\u00bb15156&Prime; onclick=\u00a0\u00bbcustom_link\u00a0\u00bb img_link_target=\u00a0\u00bb_blank\u00a0\u00bb css_animation=\u00a0\u00bbfadeIn\u00a0\u00bb link=\u00a0\u00bbhttps:\/\/life-green-sheep.eu\/wp-content\/uploads\/2023\/09\/paysage-delevage-v7.jpg\u00a0\u00bb title=\u00a0\u00bbPaysage d&rsquo;\u00e9levage\u00a0\u00bb][vc_single_image image=\u00a0\u00bb12533&Prime; onclick=\u00a0\u00bbcustom_link\u00a0\u00bb img_link_target=\u00a0\u00bb_blank\u00a0\u00bb css_animation=\u00a0\u00bbfadeIn\u00a0\u00bb link=\u00a0\u00bbhttps:\/\/life-green-sheep.eu\/wp-content\/uploads\/2023\/09\/paysage-delevage-v7.jpg\u00a0\u00bb title=\u00a0\u00bbTrame d&rsquo;animation\u00a0\u00bb][\/vc_column][\/vc_row]<\/p>\n<\/div>","protected":false},"excerpt":{"rendered":"<p>[vc_row][vc_column][\/vc_column][\/vc_row][vc_row css_animation=\u00a0\u00bbfadeIn\u00a0\u00bb bg_type=\u00a0\u00bbbg_color\u00a0\u00bb bg_color_value=\u00a0\u00bb#d8e1d6&Prime;][vc_column width=\u00a0\u00bb5\/6&Prime;][vc_column_text] LIFE GREEN SHEEP : pour un \u00e9levage ovin durable et \u00e0 faible \u00e9mission de carbone 1er webinaire europ\u00e9en Programme de ce webinaire &#8211; Mise en \u0153uvre de l&rsquo;agriculture carbone en Europe &#8211; Pr\u00e9sentation g\u00e9n\u00e9rale du projet LIFE Mouton Vert &#8211; ACV simplifi\u00e9e en \u00e9levage ovin : comparaison des estimations de [&hellip;]<\/p>\n","protected":false},"author":2,"featured_media":0,"parent":0,"menu_order":0,"comment_status":"closed","ping_status":"closed","template":"","meta":{"_bbp_topic_count":0,"_bbp_reply_count":0,"_bbp_total_topic_count":0,"_bbp_total_reply_count":0,"_bbp_voice_count":0,"_bbp_anonymous_reply_count":0,"_bbp_topic_count_hidden":0,"_bbp_reply_count_hidden":0,"_bbp_forum_subforum_count":0,"footnotes":""},"class_list":["post-12913","page","type-page","status-publish","hentry"],"rttpg_featured_image_url":null,"rttpg_author":{"display_name":"Untangled Web Support","author_link":"https:\/\/life-green-sheep.eu\/fr\/author\/untangledwebl\/"},"rttpg_comment":0,"rttpg_category":" <a href=\"https:\/\/life-green-sheep.eu\/fr\/?taxonomy=translation_priority&#038;term=facultatif-fr\" rel=\"tag\">Facultatif<\/a>","rttpg_excerpt":"[vc_row][vc_column][\/vc_column][\/vc_row][vc_row css_animation=\u00a0\u00bbfadeIn\u00a0\u00bb bg_type=\u00a0\u00bbbg_color\u00a0\u00bb bg_color_value=\u00a0\u00bb#d8e1d6&Prime;][vc_column width=\u00a0\u00bb5\/6&Prime;][vc_column_text] LIFE GREEN SHEEP : pour un \u00e9levage ovin durable et \u00e0 faible \u00e9mission de carbone 1er webinaire europ\u00e9en Programme de ce webinaire &#8211; Mise en \u0153uvre de l&rsquo;agriculture carbone en Europe &#8211; Pr\u00e9sentation g\u00e9n\u00e9rale du projet LIFE Mouton Vert &#8211; ACV simplifi\u00e9e en \u00e9levage ovin : comparaison des estimations de\u2026","_links":{"self":[{"href":"https:\/\/life-green-sheep.eu\/fr\/wp-json\/wp\/v2\/pages\/12913","targetHints":{"allow":["GET"]}}],"collection":[{"href":"https:\/\/life-green-sheep.eu\/fr\/wp-json\/wp\/v2\/pages"}],"about":[{"href":"https:\/\/life-green-sheep.eu\/fr\/wp-json\/wp\/v2\/types\/page"}],"author":[{"embeddable":true,"href":"https:\/\/life-green-sheep.eu\/fr\/wp-json\/wp\/v2\/users\/2"}],"replies":[{"embeddable":true,"href":"https:\/\/life-green-sheep.eu\/fr\/wp-json\/wp\/v2\/comments?post=12913"}],"version-history":[{"count":26,"href":"https:\/\/life-green-sheep.eu\/fr\/wp-json\/wp\/v2\/pages\/12913\/revisions"}],"predecessor-version":[{"id":14886,"href":"https:\/\/life-green-sheep.eu\/fr\/wp-json\/wp\/v2\/pages\/12913\/revisions\/14886"}],"wp:attachment":[{"href":"https:\/\/life-green-sheep.eu\/fr\/wp-json\/wp\/v2\/media?parent=12913"}],"curies":[{"name":"wp","href":"https:\/\/api.w.org\/{rel}","templated":true}]}}