{"id":12929,"date":"2022-09-29T07:56:07","date_gmt":"2022-09-29T07:56:07","guid":{"rendered":"https:\/\/life-green-sheep.eu\/temoignages\/"},"modified":"2022-11-25T11:31:32","modified_gmt":"2022-11-25T11:31:32","slug":"temoignages","status":"publish","type":"page","link":"https:\/\/life-green-sheep.eu\/fr\/temoignages\/","title":{"rendered":"T\u00e9moignages"},"content":{"rendered":"<div class=\"wpb-content-wrapper\"><p>[vc_row][vc_column]<div class=\"ult-spacer spacer-69e1ab6d6b7e5\" data-id=\"69e1ab6d6b7e5\" data-height=\"40\" data-height-mobile=\"20\" data-height-tab=\"30\" data-height-tab-portrait=\"30\" data-height-mobile-landscape=\"20\" style=\"clear:both;display:block;\"><\/div>[\/vc_column][\/vc_row][vc_row css_animation=\u00a0\u00bbfadeIn\u00a0\u00bb bg_type=\u00a0\u00bbbg_color\u00a0\u00bb bg_color_value=\u00a0\u00bb#d8e1d6&Prime;][vc_column][vc_column_text]<style type='text\/css' media='all'>#rt-tpg-container-3359577809 .rt-holder .rt-woo-info .price{color:#6eaf60;}body .rt-tpg-container .rt-tpg-isotope-buttons .selected,\n\t\t\t\t\t#rt-tpg-container-3359577809 .layout12 .rt-holder:hover .rt-detail,\n\t\t\t\t\t#rt-tpg-container-3359577809 .isotope8 .rt-holder:hover .rt-detail,\n\t\t\t\t\t#rt-tpg-container-3359577809 .carousel8 .rt-holder:hover .rt-detail,\n\t\t\t\t\t#rt-tpg-container-3359577809 .layout13 .rt-holder .overlay .post-info,\n\t\t\t\t\t#rt-tpg-container-3359577809 .isotope9 .rt-holder .overlay .post-info,\n\t\t\t\t\t#rt-tpg-container-3359577809.rt-tpg-container .layout4 .rt-holder .rt-detail,\n\t\t\t\t\t.rt-modal-3359577809 .md-content,\n\t\t\t\t\t.rt-modal-3359577809 .md-content > .rt-md-content-holder .rt-md-content,\n\t\t\t\t\t.rt-popup-wrap-3359577809.rt-popup-wrap .rt-popup-navigation-wrap,\n\t\t\t\t\t#rt-tpg-container-3359577809 .carousel9 .rt-holder .overlay .post-info{background-color:#6eaf60;}#rt-tpg-container-3359577809 .layout5 .rt-holder .overlay, #rt-tpg-container-3359577809 .isotope2 .rt-holder .overlay, #rt-tpg-container-3359577809 .carousel2 .rt-holder .overlay,#rt-tpg-container-3359577809 .layout15 .rt-holder h3, #rt-tpg-container-3359577809 .isotope11 .rt-holder h3, #rt-tpg-container-3359577809 .carousel11 .rt-holder h3, #rt-tpg-container-3359577809 .layout16 .rt-holder h3,\n\t\t\t\t\t#rt-tpg-container-3359577809 .isotope12 .rt-holder h3, #rt-tpg-container-3359577809 .carousel12 .rt-holder h3 {background-color:rgba(110,175,96,0.1);}#rt-tpg-container-3359577809 .read-more a{border-radius:px;}#rt-tpg-container-3359577809.rt-tpg-container {margin:20px 20px 20px 20px;}#rt-tpg-container-3359577809.rt-tpg-container {padding:20px 20px 20px 20px;}#rt-tpg-container-3359577809 .rt-img-holder img.rt-img-responsive,#rt-tpg-container-3359577809 .rt-img-holder,\n\t\t\t\t\t#rt-tpg-container-3359577809 .rt-post-overlay .post-img,\n\t\t\t\t\t#rt-tpg-container-3359577809 .post-sm .post-img,\n\t\t\t\t\t#rt-tpg-container-3359577809 .rt-post-grid .post-img,\n\t\t\t\t\t#rt-tpg-container-3359577809 .post-img img {border-radius:px;}<\/style><div class='rt-container-fluid rt-tpg-container tpg-shortcode-main-wrapper ' id='rt-tpg-container-3359577809'   data-layout='layout12' data-grid-style='even' data-desktop-col='2'  data-tab-col='2'  data-mobile-col='1' data-sc-id='10672'><div data-title='Loading ...' class='rt-row rt-content-loader   layout12 tpg-even '><div class=\"rt-col-md-6 rt-col-sm-6 rt-col-xs-12 even-grid-item rt-grid-item\" data-id=\"17016\"><div class=\"rt-holder\"><div class=\"rt-img-holder\"><a data-id='17016' class='' href='https:\/\/life-green-sheep.eu\/fr\/comment-aborder-le-changement-climatique-en-filieres-ovines-dans-lenseignement-agricole-retour-sur-les-webinaires-des-13-et-21-novembre\/'><img loading=\"lazy\" decoding=\"async\" width=\"1998\" height=\"1675\" src=\"https:\/\/life-green-sheep.eu\/wp-content\/uploads\/2025\/10\/1.jpg\" class=\"rt-img-responsive \" alt=\"\" srcset=\"https:\/\/life-green-sheep.eu\/wp-content\/uploads\/2025\/10\/1.jpg 1998w, https:\/\/life-green-sheep.eu\/wp-content\/uploads\/2025\/10\/1-300x252.jpg 300w, https:\/\/life-green-sheep.eu\/wp-content\/uploads\/2025\/10\/1-1024x858.jpg 1024w, https:\/\/life-green-sheep.eu\/wp-content\/uploads\/2025\/10\/1-768x644.jpg 768w, https:\/\/life-green-sheep.eu\/wp-content\/uploads\/2025\/10\/1-1536x1288.jpg 1536w, https:\/\/life-green-sheep.eu\/wp-content\/uploads\/2025\/10\/1-750x629.jpg 750w, https:\/\/life-green-sheep.eu\/wp-content\/uploads\/2025\/10\/1-540x453.jpg 540w\" sizes=\"auto, (max-width: 1998px) 100vw, 1998px\" \/><\/a><\/div> <div class='rt-detail'><h3 class=\"entry-title\"><a data-id=\"17016\" class=\"\" href=\"https:\/\/life-green-sheep.eu\/fr\/comment-aborder-le-changement-climatique-en-filieres-ovines-dans-lenseignement-agricole-retour-sur-les-webinaires-des-13-et-21-novembre\/\">Comment aborder le changement climatique en fili\u00e8res ovines dans l\u2019enseignement agricole ? Retour sur les webinaires des 13 et 21 novembre<\/a><\/h3><div class='tpg-excerpt'>Les 13 et 21 novembre, dans le cadre du projet LIFE GREEN SHEEP, avec le...<\/div><div class='post-meta '><span class='read-more'><a data-id='17016' class='' href='https:\/\/life-green-sheep.eu\/fr\/comment-aborder-le-changement-climatique-en-filieres-ovines-dans-lenseignement-agricole-retour-sur-les-webinaires-des-13-et-21-novembre\/'>Read More<\/a><\/span><\/div><\/div><\/div><\/div><div class=\"rt-col-md-6 rt-col-sm-6 rt-col-xs-12 even-grid-item rt-grid-item\" data-id=\"15532\"><div class=\"rt-holder\"><div class=\"rt-img-holder\"><a data-id='15532' class='' href='https:\/\/life-green-sheep.eu\/fr\/life-greensheep-european-webinar-20-11-2023-first-results\/'><img loading=\"lazy\" decoding=\"async\" width=\"940\" height=\"788\" src=\"https:\/\/life-green-sheep.eu\/wp-content\/uploads\/2023\/12\/Copie-de-LIFE-GREEN-SHEEP-LE-PROGRAMME-DE-TECHOVIN-4.png\" class=\"rt-img-responsive \" alt=\"\" srcset=\"https:\/\/life-green-sheep.eu\/wp-content\/uploads\/2023\/12\/Copie-de-LIFE-GREEN-SHEEP-LE-PROGRAMME-DE-TECHOVIN-4.png 940w, https:\/\/life-green-sheep.eu\/wp-content\/uploads\/2023\/12\/Copie-de-LIFE-GREEN-SHEEP-LE-PROGRAMME-DE-TECHOVIN-4-300x251.png 300w, https:\/\/life-green-sheep.eu\/wp-content\/uploads\/2023\/12\/Copie-de-LIFE-GREEN-SHEEP-LE-PROGRAMME-DE-TECHOVIN-4-768x644.png 768w, https:\/\/life-green-sheep.eu\/wp-content\/uploads\/2023\/12\/Copie-de-LIFE-GREEN-SHEEP-LE-PROGRAMME-DE-TECHOVIN-4-750x629.png 750w, https:\/\/life-green-sheep.eu\/wp-content\/uploads\/2023\/12\/Copie-de-LIFE-GREEN-SHEEP-LE-PROGRAMME-DE-TECHOVIN-4-540x453.png 540w\" sizes=\"auto, (max-width: 940px) 100vw, 940px\" \/><\/a><\/div> <div class='rt-detail'><h3 class=\"entry-title\"><a data-id=\"15532\" class=\"\" href=\"https:\/\/life-green-sheep.eu\/fr\/life-greensheep-european-webinar-20-11-2023-first-results\/\">Webinaire europ\u00e9en LIFE GREENSHEEP 20\/11\/2023 : PREMIERS RESULTATS<\/a><\/h3><div class='tpg-excerpt'>Le 20 novembre, un webinaire europ\u00e9en a \u00e9t\u00e9 organis\u00e9 : Pr\u00e9sentation g\u00e9n\u00e9rale du projet LIFE...<\/div><div class='post-meta '><span class='read-more'><a data-id='15532' class='' href='https:\/\/life-green-sheep.eu\/fr\/life-greensheep-european-webinar-20-11-2023-first-results\/'>Read More<\/a><\/span><\/div><\/div><\/div><\/div><div class=\"rt-col-md-6 rt-col-sm-6 rt-col-xs-12 even-grid-item rt-grid-item\" data-id=\"17025\"><div class=\"rt-holder\"><div class=\"rt-img-holder\"><a data-id='17025' class='' href='https:\/\/life-green-sheep.eu\/fr\/are-low-carbon-farm-as-sustainable-as-others-results-to-a-recent-study-based-on-life-green-sheep-at-76th-eaap-in-austria\/'><img loading=\"lazy\" decoding=\"async\" width=\"1600\" height=\"901\" src=\"https:\/\/life-green-sheep.eu\/wp-content\/uploads\/2025\/12\/IMG-20250828-WA0005.jpg\" class=\"rt-img-responsive \" alt=\"\" srcset=\"https:\/\/life-green-sheep.eu\/wp-content\/uploads\/2025\/12\/IMG-20250828-WA0005.jpg 1600w, https:\/\/life-green-sheep.eu\/wp-content\/uploads\/2025\/12\/IMG-20250828-WA0005-300x169.jpg 300w, https:\/\/life-green-sheep.eu\/wp-content\/uploads\/2025\/12\/IMG-20250828-WA0005-1024x577.jpg 1024w, https:\/\/life-green-sheep.eu\/wp-content\/uploads\/2025\/12\/IMG-20250828-WA0005-768x432.jpg 768w, https:\/\/life-green-sheep.eu\/wp-content\/uploads\/2025\/12\/IMG-20250828-WA0005-1536x865.jpg 1536w, https:\/\/life-green-sheep.eu\/wp-content\/uploads\/2025\/12\/IMG-20250828-WA0005-750x422.jpg 750w, https:\/\/life-green-sheep.eu\/wp-content\/uploads\/2025\/12\/IMG-20250828-WA0005-540x304.jpg 540w, https:\/\/life-green-sheep.eu\/wp-content\/uploads\/2025\/12\/IMG-20250828-WA0005-128x72.jpg 128w\" sizes=\"auto, (max-width: 1600px) 100vw, 1600px\" \/><\/a><\/div> <div class='rt-detail'><h3 class=\"entry-title\"><a data-id=\"17025\" class=\"\" href=\"https:\/\/life-green-sheep.eu\/fr\/are-low-carbon-farm-as-sustainable-as-others-results-to-a-recent-study-based-on-life-green-sheep-at-76th-eaap-in-austria\/\">Les exploitations \u00e0 faible empreinte carbone sont-elles aussi durables que les autres ? R\u00e9sultats d&rsquo;une \u00e9tude r\u00e9cente bas\u00e9e sur Life Green Sheep au 76e EAAP en Autriche<\/a><\/h3><div class='tpg-excerpt'>Les exploitations \u00e0 faible empreinte carbone sont-elles aussi durables que les autres ? Elisabeth Castellan...<\/div><div class='post-meta '><span class='read-more'><a data-id='17025' class='' href='https:\/\/life-green-sheep.eu\/fr\/are-low-carbon-farm-as-sustainable-as-others-results-to-a-recent-study-based-on-life-green-sheep-at-76th-eaap-in-austria\/'>Read More<\/a><\/span><\/div><\/div><\/div><\/div><div class=\"rt-col-md-6 rt-col-sm-6 rt-col-xs-12 even-grid-item rt-grid-item\" data-id=\"16949\"><div class=\"rt-holder\"><div class=\"rt-img-holder\"><a data-id='16949' class='' href='https:\/\/life-green-sheep.eu\/fr\/impacts-positifs-du-pastoralisme-en-vaucluse\/'><img loading=\"lazy\" decoding=\"async\" width=\"1920\" height=\"2560\" src=\"https:\/\/life-green-sheep.eu\/wp-content\/uploads\/2025\/11\/20250616_101323-scaled.jpg\" class=\"rt-img-responsive \" alt=\"\" srcset=\"https:\/\/life-green-sheep.eu\/wp-content\/uploads\/2025\/11\/20250616_101323-scaled.jpg 1920w, https:\/\/life-green-sheep.eu\/wp-content\/uploads\/2025\/11\/20250616_101323-225x300.jpg 225w, https:\/\/life-green-sheep.eu\/wp-content\/uploads\/2025\/11\/20250616_101323-768x1024.jpg 768w, https:\/\/life-green-sheep.eu\/wp-content\/uploads\/2025\/11\/20250616_101323-1152x1536.jpg 1152w, https:\/\/life-green-sheep.eu\/wp-content\/uploads\/2025\/11\/20250616_101323-1536x2048.jpg 1536w, https:\/\/life-green-sheep.eu\/wp-content\/uploads\/2025\/11\/20250616_101323-750x1000.jpg 750w, https:\/\/life-green-sheep.eu\/wp-content\/uploads\/2025\/11\/20250616_101323-540x720.jpg 540w\" sizes=\"auto, (max-width: 1920px) 100vw, 1920px\" \/><\/a><\/div> <div class='rt-detail'><h3 class=\"entry-title\"><a data-id=\"16949\" class=\"\" href=\"https:\/\/life-green-sheep.eu\/fr\/impacts-positifs-du-pastoralisme-en-vaucluse\/\">Quand CAP&rsquo;2ER quantifie les impacts positifs du pastoralisme en Vaucluse<\/a><\/h3><div class='tpg-excerpt'>Au Gaec Les Jassines comme dans plus de vingt fermes ovines du Vaucluse, le diagnostic...<\/div><div class='post-meta '><span class='read-more'><a data-id='16949' class='' href='https:\/\/life-green-sheep.eu\/fr\/impacts-positifs-du-pastoralisme-en-vaucluse\/'>Read More<\/a><\/span><\/div><\/div><\/div><\/div><div class=\"rt-col-md-6 rt-col-sm-6 rt-col-xs-12 even-grid-item rt-grid-item\" data-id=\"16989\"><div class=\"rt-holder\"><div class=\"rt-img-holder\"><a data-id='16989' class='' href='https:\/\/life-green-sheep.eu\/fr\/la-testimonianza-di-michela-dessi\/'><img loading=\"lazy\" decoding=\"async\" width=\"600\" height=\"541\" src=\"https:\/\/life-green-sheep.eu\/wp-content\/uploads\/2025\/11\/Michela-dessi.jpg\" class=\"rt-img-responsive \" alt=\"\" srcset=\"https:\/\/life-green-sheep.eu\/wp-content\/uploads\/2025\/11\/Michela-dessi.jpg 600w, https:\/\/life-green-sheep.eu\/wp-content\/uploads\/2025\/11\/Michela-dessi-300x271.jpg 300w, https:\/\/life-green-sheep.eu\/wp-content\/uploads\/2025\/11\/Michela-dessi-540x487.jpg 540w\" sizes=\"auto, (max-width: 600px) 100vw, 600px\" \/><\/a><\/div> <div class='rt-detail'><h3 class=\"entry-title\"><a data-id=\"16989\" class=\"\" href=\"https:\/\/life-green-sheep.eu\/fr\/la-testimonianza-di-michela-dessi\/\">The Testimony of Michela Dessi, Italy<\/a><\/h3><div class='tpg-excerpt'>Today we move to the south of Sardinia, to a particularly evocative area for its...<\/div><div class='post-meta '><span class='read-more'><a data-id='16989' class='' href='https:\/\/life-green-sheep.eu\/fr\/la-testimonianza-di-michela-dessi\/'>Read More<\/a><\/span><\/div><\/div><\/div><\/div><div class=\"rt-col-md-6 rt-col-sm-6 rt-col-xs-12 even-grid-item rt-grid-item\" data-id=\"16905\"><div class=\"rt-holder\"><div class=\"rt-img-holder\"><a data-id='16905' class='' href='https:\/\/life-green-sheep.eu\/fr\/the-testimonial-of-uxue-sarriegi\/'><img loading=\"lazy\" decoding=\"async\" width=\"573\" height=\"731\" src=\"https:\/\/life-green-sheep.eu\/wp-content\/uploads\/2025\/11\/Uxue-Sarriegi.jpg\" class=\"rt-img-responsive \" alt=\"\" srcset=\"https:\/\/life-green-sheep.eu\/wp-content\/uploads\/2025\/11\/Uxue-Sarriegi.jpg 573w, https:\/\/life-green-sheep.eu\/wp-content\/uploads\/2025\/11\/Uxue-Sarriegi-235x300.jpg 235w, https:\/\/life-green-sheep.eu\/wp-content\/uploads\/2025\/11\/Uxue-Sarriegi-540x689.jpg 540w\" sizes=\"auto, (max-width: 573px) 100vw, 573px\" \/><\/a><\/div> <div class='rt-detail'><h3 class=\"entry-title\"><a data-id=\"16905\" class=\"\" href=\"https:\/\/life-green-sheep.eu\/fr\/the-testimonial-of-uxue-sarriegi\/\">The testimonial of Uxue Sarriegi, advisor at Lurgintza, Spain<\/a><\/h3><div class='tpg-excerpt'>Uxue Sarriegi, technician at the Lurgintza Agricultural Cooperative of Gipuzkoa (Basque Country, Spain) has been...<\/div><div class='post-meta '><span class='read-more'><a data-id='16905' class='' href='https:\/\/life-green-sheep.eu\/fr\/the-testimonial-of-uxue-sarriegi\/'>Read More<\/a><\/span><\/div><\/div><\/div><\/div><div class=\"rt-col-md-6 rt-col-sm-6 rt-col-xs-12 even-grid-item rt-grid-item\" data-id=\"16613\"><div class=\"rt-holder\"><div class=\"rt-img-holder\"><a data-id='16613' class='' href='https:\/\/life-green-sheep.eu\/fr\/promoting-innovation-in-a-traditional-latxa-sheep-farm\/'><img loading=\"lazy\" decoding=\"async\" width=\"850\" height=\"478\" src=\"https:\/\/life-green-sheep.eu\/wp-content\/uploads\/2025\/04\/Borda-Berri.png\" class=\"rt-img-responsive \" alt=\"\" srcset=\"https:\/\/life-green-sheep.eu\/wp-content\/uploads\/2025\/04\/Borda-Berri.png 850w, https:\/\/life-green-sheep.eu\/wp-content\/uploads\/2025\/04\/Borda-Berri-300x169.png 300w, https:\/\/life-green-sheep.eu\/wp-content\/uploads\/2025\/04\/Borda-Berri-768x432.png 768w, https:\/\/life-green-sheep.eu\/wp-content\/uploads\/2025\/04\/Borda-Berri-750x422.png 750w, https:\/\/life-green-sheep.eu\/wp-content\/uploads\/2025\/04\/Borda-Berri-540x304.png 540w, https:\/\/life-green-sheep.eu\/wp-content\/uploads\/2025\/04\/Borda-Berri-128x72.png 128w\" sizes=\"auto, (max-width: 850px) 100vw, 850px\" \/><\/a><\/div> <div class='rt-detail'><h3 class=\"entry-title\"><a data-id=\"16613\" class=\"\" href=\"https:\/\/life-green-sheep.eu\/fr\/promoting-innovation-in-a-traditional-latxa-sheep-farm\/\">Promoting innovation in a traditional Latxa flock: the farm of Iker Sukia<\/a><\/h3><div class='tpg-excerpt'>Iker Sukia manages the flock inherited from his parents and produces and commercializes Idiazabal PDO...<\/div><div class='post-meta '><span class='read-more'><a data-id='16613' class='' href='https:\/\/life-green-sheep.eu\/fr\/promoting-innovation-in-a-traditional-latxa-sheep-farm\/'>Read More<\/a><\/span><\/div><\/div><\/div><\/div><div class=\"rt-col-md-6 rt-col-sm-6 rt-col-xs-12 even-grid-item rt-grid-item\" data-id=\"15257\"><div class=\"rt-holder\"><div class=\"rt-img-holder\"><a data-id='15257' class='' href='https:\/\/life-green-sheep.eu\/fr\/deux-temoignages-video-deleveurs-francais-de-life-green-sheep\/'><img loading=\"lazy\" decoding=\"async\" width=\"973\" height=\"1103\" src=\"https:\/\/life-green-sheep.eu\/wp-content\/uploads\/2023\/09\/video-1.jpg\" class=\"rt-img-responsive \" alt=\"\" srcset=\"https:\/\/life-green-sheep.eu\/wp-content\/uploads\/2023\/09\/video-1.jpg 973w, https:\/\/life-green-sheep.eu\/wp-content\/uploads\/2023\/09\/video-1-265x300.jpg 265w, https:\/\/life-green-sheep.eu\/wp-content\/uploads\/2023\/09\/video-1-903x1024.jpg 903w, https:\/\/life-green-sheep.eu\/wp-content\/uploads\/2023\/09\/video-1-768x871.jpg 768w, https:\/\/life-green-sheep.eu\/wp-content\/uploads\/2023\/09\/video-1-750x850.jpg 750w, https:\/\/life-green-sheep.eu\/wp-content\/uploads\/2023\/09\/video-1-540x612.jpg 540w\" sizes=\"auto, (max-width: 973px) 100vw, 973px\" \/><\/a><\/div> <div class='rt-detail'><h3 class=\"entry-title\"><a data-id=\"15257\" class=\"\" href=\"https:\/\/life-green-sheep.eu\/fr\/deux-temoignages-video-deleveurs-francais-de-life-green-sheep\/\">Deux t\u00e9moignages vid\u00e9o d&rsquo;\u00e9leveurs fran\u00e7ais de Life Green Sheep<\/a><\/h3><div class='tpg-excerpt'>Deux vid\u00e9os ont \u00e9t\u00e9 tourn\u00e9es cet \u00e9t\u00e9 en partenariat avec le groupe de presse Reussir...<\/div><div class='post-meta '><span class='read-more'><a data-id='15257' class='' href='https:\/\/life-green-sheep.eu\/fr\/deux-temoignages-video-deleveurs-francais-de-life-green-sheep\/'>Read More<\/a><\/span><\/div><\/div><\/div><\/div><div class=\"rt-col-md-6 rt-col-sm-6 rt-col-xs-12 even-grid-item rt-grid-item\" data-id=\"16222\"><div class=\"rt-holder\"><div class=\"rt-img-holder\"><a data-id='16222' class='' href='https:\/\/life-green-sheep.eu\/fr\/video-dans-l-allier-polyculture-elevage\/'><img loading=\"lazy\" decoding=\"async\" width=\"1917\" height=\"1076\" src=\"https:\/\/life-green-sheep.eu\/wp-content\/uploads\/2024\/12\/image-video.jpg\" class=\"rt-img-responsive \" alt=\"\" srcset=\"https:\/\/life-green-sheep.eu\/wp-content\/uploads\/2024\/12\/image-video.jpg 1917w, https:\/\/life-green-sheep.eu\/wp-content\/uploads\/2024\/12\/image-video-300x168.jpg 300w, https:\/\/life-green-sheep.eu\/wp-content\/uploads\/2024\/12\/image-video-1024x575.jpg 1024w, https:\/\/life-green-sheep.eu\/wp-content\/uploads\/2024\/12\/image-video-768x431.jpg 768w, https:\/\/life-green-sheep.eu\/wp-content\/uploads\/2024\/12\/image-video-1536x862.jpg 1536w, https:\/\/life-green-sheep.eu\/wp-content\/uploads\/2024\/12\/image-video-750x421.jpg 750w, https:\/\/life-green-sheep.eu\/wp-content\/uploads\/2024\/12\/image-video-540x303.jpg 540w, https:\/\/life-green-sheep.eu\/wp-content\/uploads\/2024\/12\/image-video-128x72.jpg 128w\" sizes=\"auto, (max-width: 1917px) 100vw, 1917px\" \/><\/a><\/div> <div class='rt-detail'><h3 class=\"entry-title\"><a data-id=\"16222\" class=\"\" href=\"https:\/\/life-green-sheep.eu\/fr\/video-dans-l-allier-polyculture-elevage\/\">Nouvelle vid\u00e9o tourn\u00e9e chez un \u00e9leveur innovant dans l\u2019Allier<\/a><\/h3><div class='tpg-excerpt'>Le projet Life Green Sheep apporte des solutions concr\u00e8tes aux \u00e9leveurs pour diminuer significativement leur...<\/div><div class='post-meta '><span class='read-more'><a data-id='16222' class='' href='https:\/\/life-green-sheep.eu\/fr\/video-dans-l-allier-polyculture-elevage\/'>Read More<\/a><\/span><\/div><\/div><\/div><\/div><div class=\"rt-col-md-6 rt-col-sm-6 rt-col-xs-12 even-grid-item rt-grid-item\" data-id=\"15583\"><div class=\"rt-holder\"><div class=\"rt-img-holder\"><a data-id='15583' class='' href='https:\/\/life-green-sheep.eu\/fr\/temoignage-eleveuse-aveyron\/'><img loading=\"lazy\" decoding=\"async\" width=\"1920\" height=\"2560\" src=\"https:\/\/life-green-sheep.eu\/wp-content\/uploads\/2024\/01\/20240126_092641-scaled.jpg\" class=\"rt-img-responsive \" alt=\"\" srcset=\"https:\/\/life-green-sheep.eu\/wp-content\/uploads\/2024\/01\/20240126_092641-scaled.jpg 1920w, https:\/\/life-green-sheep.eu\/wp-content\/uploads\/2024\/01\/20240126_092641-225x300.jpg 225w, https:\/\/life-green-sheep.eu\/wp-content\/uploads\/2024\/01\/20240126_092641-768x1024.jpg 768w, https:\/\/life-green-sheep.eu\/wp-content\/uploads\/2024\/01\/20240126_092641-1152x1536.jpg 1152w, https:\/\/life-green-sheep.eu\/wp-content\/uploads\/2024\/01\/20240126_092641-1536x2048.jpg 1536w, https:\/\/life-green-sheep.eu\/wp-content\/uploads\/2024\/01\/20240126_092641-750x1000.jpg 750w, https:\/\/life-green-sheep.eu\/wp-content\/uploads\/2024\/01\/20240126_092641-540x720.jpg 540w\" sizes=\"auto, (max-width: 1920px) 100vw, 1920px\" \/><\/a><\/div> <div class='rt-detail'><h3 class=\"entry-title\"><a data-id=\"15583\" class=\"\" href=\"https:\/\/life-green-sheep.eu\/fr\/temoignage-eleveuse-aveyron\/\">Regards crois\u00e9s d\u2019une \u00e9leveuse et de sa conseill\u00e8re sur un \u00e9levage innovant en Aveyron (France)<\/a><\/h3><div class='tpg-excerpt'>\" On a pris le temps de poser les choses, de prendre du recul sur...<\/div><div class='post-meta '><span class='read-more'><a data-id='15583' class='' href='https:\/\/life-green-sheep.eu\/fr\/temoignage-eleveuse-aveyron\/'>Read More<\/a><\/span><\/div><\/div><\/div><\/div><\/div><div class='rt-pagination-wrap' data-total-pages='4' data-posts-per-page='10' data-type='pagination'  ><div class=\"rt-pagination\" ><ul class=\"pagination-list\"><li class=\"active\"><span>1<\/span><\/li><li><a data-paged='2' href='https:\/\/life-green-sheep.eu\/fr\/wp-json\/wp\/v2\/pages\/12929\/page\/2\/'>2<\/a><\/li><li><a data-paged='3' href='https:\/\/life-green-sheep.eu\/fr\/wp-json\/wp\/v2\/pages\/12929\/page\/3\/'>3<\/a><\/li><li><a data-paged='4' href='https:\/\/life-green-sheep.eu\/fr\/wp-json\/wp\/v2\/pages\/12929\/page\/4\/'>4<\/a><\/li><\/ul><\/div><\/div><\/div>[\/vc_column_text][\/vc_column][\/vc_row]<\/p>\n<\/div>","protected":false},"excerpt":{"rendered":"<p>[vc_row][vc_column][\/vc_column][\/vc_row][vc_row css_animation=\u00a0\u00bbfadeIn\u00a0\u00bb bg_type=\u00a0\u00bbbg_color\u00a0\u00bb bg_color_value=\u00a0\u00bb#d8e1d6&Prime;][vc_column][vc_column_text][\/vc_column_text][\/vc_column][\/vc_row]<\/p>\n","protected":false},"author":2,"featured_media":0,"parent":0,"menu_order":0,"comment_status":"closed","ping_status":"closed","template":"","meta":{"_bbp_topic_count":0,"_bbp_reply_count":0,"_bbp_total_topic_count":0,"_bbp_total_reply_count":0,"_bbp_voice_count":0,"_bbp_anonymous_reply_count":0,"_bbp_topic_count_hidden":0,"_bbp_reply_count_hidden":0,"_bbp_forum_subforum_count":0,"footnotes":""},"class_list":["post-12929","page","type-page","status-publish","hentry"],"rttpg_featured_image_url":null,"rttpg_author":{"display_name":"Untangled Web Support","author_link":"https:\/\/life-green-sheep.eu\/fr\/author\/untangledwebl\/"},"rttpg_comment":0,"rttpg_category":"","rttpg_excerpt":"[vc_row][vc_column][\/vc_column][\/vc_row][vc_row css_animation=\u00a0\u00bbfadeIn\u00a0\u00bb bg_type=\u00a0\u00bbbg_color\u00a0\u00bb bg_color_value=\u00a0\u00bb#d8e1d6&Prime;][vc_column][vc_column_text][\/vc_column_text][\/vc_column][\/vc_row]","_links":{"self":[{"href":"https:\/\/life-green-sheep.eu\/fr\/wp-json\/wp\/v2\/pages\/12929","targetHints":{"allow":["GET"]}}],"collection":[{"href":"https:\/\/life-green-sheep.eu\/fr\/wp-json\/wp\/v2\/pages"}],"about":[{"href":"https:\/\/life-green-sheep.eu\/fr\/wp-json\/wp\/v2\/types\/page"}],"author":[{"embeddable":true,"href":"https:\/\/life-green-sheep.eu\/fr\/wp-json\/wp\/v2\/users\/2"}],"replies":[{"embeddable":true,"href":"https:\/\/life-green-sheep.eu\/fr\/wp-json\/wp\/v2\/comments?post=12929"}],"version-history":[{"count":2,"href":"https:\/\/life-green-sheep.eu\/fr\/wp-json\/wp\/v2\/pages\/12929\/revisions"}],"predecessor-version":[{"id":12931,"href":"https:\/\/life-green-sheep.eu\/fr\/wp-json\/wp\/v2\/pages\/12929\/revisions\/12931"}],"wp:attachment":[{"href":"https:\/\/life-green-sheep.eu\/fr\/wp-json\/wp\/v2\/media?parent=12929"}],"curies":[{"name":"wp","href":"https:\/\/api.w.org\/{rel}","templated":true}]}}