{"id":12941,"date":"2022-09-29T08:04:34","date_gmt":"2022-09-29T08:04:34","guid":{"rendered":"https:\/\/life-green-sheep.eu\/nouvelles\/"},"modified":"2023-01-25T16:50:06","modified_gmt":"2023-01-25T16:50:06","slug":"nouvelles","status":"publish","type":"page","link":"https:\/\/life-green-sheep.eu\/fr\/nouvelles\/","title":{"rendered":"Actualit\u00e9s"},"content":{"rendered":"<div class=\"wpb-content-wrapper\"><p>[vc_row][vc_column]<div class=\"ult-spacer spacer-69d0fdc611515\" data-id=\"69d0fdc611515\" data-height=\"40\" data-height-mobile=\"20\" data-height-tab=\"30\" data-height-tab-portrait=\"30\" data-height-mobile-landscape=\"20\" style=\"clear:both;display:block;\"><\/div>[\/vc_column][\/vc_row][vc_row css_animation=\u00a0\u00bbfadeIn\u00a0\u00bb bg_type=\u00a0\u00bbbg_color\u00a0\u00bb bg_color_value=\u00a0\u00bb#d8e1d6&Prime;][vc_column][vc_column_text]<style type='text\/css' media='all'>#rt-tpg-container-623227440 .rt-holder .rt-woo-info .price{color:#6eaf60;}body .rt-tpg-container .rt-tpg-isotope-buttons .selected,\n\t\t\t\t\t#rt-tpg-container-623227440 .layout12 .rt-holder:hover .rt-detail,\n\t\t\t\t\t#rt-tpg-container-623227440 .isotope8 .rt-holder:hover .rt-detail,\n\t\t\t\t\t#rt-tpg-container-623227440 .carousel8 .rt-holder:hover .rt-detail,\n\t\t\t\t\t#rt-tpg-container-623227440 .layout13 .rt-holder .overlay .post-info,\n\t\t\t\t\t#rt-tpg-container-623227440 .isotope9 .rt-holder .overlay .post-info,\n\t\t\t\t\t#rt-tpg-container-623227440.rt-tpg-container .layout4 .rt-holder .rt-detail,\n\t\t\t\t\t.rt-modal-623227440 .md-content,\n\t\t\t\t\t.rt-modal-623227440 .md-content > .rt-md-content-holder .rt-md-content,\n\t\t\t\t\t.rt-popup-wrap-623227440.rt-popup-wrap .rt-popup-navigation-wrap,\n\t\t\t\t\t#rt-tpg-container-623227440 .carousel9 .rt-holder .overlay .post-info{background-color:#6eaf60;}#rt-tpg-container-623227440 .layout5 .rt-holder .overlay, #rt-tpg-container-623227440 .isotope2 .rt-holder .overlay, #rt-tpg-container-623227440 .carousel2 .rt-holder .overlay,#rt-tpg-container-623227440 .layout15 .rt-holder h3, #rt-tpg-container-623227440 .isotope11 .rt-holder h3, #rt-tpg-container-623227440 .carousel11 .rt-holder h3, #rt-tpg-container-623227440 .layout16 .rt-holder h3,\n\t\t\t\t\t#rt-tpg-container-623227440 .isotope12 .rt-holder h3, #rt-tpg-container-623227440 .carousel12 .rt-holder h3 {background-color:rgba(110,175,96,0.1);}#rt-tpg-container-623227440 .read-more a{border-radius:px;}#rt-tpg-container-623227440.rt-tpg-container {margin:20px 20px 20px 20px;}#rt-tpg-container-623227440.rt-tpg-container {padding:20px 20px 20px 20px;}#rt-tpg-container-623227440 .rt-img-holder img.rt-img-responsive,#rt-tpg-container-623227440 .rt-img-holder,\n\t\t\t\t\t#rt-tpg-container-623227440 .rt-post-overlay .post-img,\n\t\t\t\t\t#rt-tpg-container-623227440 .post-sm .post-img,\n\t\t\t\t\t#rt-tpg-container-623227440 .rt-post-grid .post-img,\n\t\t\t\t\t#rt-tpg-container-623227440 .post-img img {border-radius:px;}<\/style><div class='rt-container-fluid rt-tpg-container tpg-shortcode-main-wrapper ' id='rt-tpg-container-623227440'   data-layout='layout12' data-grid-style='even' data-desktop-col='2'  data-tab-col='2'  data-mobile-col='1' data-sc-id='10675'><div class='rt-layout-filter-container rt-clear'><div class='rt-filter-wrap'><div class='rt-filter-item-wrap rt-tax-filter rt-filter-button-wrap' data-taxonomy='category'><span class='term-button-item rt-filter-button-item  selected' data-term='all'>All<\/span><\/div><\/div><\/div><div data-title='Loading ...' class='rt-row rt-content-loader   layout12 tpg-even '><div class=\"rt-col-md-6 rt-col-sm-6 rt-col-xs-12 even-grid-item rt-grid-item\" data-id=\"17037\"><div class=\"rt-holder\"><div class=\"rt-img-holder\"><a data-id='17037' class='' href='https:\/\/life-green-sheep.eu\/fr\/eu-life-green-sheep-webinar-feedbacks\/'><img loading=\"lazy\" decoding=\"async\" width=\"1853\" height=\"889\" src=\"https:\/\/life-green-sheep.eu\/wp-content\/uploads\/2026\/01\/webinaire.jpg\" class=\"rt-img-responsive \" alt=\"\" srcset=\"https:\/\/life-green-sheep.eu\/wp-content\/uploads\/2026\/01\/webinaire.jpg 1853w, https:\/\/life-green-sheep.eu\/wp-content\/uploads\/2026\/01\/webinaire-300x144.jpg 300w, https:\/\/life-green-sheep.eu\/wp-content\/uploads\/2026\/01\/webinaire-1024x491.jpg 1024w, https:\/\/life-green-sheep.eu\/wp-content\/uploads\/2026\/01\/webinaire-768x368.jpg 768w, https:\/\/life-green-sheep.eu\/wp-content\/uploads\/2026\/01\/webinaire-1536x737.jpg 1536w, https:\/\/life-green-sheep.eu\/wp-content\/uploads\/2026\/01\/webinaire-750x360.jpg 750w, https:\/\/life-green-sheep.eu\/wp-content\/uploads\/2026\/01\/webinaire-540x259.jpg 540w\" sizes=\"auto, (max-width: 1853px) 100vw, 1853px\" \/><\/a><\/div> <div class='rt-detail'><h3 class=\"entry-title\"><a data-id=\"17037\" class=\"\" href=\"https:\/\/life-green-sheep.eu\/fr\/eu-life-green-sheep-webinar-feedbacks\/\">A webinar to discover two Low-Carbon and Sustainable Sheep Farms in Italy and Romania<\/a><\/h3><div class='tpg-excerpt'>On 20 January 2026, the European project LIFE Green Sheep hosted a webinar bringing together...<\/div><div class='post-meta '><span class='read-more'><a data-id='17037' class='' href='https:\/\/life-green-sheep.eu\/fr\/eu-life-green-sheep-webinar-feedbacks\/'>Read More<\/a><\/span><\/div><\/div><\/div><\/div><div class=\"rt-col-md-6 rt-col-sm-6 rt-col-xs-12 even-grid-item rt-grid-item\" data-id=\"17029\"><div class=\"rt-holder\"><div class=\"rt-img-holder\"><a data-id='17029' class='' href='https:\/\/life-green-sheep.eu\/fr\/eu-life-green-sheep-webinar-20-01-2026\/'><img loading=\"lazy\" decoding=\"async\" width=\"940\" height=\"788\" src=\"https:\/\/life-green-sheep.eu\/wp-content\/uploads\/2025\/12\/LIFE-GREEN-SHEEP-For-low-carbon-and-sustainable-sheep-farms-5.jpg\" class=\"rt-img-responsive \" alt=\"\" srcset=\"https:\/\/life-green-sheep.eu\/wp-content\/uploads\/2025\/12\/LIFE-GREEN-SHEEP-For-low-carbon-and-sustainable-sheep-farms-5.jpg 940w, https:\/\/life-green-sheep.eu\/wp-content\/uploads\/2025\/12\/LIFE-GREEN-SHEEP-For-low-carbon-and-sustainable-sheep-farms-5-300x251.jpg 300w, https:\/\/life-green-sheep.eu\/wp-content\/uploads\/2025\/12\/LIFE-GREEN-SHEEP-For-low-carbon-and-sustainable-sheep-farms-5-768x644.jpg 768w, https:\/\/life-green-sheep.eu\/wp-content\/uploads\/2025\/12\/LIFE-GREEN-SHEEP-For-low-carbon-and-sustainable-sheep-farms-5-750x629.jpg 750w, https:\/\/life-green-sheep.eu\/wp-content\/uploads\/2025\/12\/LIFE-GREEN-SHEEP-For-low-carbon-and-sustainable-sheep-farms-5-540x453.jpg 540w\" sizes=\"auto, (max-width: 940px) 100vw, 940px\" \/><\/a><\/div> <div class='rt-detail'><h3 class=\"entry-title\"><a data-id=\"17029\" class=\"\" href=\"https:\/\/life-green-sheep.eu\/fr\/eu-life-green-sheep-webinar-20-01-2026\/\">EU LIFE GREEN SHEEP WEBINAR 20\/01\/2026<\/a><\/h3><div class='tpg-excerpt'>Save the date The LIFE GreenSheep team is happy to invite you to the next...<\/div><div class='post-meta '><span class='read-more'><a data-id='17029' class='' href='https:\/\/life-green-sheep.eu\/fr\/eu-life-green-sheep-webinar-20-01-2026\/'>Read More<\/a><\/span><\/div><\/div><\/div><\/div><div class=\"rt-col-md-6 rt-col-sm-6 rt-col-xs-12 even-grid-item rt-grid-item\" data-id=\"17025\"><div class=\"rt-holder\"><div class=\"rt-img-holder\"><a data-id='17025' class='' href='https:\/\/life-green-sheep.eu\/fr\/are-low-carbon-farm-as-sustainable-as-others-results-to-a-recent-study-based-on-life-green-sheep-at-76th-eaap-in-austria\/'><img loading=\"lazy\" decoding=\"async\" width=\"1600\" height=\"901\" src=\"https:\/\/life-green-sheep.eu\/wp-content\/uploads\/2025\/12\/IMG-20250828-WA0005.jpg\" class=\"rt-img-responsive \" alt=\"\" srcset=\"https:\/\/life-green-sheep.eu\/wp-content\/uploads\/2025\/12\/IMG-20250828-WA0005.jpg 1600w, https:\/\/life-green-sheep.eu\/wp-content\/uploads\/2025\/12\/IMG-20250828-WA0005-300x169.jpg 300w, https:\/\/life-green-sheep.eu\/wp-content\/uploads\/2025\/12\/IMG-20250828-WA0005-1024x577.jpg 1024w, https:\/\/life-green-sheep.eu\/wp-content\/uploads\/2025\/12\/IMG-20250828-WA0005-768x432.jpg 768w, https:\/\/life-green-sheep.eu\/wp-content\/uploads\/2025\/12\/IMG-20250828-WA0005-1536x865.jpg 1536w, https:\/\/life-green-sheep.eu\/wp-content\/uploads\/2025\/12\/IMG-20250828-WA0005-750x422.jpg 750w, https:\/\/life-green-sheep.eu\/wp-content\/uploads\/2025\/12\/IMG-20250828-WA0005-540x304.jpg 540w, https:\/\/life-green-sheep.eu\/wp-content\/uploads\/2025\/12\/IMG-20250828-WA0005-128x72.jpg 128w\" sizes=\"auto, (max-width: 1600px) 100vw, 1600px\" \/><\/a><\/div> <div class='rt-detail'><h3 class=\"entry-title\"><a data-id=\"17025\" class=\"\" href=\"https:\/\/life-green-sheep.eu\/fr\/are-low-carbon-farm-as-sustainable-as-others-results-to-a-recent-study-based-on-life-green-sheep-at-76th-eaap-in-austria\/\">Les exploitations \u00e0 faible empreinte carbone sont-elles aussi durables que les autres ? R\u00e9sultats d&rsquo;une \u00e9tude r\u00e9cente bas\u00e9e sur Life Green Sheep au 76e EAAP en Autriche<\/a><\/h3><div class='tpg-excerpt'>Les exploitations \u00e0 faible empreinte carbone sont-elles aussi durables que les autres ? Elisabeth Castellan...<\/div><div class='post-meta '><span class='read-more'><a data-id='17025' class='' href='https:\/\/life-green-sheep.eu\/fr\/are-low-carbon-farm-as-sustainable-as-others-results-to-a-recent-study-based-on-life-green-sheep-at-76th-eaap-in-austria\/'>Read More<\/a><\/span><\/div><\/div><\/div><\/div><div class=\"rt-col-md-6 rt-col-sm-6 rt-col-xs-12 even-grid-item rt-grid-item\" data-id=\"17016\"><div class=\"rt-holder\"><div class=\"rt-img-holder\"><a data-id='17016' class='' href='https:\/\/life-green-sheep.eu\/fr\/comment-aborder-le-changement-climatique-en-filieres-ovines-dans-lenseignement-agricole-retour-sur-les-webinaires-des-13-et-21-novembre\/'><img loading=\"lazy\" decoding=\"async\" width=\"1998\" height=\"1675\" src=\"https:\/\/life-green-sheep.eu\/wp-content\/uploads\/2025\/10\/1.jpg\" class=\"rt-img-responsive \" alt=\"\" srcset=\"https:\/\/life-green-sheep.eu\/wp-content\/uploads\/2025\/10\/1.jpg 1998w, https:\/\/life-green-sheep.eu\/wp-content\/uploads\/2025\/10\/1-300x252.jpg 300w, https:\/\/life-green-sheep.eu\/wp-content\/uploads\/2025\/10\/1-1024x858.jpg 1024w, https:\/\/life-green-sheep.eu\/wp-content\/uploads\/2025\/10\/1-768x644.jpg 768w, https:\/\/life-green-sheep.eu\/wp-content\/uploads\/2025\/10\/1-1536x1288.jpg 1536w, https:\/\/life-green-sheep.eu\/wp-content\/uploads\/2025\/10\/1-750x629.jpg 750w, https:\/\/life-green-sheep.eu\/wp-content\/uploads\/2025\/10\/1-540x453.jpg 540w\" sizes=\"auto, (max-width: 1998px) 100vw, 1998px\" \/><\/a><\/div> <div class='rt-detail'><h3 class=\"entry-title\"><a data-id=\"17016\" class=\"\" href=\"https:\/\/life-green-sheep.eu\/fr\/comment-aborder-le-changement-climatique-en-filieres-ovines-dans-lenseignement-agricole-retour-sur-les-webinaires-des-13-et-21-novembre\/\">Comment aborder le changement climatique en fili\u00e8res ovines dans l\u2019enseignement agricole ? Retour sur les webinaires des 13 et 21 novembre<\/a><\/h3><div class='tpg-excerpt'>Les 13 et 21 novembre, dans le cadre du projet LIFE GREEN SHEEP, avec le...<\/div><div class='post-meta '><span class='read-more'><a data-id='17016' class='' href='https:\/\/life-green-sheep.eu\/fr\/comment-aborder-le-changement-climatique-en-filieres-ovines-dans-lenseignement-agricole-retour-sur-les-webinaires-des-13-et-21-novembre\/'>Read More<\/a><\/span><\/div><\/div><\/div><\/div><div class=\"rt-col-md-6 rt-col-sm-6 rt-col-xs-12 even-grid-item rt-grid-item\" data-id=\"16949\"><div class=\"rt-holder\"><div class=\"rt-img-holder\"><a data-id='16949' class='' href='https:\/\/life-green-sheep.eu\/fr\/impacts-positifs-du-pastoralisme-en-vaucluse\/'><img loading=\"lazy\" decoding=\"async\" width=\"1920\" height=\"2560\" src=\"https:\/\/life-green-sheep.eu\/wp-content\/uploads\/2025\/11\/20250616_101323-scaled.jpg\" class=\"rt-img-responsive \" alt=\"\" srcset=\"https:\/\/life-green-sheep.eu\/wp-content\/uploads\/2025\/11\/20250616_101323-scaled.jpg 1920w, https:\/\/life-green-sheep.eu\/wp-content\/uploads\/2025\/11\/20250616_101323-225x300.jpg 225w, https:\/\/life-green-sheep.eu\/wp-content\/uploads\/2025\/11\/20250616_101323-768x1024.jpg 768w, https:\/\/life-green-sheep.eu\/wp-content\/uploads\/2025\/11\/20250616_101323-1152x1536.jpg 1152w, https:\/\/life-green-sheep.eu\/wp-content\/uploads\/2025\/11\/20250616_101323-1536x2048.jpg 1536w, https:\/\/life-green-sheep.eu\/wp-content\/uploads\/2025\/11\/20250616_101323-750x1000.jpg 750w, https:\/\/life-green-sheep.eu\/wp-content\/uploads\/2025\/11\/20250616_101323-540x720.jpg 540w\" sizes=\"auto, (max-width: 1920px) 100vw, 1920px\" \/><\/a><\/div> <div class='rt-detail'><h3 class=\"entry-title\"><a data-id=\"16949\" class=\"\" href=\"https:\/\/life-green-sheep.eu\/fr\/impacts-positifs-du-pastoralisme-en-vaucluse\/\">Quand CAP&rsquo;2ER quantifie les impacts positifs du pastoralisme en Vaucluse<\/a><\/h3><div class='tpg-excerpt'>Au Gaec Les Jassines comme dans plus de vingt fermes ovines du Vaucluse, le diagnostic...<\/div><div class='post-meta '><span class='read-more'><a data-id='16949' class='' href='https:\/\/life-green-sheep.eu\/fr\/impacts-positifs-du-pastoralisme-en-vaucluse\/'>Read More<\/a><\/span><\/div><\/div><\/div><\/div><div class=\"rt-col-md-6 rt-col-sm-6 rt-col-xs-12 even-grid-item rt-grid-item\" data-id=\"16989\"><div class=\"rt-holder\"><div class=\"rt-img-holder\"><a data-id='16989' class='' href='https:\/\/life-green-sheep.eu\/fr\/la-testimonianza-di-michela-dessi\/'><img loading=\"lazy\" decoding=\"async\" width=\"600\" height=\"541\" src=\"https:\/\/life-green-sheep.eu\/wp-content\/uploads\/2025\/11\/Michela-dessi.jpg\" class=\"rt-img-responsive \" alt=\"\" srcset=\"https:\/\/life-green-sheep.eu\/wp-content\/uploads\/2025\/11\/Michela-dessi.jpg 600w, https:\/\/life-green-sheep.eu\/wp-content\/uploads\/2025\/11\/Michela-dessi-300x271.jpg 300w, https:\/\/life-green-sheep.eu\/wp-content\/uploads\/2025\/11\/Michela-dessi-540x487.jpg 540w\" sizes=\"auto, (max-width: 600px) 100vw, 600px\" \/><\/a><\/div> <div class='rt-detail'><h3 class=\"entry-title\"><a data-id=\"16989\" class=\"\" href=\"https:\/\/life-green-sheep.eu\/fr\/la-testimonianza-di-michela-dessi\/\">The Testimony of Michela Dessi, Italy<\/a><\/h3><div class='tpg-excerpt'>Today we move to the south of Sardinia, to a particularly evocative area for its...<\/div><div class='post-meta '><span class='read-more'><a data-id='16989' class='' href='https:\/\/life-green-sheep.eu\/fr\/la-testimonianza-di-michela-dessi\/'>Read More<\/a><\/span><\/div><\/div><\/div><\/div><div class=\"rt-col-md-6 rt-col-sm-6 rt-col-xs-12 even-grid-item rt-grid-item\" data-id=\"16945\"><div class=\"rt-holder\"><div class=\"rt-img-holder\"><a data-id='16945' class='' href='https:\/\/life-green-sheep.eu\/fr\/outils-pour-les-enseignants-et-formateurs-sur-le-changement-climatique-et-lelevage-ovin\/'><img loading=\"lazy\" decoding=\"async\" width=\"1720\" height=\"887\" src=\"https:\/\/life-green-sheep.eu\/wp-content\/uploads\/2025\/11\/padlet.jpg\" class=\"rt-img-responsive \" alt=\"\" srcset=\"https:\/\/life-green-sheep.eu\/wp-content\/uploads\/2025\/11\/padlet.jpg 1720w, https:\/\/life-green-sheep.eu\/wp-content\/uploads\/2025\/11\/padlet-300x155.jpg 300w, https:\/\/life-green-sheep.eu\/wp-content\/uploads\/2025\/11\/padlet-1024x528.jpg 1024w, https:\/\/life-green-sheep.eu\/wp-content\/uploads\/2025\/11\/padlet-768x396.jpg 768w, https:\/\/life-green-sheep.eu\/wp-content\/uploads\/2025\/11\/padlet-1536x792.jpg 1536w, https:\/\/life-green-sheep.eu\/wp-content\/uploads\/2025\/11\/padlet-750x387.jpg 750w, https:\/\/life-green-sheep.eu\/wp-content\/uploads\/2025\/11\/padlet-540x278.jpg 540w\" sizes=\"auto, (max-width: 1720px) 100vw, 1720px\" \/><\/a><\/div> <div class='rt-detail'><h3 class=\"entry-title\"><a data-id=\"16945\" class=\"\" href=\"https:\/\/life-green-sheep.eu\/fr\/outils-pour-les-enseignants-et-formateurs-sur-le-changement-climatique-et-lelevage-ovin\/\">Toutes les ressources d\u00e9velopp\u00e9es pour l&rsquo;enseignement<\/a><\/h3><div class='tpg-excerpt'>Dans le cadre du projet LIFE Green Sheep et avec le soutien d'un programme CASDAR...<\/div><div class='post-meta '><span class='read-more'><a data-id='16945' class='' href='https:\/\/life-green-sheep.eu\/fr\/outils-pour-les-enseignants-et-formateurs-sur-le-changement-climatique-et-lelevage-ovin\/'>Read More<\/a><\/span><\/div><\/div><\/div><\/div><div class=\"rt-col-md-6 rt-col-sm-6 rt-col-xs-12 even-grid-item rt-grid-item\" data-id=\"16913\"><div class=\"rt-holder\"><div class=\"rt-img-holder\"><a data-id='16913' class='' href='https:\/\/life-green-sheep.eu\/fr\/itacyl-presents-in-ovinnova-results-of-the-life-green-sheep-project\/'><img loading=\"lazy\" decoding=\"async\" width=\"1038\" height=\"1379\" src=\"https:\/\/life-green-sheep.eu\/wp-content\/uploads\/2025\/11\/Raul-Bodas-en-OVINNOVA-2025.jpg\" class=\"rt-img-responsive \" alt=\"\" srcset=\"https:\/\/life-green-sheep.eu\/wp-content\/uploads\/2025\/11\/Raul-Bodas-en-OVINNOVA-2025.jpg 1038w, https:\/\/life-green-sheep.eu\/wp-content\/uploads\/2025\/11\/Raul-Bodas-en-OVINNOVA-2025-226x300.jpg 226w, https:\/\/life-green-sheep.eu\/wp-content\/uploads\/2025\/11\/Raul-Bodas-en-OVINNOVA-2025-771x1024.jpg 771w, https:\/\/life-green-sheep.eu\/wp-content\/uploads\/2025\/11\/Raul-Bodas-en-OVINNOVA-2025-768x1020.jpg 768w, https:\/\/life-green-sheep.eu\/wp-content\/uploads\/2025\/11\/Raul-Bodas-en-OVINNOVA-2025-750x996.jpg 750w, https:\/\/life-green-sheep.eu\/wp-content\/uploads\/2025\/11\/Raul-Bodas-en-OVINNOVA-2025-540x717.jpg 540w\" sizes=\"auto, (max-width: 1038px) 100vw, 1038px\" \/><\/a><\/div> <div class='rt-detail'><h3 class=\"entry-title\"><a data-id=\"16913\" class=\"\" href=\"https:\/\/life-green-sheep.eu\/fr\/itacyl-presents-in-ovinnova-results-of-the-life-green-sheep-project\/\">ITACYL presents in OVINNOVA the results of the LIFE GREEN SHEEP project<\/a><\/h3><div class='tpg-excerpt'>The Agricultural Technology Institute of Castile and Le\u00f3n (ITACyL) has participated once again in Ovinnova...<\/div><div class='post-meta '><span class='read-more'><a data-id='16913' class='' href='https:\/\/life-green-sheep.eu\/fr\/itacyl-presents-in-ovinnova-results-of-the-life-green-sheep-project\/'>Read More<\/a><\/span><\/div><\/div><\/div><\/div><div class=\"rt-col-md-6 rt-col-sm-6 rt-col-xs-12 even-grid-item rt-grid-item\" data-id=\"16905\"><div class=\"rt-holder\"><div class=\"rt-img-holder\"><a data-id='16905' class='' href='https:\/\/life-green-sheep.eu\/fr\/the-testimonial-of-uxue-sarriegi\/'><img loading=\"lazy\" decoding=\"async\" width=\"573\" height=\"731\" src=\"https:\/\/life-green-sheep.eu\/wp-content\/uploads\/2025\/11\/Uxue-Sarriegi.jpg\" class=\"rt-img-responsive \" alt=\"\" srcset=\"https:\/\/life-green-sheep.eu\/wp-content\/uploads\/2025\/11\/Uxue-Sarriegi.jpg 573w, https:\/\/life-green-sheep.eu\/wp-content\/uploads\/2025\/11\/Uxue-Sarriegi-235x300.jpg 235w, https:\/\/life-green-sheep.eu\/wp-content\/uploads\/2025\/11\/Uxue-Sarriegi-540x689.jpg 540w\" sizes=\"auto, (max-width: 573px) 100vw, 573px\" \/><\/a><\/div> <div class='rt-detail'><h3 class=\"entry-title\"><a data-id=\"16905\" class=\"\" href=\"https:\/\/life-green-sheep.eu\/fr\/the-testimonial-of-uxue-sarriegi\/\">The testimonial of Uxue Sarriegi, advisor at Lurgintza, Spain<\/a><\/h3><div class='tpg-excerpt'>Uxue Sarriegi, technician at the Lurgintza Agricultural Cooperative of Gipuzkoa (Basque Country, Spain) has been...<\/div><div class='post-meta '><span class='read-more'><a data-id='16905' class='' href='https:\/\/life-green-sheep.eu\/fr\/the-testimonial-of-uxue-sarriegi\/'>Read More<\/a><\/span><\/div><\/div><\/div><\/div><div class=\"rt-col-md-6 rt-col-sm-6 rt-col-xs-12 even-grid-item rt-grid-item\" data-id=\"16613\"><div class=\"rt-holder\"><div class=\"rt-img-holder\"><a data-id='16613' class='' href='https:\/\/life-green-sheep.eu\/fr\/promoting-innovation-in-a-traditional-latxa-sheep-farm\/'><img loading=\"lazy\" decoding=\"async\" width=\"850\" height=\"478\" src=\"https:\/\/life-green-sheep.eu\/wp-content\/uploads\/2025\/04\/Borda-Berri.png\" class=\"rt-img-responsive \" alt=\"\" srcset=\"https:\/\/life-green-sheep.eu\/wp-content\/uploads\/2025\/04\/Borda-Berri.png 850w, https:\/\/life-green-sheep.eu\/wp-content\/uploads\/2025\/04\/Borda-Berri-300x169.png 300w, https:\/\/life-green-sheep.eu\/wp-content\/uploads\/2025\/04\/Borda-Berri-768x432.png 768w, https:\/\/life-green-sheep.eu\/wp-content\/uploads\/2025\/04\/Borda-Berri-750x422.png 750w, https:\/\/life-green-sheep.eu\/wp-content\/uploads\/2025\/04\/Borda-Berri-540x304.png 540w, https:\/\/life-green-sheep.eu\/wp-content\/uploads\/2025\/04\/Borda-Berri-128x72.png 128w\" sizes=\"auto, (max-width: 850px) 100vw, 850px\" \/><\/a><\/div> <div class='rt-detail'><h3 class=\"entry-title\"><a data-id=\"16613\" class=\"\" href=\"https:\/\/life-green-sheep.eu\/fr\/promoting-innovation-in-a-traditional-latxa-sheep-farm\/\">Promoting innovation in a traditional Latxa flock: the farm of Iker Sukia<\/a><\/h3><div class='tpg-excerpt'>Iker Sukia manages the flock inherited from his parents and produces and commercializes Idiazabal PDO...<\/div><div class='post-meta '><span class='read-more'><a data-id='16613' class='' href='https:\/\/life-green-sheep.eu\/fr\/promoting-innovation-in-a-traditional-latxa-sheep-farm\/'>Read More<\/a><\/span><\/div><\/div><\/div><\/div><\/div><div class='rt-pagination-wrap' data-total-pages='11' data-posts-per-page='10' data-type='load_more'  ><div class='rt-loadmore-btn rt-loadmore-action rt-loadmore-style'>\n\t\t\t\t\t\t\t\t\t\t\t<span class='rt-loadmore-text'>Load More<\/span>\n\t\t\t\t\t\t\t\t\t\t\t<div class='rt-loadmore-loading rt-ball-scale-multiple rt-2x'><div><\/div><div><\/div><div><\/div><\/div>\n\t\t\t\t\t\t\t\t\t\t<\/div><\/div><\/div>[\/vc_column_text][\/vc_column][\/vc_row]<\/p>\n<\/div>","protected":false},"excerpt":{"rendered":"<p>[vc_row][vc_column][\/vc_column][\/vc_row][vc_row css_animation=\u00a0\u00bbfadeIn\u00a0\u00bb bg_type=\u00a0\u00bbbg_color\u00a0\u00bb bg_color_value=\u00a0\u00bb#d8e1d6&Prime;][vc_column][vc_column_text][\/vc_column_text][\/vc_column][\/vc_row]<\/p>\n","protected":false},"author":2,"featured_media":0,"parent":0,"menu_order":0,"comment_status":"closed","ping_status":"closed","template":"","meta":{"_bbp_topic_count":0,"_bbp_reply_count":0,"_bbp_total_topic_count":0,"_bbp_total_reply_count":0,"_bbp_voice_count":0,"_bbp_anonymous_reply_count":0,"_bbp_topic_count_hidden":0,"_bbp_reply_count_hidden":0,"_bbp_forum_subforum_count":0,"footnotes":""},"class_list":["post-12941","page","type-page","status-publish","hentry"],"rttpg_featured_image_url":null,"rttpg_author":{"display_name":"Untangled Web Support","author_link":"https:\/\/life-green-sheep.eu\/fr\/author\/untangledwebl\/"},"rttpg_comment":0,"rttpg_category":"","rttpg_excerpt":"[vc_row][vc_column][\/vc_column][\/vc_row][vc_row css_animation=\u00a0\u00bbfadeIn\u00a0\u00bb bg_type=\u00a0\u00bbbg_color\u00a0\u00bb bg_color_value=\u00a0\u00bb#d8e1d6&Prime;][vc_column][vc_column_text][\/vc_column_text][\/vc_column][\/vc_row]","_links":{"self":[{"href":"https:\/\/life-green-sheep.eu\/fr\/wp-json\/wp\/v2\/pages\/12941","targetHints":{"allow":["GET"]}}],"collection":[{"href":"https:\/\/life-green-sheep.eu\/fr\/wp-json\/wp\/v2\/pages"}],"about":[{"href":"https:\/\/life-green-sheep.eu\/fr\/wp-json\/wp\/v2\/types\/page"}],"author":[{"embeddable":true,"href":"https:\/\/life-green-sheep.eu\/fr\/wp-json\/wp\/v2\/users\/2"}],"replies":[{"embeddable":true,"href":"https:\/\/life-green-sheep.eu\/fr\/wp-json\/wp\/v2\/comments?post=12941"}],"version-history":[{"count":5,"href":"https:\/\/life-green-sheep.eu\/fr\/wp-json\/wp\/v2\/pages\/12941\/revisions"}],"predecessor-version":[{"id":14040,"href":"https:\/\/life-green-sheep.eu\/fr\/wp-json\/wp\/v2\/pages\/12941\/revisions\/14040"}],"wp:attachment":[{"href":"https:\/\/life-green-sheep.eu\/fr\/wp-json\/wp\/v2\/media?parent=12941"}],"curies":[{"name":"wp","href":"https:\/\/api.w.org\/{rel}","templated":true}]}}