{"id":12921,"date":"2022-08-30T12:03:05","date_gmt":"2022-08-30T12:03:05","guid":{"rendered":"https:\/\/life-green-sheep.eu\/documente\/"},"modified":"2023-05-14T20:29:05","modified_gmt":"2023-05-14T20:29:05","slug":"documente","status":"publish","type":"page","link":"https:\/\/life-green-sheep.eu\/ro\/documente\/","title":{"rendered":"Documente"},"content":{"rendered":"<div class=\"wpb-content-wrapper\"><p>[vc_row][vc_column]<div class=\"ult-spacer spacer-69d17429cd5dc\" data-id=\"69d17429cd5dc\" data-height=\"40\" data-height-mobile=\"20\" data-height-tab=\"30\" data-height-tab-portrait=\"30\" data-height-mobile-landscape=\"20\" style=\"clear:both;display:block;\"><\/div>[\/vc_column][\/vc_row][vc_row css_animation=&#8221;fadeIn&#8221; bg_type=&#8221;bg_color&#8221; bg_color_value=&#8221;#d8e1d6&#8243;][vc_column width=&#8221;5\/6&#8243;][vc_column_text]<\/p>\n<h1>LIFE GREEN SHEEP: pentru o cre\u0219tere durabil\u0103 \u0219i cu emisii reduse de carbon a ovinelor Primul webinar UE<\/h1>\n<p><strong>Programul acestui webinar <\/strong><\/p>\n<p>&#8211; Implementarea agriculturii bazate pe carbon \u00een Europa<\/p>\n<p>&#8211; Prezentarea general\u0103 a proiectului LIFE Green Sheep<\/p>\n<p>&#8211; ACV simplificat\u0103 \u00een cre\u0219terea ovinelor: compararea estim\u0103rilor privind amprenta de carbon din diferite instrumente<\/p>\n<p>&#8211; Formarea a 143 de consilieri &#8222;carbon&#8221;<\/p>\n<p>&#8211; Implicarea a 1.637 de ferme de ovine la nivel european<\/p>\n<p>&#8211; Cum s\u0103 diseminezi rezultatele proiectului \u0219i s\u0103 informezi fermierii \u0219i consilierii pe scar\u0103 larg\u0103?<\/p>\n<p>&#8211; Agricultura de carbon \u0219i solu\u021biile bazate pe rezultate, un sistem inovator pentru stimularea ini\u021biativelor de carbon \u0219i dezvoltarea agriculturii durabile<\/p>\n<p>&#8211; Concluzie<\/p>\n<p>https:\/\/vimeo.com\/759586666[\/vc_column_text][\/vc_column][vc_column width=&#8221;1\/6&#8243;][vc_single_image image=&#8221;12535&#8243; onclick=&#8221;custom_link&#8221; img_link_target=&#8221;_blank&#8221; css_animation=&#8221;fadeIn&#8221; link=&#8221;https:\/\/life-green-sheep.eu\/wp-content\/uploads\/2022\/10\/LIFE_GREEN_SHEEP_EU_WEBINAR_20221003.pdf&#8221;][\/vc_column][\/vc_row][vc_row][vc_column]<div class=\"ult-spacer spacer-69d17429cd650\" data-id=\"69d17429cd650\" data-height=\"40\" data-height-mobile=\"20\" data-height-tab=\"30\" data-height-tab-portrait=\"30\" data-height-mobile-landscape=\"20\" style=\"clear:both;display:block;\"><\/div>[\/vc_column][\/vc_row][vc_row css_animation=&#8221;fadeIn&#8221; bg_type=&#8221;bg_color&#8221; bg_color_value=&#8221;#d8e1d6&#8243;][vc_column width=&#8221;5\/6&#8243;][vc_column_text]<\/p>\n<h1>Proiectul LIFE GreenSheep pe scurt<\/h1>\n<p><span data-contrast=\"auto\">Acesta v\u0103 ofer\u0103 o prezentare general\u0103 a proiectului: 5 ac\u021biuni \u0219i cifre cheie pentru a atinge obiectivul LIFE GREEN SHEEP: reducerea cu 12% a amprentei de carbon a laptelui \u0219i c\u0103rnii de oaie, asigur\u00e2nd \u00een acela\u0219i timp durabilitatea fermelor. Ac\u021biuni demonstrative \u0219i de diseminare pentru reducerea amprentei de carbon \u00een cre\u0219terea ovinelor \u00een Europa.<\/span> [\/vc_column_text][\/vc_column][vc_column width=&#8221;1\/6&#8243;][vc_single_image image=&#8221;12535&#8243; onclick=&#8221;custom_link&#8221; img_link_target=&#8221;_blank&#8221; css_animation=&#8221;fadeIn&#8221; link=&#8221;https:\/\/life-green-sheep.eu\/wp-content\/uploads\/2023\/05\/LIFE-Green-Sheep-ROMANIAN.pdf&#8221;][\/vc_column][\/vc_row][vc_row][vc_column]<div class=\"ult-spacer spacer-69d17429cd6a0\" data-id=\"69d17429cd6a0\" data-height=\"40\" data-height-mobile=\"20\" data-height-tab=\"30\" data-height-tab-portrait=\"30\" data-height-mobile-landscape=\"20\" style=\"clear:both;display:block;\"><\/div>[\/vc_column][\/vc_row][vc_row css_animation=&#8221;fadeIn&#8221; bg_type=&#8221;bg_color&#8221; bg_color_value=&#8221;#d8e1d6&#8243;][vc_column width=&#8221;5\/6&#8243;][vc_column_text]<\/p>\n<h1>O prezentare general\u0103 a proiectului LIFE GreenSheep<\/h1>\n<p><span data-contrast=\"auto\">Acest document ofer\u0103 detalii despre obiectivele \u0219i ac\u021biunile desf\u0103\u0219urate de-a lungul \u00eentregului proiect, precum \u0219i calendarul pentru o cre\u0219tere durabil\u0103 \u0219i cu emisii reduse de carbon a ovinelor: dezvoltarea unui cadru european comun privind emisiile de gaze cu efect de ser\u0103, stocarea carbonului \u0219i performan\u021bele de durabilitate, crearea unei dinamici na\u021bionale \u0219i europene. Formarea consilierilor \u0219i a tehnicienilor pentru metodele \u0219i instrumentele de evaluare, crearea unui observator de 1 355 de ferme demonstrative din Europa implicate \u00eentr-o abordare durabil\u0103 \u0219i cu emisii reduse de dioxid de carbon, testarea p\u00e2rghiilor de ac\u021biune durabil\u0103 \u0219i cu emisii reduse de dioxid de carbon prin urm\u0103rirea a 282 de ferme inovatoare cu impact redus de dioxid de carbon din Europa, elaborarea de planuri de ac\u021biune na\u021bionale.<\/span> [\/vc_column_text][\/vc_column][vc_column width=&#8221;1\/6&#8243;][vc_single_image image=&#8221;12535&#8243; onclick=&#8221;custom_link&#8221; img_link_target=&#8221;_blank&#8221; css_animation=&#8221;fadeIn&#8221; link=&#8221;https:\/\/life-green-sheep.eu\/wp-content\/uploads\/2023\/05\/6-pages-leaflet_ROMANIAN.pdf&#8221;][\/vc_column][\/vc_row][vc_row][vc_column]<div class=\"ult-spacer spacer-69d17429cd6e2\" data-id=\"69d17429cd6e2\" data-height=\"40\" data-height-mobile=\"20\" data-height-tab=\"30\" data-height-tab-portrait=\"30\" data-height-mobile-landscape=\"20\" style=\"clear:both;display:block;\"><\/div>[\/vc_column][\/vc_row][vc_row css_animation=&#8221;fadeIn&#8221; bg_type=&#8221;bg_color&#8221; bg_color_value=&#8221;#d8e1d6&#8243;][vc_column width=&#8221;5\/6&#8243;][vc_column_text]<\/p>\n<h1>Proiect ppt<\/h1>\n<p><span data-contrast=\"auto\">Acest powerpoint ofer\u0103 o prezentare sintetic\u0103, dar precis\u0103 a proiectului Life Green Sheep.<\/span>[\/vc_column_text][\/vc_column][vc_column width=&#8221;1\/6&#8243;][vc_single_image image=&#8221;12535&#8243; onclick=&#8221;custom_link&#8221; img_link_target=&#8221;_blank&#8221; css_animation=&#8221;fadeIn&#8221; link=&#8221;https:\/\/life-green-sheep.eu\/wp-content\/uploads\/2022\/09\/ppt.pdf&#8221;][\/vc_column][\/vc_row][vc_row][vc_column]<div class=\"ult-spacer spacer-69d17429cd73e\" data-id=\"69d17429cd73e\" data-height=\"40\" data-height-mobile=\"20\" data-height-tab=\"30\" data-height-tab-portrait=\"30\" data-height-mobile-landscape=\"20\" style=\"clear:both;display:block;\"><\/div>[\/vc_column][\/vc_row][vc_row css_animation=&#8221;fadeIn&#8221; bg_type=&#8221;bg_color&#8221; bg_color_value=&#8221;#d8e1d6&#8243;][vc_column width=&#8221;5\/6&#8243;][vc_column_text]<\/p>\n<h1>Afi\u0219 \u0219tiin\u021bific EAPP<b> <\/b><\/h1>\n<h2><span data-contrast=\"auto\">LIFE Green Sheep : <\/span><span data-contrast=\"auto\">\ufb01nancing<\/span><span data-contrast=\"auto\"> metode comune de estimare a impactului asupra mediului<\/span> <span data-contrast=\"auto\">de la fermele de ovine. <\/span><\/h2>\n<p><span data-contrast=\"auto\">Primele rezultate ale compara\u021biei calitative \u00eentre instrumentele \u0219i metodologiile din cele 5 \u021b\u0103ri implicate \u00een proiect, prezentate la conferin\u021ba EAAP (Federa\u021bia European\u0103 de Zootehnie).<\/span><\/p>\n<p>[\/vc_column_text][\/vc_column][vc_column width=&#8221;1\/6&#8243;][vc_single_image image=&#8221;12535&#8243; onclick=&#8221;custom_link&#8221; img_link_target=&#8221;_blank&#8221; css_animation=&#8221;fadeIn&#8221; link=&#8221;https:\/\/life-green-sheep.eu\/wp-content\/uploads\/2022\/09\/EAAP21_Session43_Atzori_poster_GreenSheep36566.pdf&#8221;][\/vc_column][\/vc_row]<\/p>\n<\/div>","protected":false},"excerpt":{"rendered":"<p>[vc_row][vc_column][\/vc_column][\/vc_row][vc_row css_animation=&#8221;fadeIn&#8221; bg_type=&#8221;bg_color&#8221; bg_color_value=&#8221;#d8e1d6&#8243;][vc_column width=&#8221;5\/6&#8243;][vc_column_text] LIFE GREEN SHEEP: pentru o cre\u0219tere durabil\u0103 \u0219i cu emisii reduse de carbon a ovinelor Primul webinar UE Programul acestui webinar &#8211; Implementarea agriculturii bazate pe carbon \u00een Europa &#8211; Prezentarea general\u0103 a proiectului LIFE Green Sheep &#8211; ACV simplificat\u0103 \u00een cre\u0219terea ovinelor: compararea estim\u0103rilor privind amprenta de carbon din [&hellip;]<\/p>\n","protected":false},"author":2,"featured_media":0,"parent":0,"menu_order":0,"comment_status":"closed","ping_status":"closed","template":"","meta":{"_bbp_topic_count":0,"_bbp_reply_count":0,"_bbp_total_topic_count":0,"_bbp_total_reply_count":0,"_bbp_voice_count":0,"_bbp_anonymous_reply_count":0,"_bbp_topic_count_hidden":0,"_bbp_reply_count_hidden":0,"_bbp_forum_subforum_count":0,"footnotes":""},"class_list":["post-12921","page","type-page","status-publish","hentry"],"rttpg_featured_image_url":null,"rttpg_author":{"display_name":"Untangled Web Support","author_link":"https:\/\/life-green-sheep.eu\/ro\/author\/untangledwebl\/"},"rttpg_comment":0,"rttpg_category":" <a href=\"https:\/\/life-green-sheep.eu\/ro\/?taxonomy=translation_priority&#038;term=optional\" rel=\"tag\">Optional<\/a>","rttpg_excerpt":"[vc_row][vc_column][\/vc_column][\/vc_row][vc_row css_animation=&#8221;fadeIn&#8221; bg_type=&#8221;bg_color&#8221; bg_color_value=&#8221;#d8e1d6&#8243;][vc_column width=&#8221;5\/6&#8243;][vc_column_text] LIFE GREEN SHEEP: pentru o cre\u0219tere durabil\u0103 \u0219i cu emisii reduse de carbon a ovinelor Primul webinar UE Programul acestui webinar &#8211; Implementarea agriculturii bazate pe carbon \u00een Europa &#8211; Prezentarea general\u0103 a proiectului LIFE Green Sheep &#8211; ACV simplificat\u0103 \u00een cre\u0219terea ovinelor: compararea estim\u0103rilor privind amprenta de carbon din&hellip;","_links":{"self":[{"href":"https:\/\/life-green-sheep.eu\/ro\/wp-json\/wp\/v2\/pages\/12921","targetHints":{"allow":["GET"]}}],"collection":[{"href":"https:\/\/life-green-sheep.eu\/ro\/wp-json\/wp\/v2\/pages"}],"about":[{"href":"https:\/\/life-green-sheep.eu\/ro\/wp-json\/wp\/v2\/types\/page"}],"author":[{"embeddable":true,"href":"https:\/\/life-green-sheep.eu\/ro\/wp-json\/wp\/v2\/users\/2"}],"replies":[{"embeddable":true,"href":"https:\/\/life-green-sheep.eu\/ro\/wp-json\/wp\/v2\/comments?post=12921"}],"version-history":[{"count":15,"href":"https:\/\/life-green-sheep.eu\/ro\/wp-json\/wp\/v2\/pages\/12921\/revisions"}],"predecessor-version":[{"id":14915,"href":"https:\/\/life-green-sheep.eu\/ro\/wp-json\/wp\/v2\/pages\/12921\/revisions\/14915"}],"wp:attachment":[{"href":"https:\/\/life-green-sheep.eu\/ro\/wp-json\/wp\/v2\/media?parent=12921"}],"curies":[{"name":"wp","href":"https:\/\/api.w.org\/{rel}","templated":true}]}}