{"id":12935,"date":"2022-09-29T07:56:07","date_gmt":"2022-09-29T07:56:07","guid":{"rendered":"https:\/\/life-green-sheep.eu\/marturii\/"},"modified":"2022-11-25T11:25:10","modified_gmt":"2022-11-25T11:25:10","slug":"marturii","status":"publish","type":"page","link":"https:\/\/life-green-sheep.eu\/ro\/marturii\/","title":{"rendered":"M\u0103rturii"},"content":{"rendered":"<div class=\"wpb-content-wrapper\"><p>[vc_row][vc_column]<div class=\"ult-spacer spacer-69d177d0949cd\" data-id=\"69d177d0949cd\" data-height=\"40\" data-height-mobile=\"20\" data-height-tab=\"30\" data-height-tab-portrait=\"30\" data-height-mobile-landscape=\"20\" style=\"clear:both;display:block;\"><\/div>[\/vc_column][\/vc_row][vc_row css_animation=&#8221;fadeIn&#8221; bg_type=&#8221;bg_color&#8221; bg_color_value=&#8221;#d8e1d6&#8243;][vc_column][vc_column_text]<style type='text\/css' media='all'>#rt-tpg-container-316952094 .rt-holder .rt-woo-info .price{color:#6eaf60;}body .rt-tpg-container .rt-tpg-isotope-buttons .selected,\n\t\t\t\t\t#rt-tpg-container-316952094 .layout12 .rt-holder:hover .rt-detail,\n\t\t\t\t\t#rt-tpg-container-316952094 .isotope8 .rt-holder:hover .rt-detail,\n\t\t\t\t\t#rt-tpg-container-316952094 .carousel8 .rt-holder:hover .rt-detail,\n\t\t\t\t\t#rt-tpg-container-316952094 .layout13 .rt-holder .overlay .post-info,\n\t\t\t\t\t#rt-tpg-container-316952094 .isotope9 .rt-holder .overlay .post-info,\n\t\t\t\t\t#rt-tpg-container-316952094.rt-tpg-container .layout4 .rt-holder .rt-detail,\n\t\t\t\t\t.rt-modal-316952094 .md-content,\n\t\t\t\t\t.rt-modal-316952094 .md-content > .rt-md-content-holder .rt-md-content,\n\t\t\t\t\t.rt-popup-wrap-316952094.rt-popup-wrap .rt-popup-navigation-wrap,\n\t\t\t\t\t#rt-tpg-container-316952094 .carousel9 .rt-holder .overlay .post-info{background-color:#6eaf60;}#rt-tpg-container-316952094 .layout5 .rt-holder .overlay, #rt-tpg-container-316952094 .isotope2 .rt-holder .overlay, #rt-tpg-container-316952094 .carousel2 .rt-holder .overlay,#rt-tpg-container-316952094 .layout15 .rt-holder h3, #rt-tpg-container-316952094 .isotope11 .rt-holder h3, #rt-tpg-container-316952094 .carousel11 .rt-holder h3, #rt-tpg-container-316952094 .layout16 .rt-holder h3,\n\t\t\t\t\t#rt-tpg-container-316952094 .isotope12 .rt-holder h3, #rt-tpg-container-316952094 .carousel12 .rt-holder h3 {background-color:rgba(110,175,96,0.1);}#rt-tpg-container-316952094 .read-more a{border-radius:px;}#rt-tpg-container-316952094.rt-tpg-container {margin:20px 20px 20px 20px;}#rt-tpg-container-316952094.rt-tpg-container {padding:20px 20px 20px 20px;}#rt-tpg-container-316952094 .rt-img-holder img.rt-img-responsive,#rt-tpg-container-316952094 .rt-img-holder,\n\t\t\t\t\t#rt-tpg-container-316952094 .rt-post-overlay .post-img,\n\t\t\t\t\t#rt-tpg-container-316952094 .post-sm .post-img,\n\t\t\t\t\t#rt-tpg-container-316952094 .rt-post-grid .post-img,\n\t\t\t\t\t#rt-tpg-container-316952094 .post-img img {border-radius:px;}<\/style><div class='rt-container-fluid rt-tpg-container tpg-shortcode-main-wrapper ' id='rt-tpg-container-316952094'   data-layout='layout12' data-grid-style='even' data-desktop-col='2'  data-tab-col='2'  data-mobile-col='1' data-sc-id='10672'><div data-title='Loading ...' class='rt-row rt-content-loader   layout12 tpg-even '><div class=\"rt-col-md-6 rt-col-sm-6 rt-col-xs-12 even-grid-item rt-grid-item\" data-id=\"17008\"><div class=\"rt-holder\"><div class=\"rt-img-holder\"><a data-id='17008' class='' href='https:\/\/life-green-sheep.eu\/ro\/eu-steering-committee-in-ireland\/'><img loading=\"lazy\" decoding=\"async\" width=\"590\" height=\"332\" src=\"https:\/\/life-green-sheep.eu\/wp-content\/uploads\/2025\/12\/514670500_740075385371019_591449288974591384_n-1.jpg\" class=\"rt-img-responsive \" alt=\"\" srcset=\"https:\/\/life-green-sheep.eu\/wp-content\/uploads\/2025\/12\/514670500_740075385371019_591449288974591384_n-1.jpg 590w, https:\/\/life-green-sheep.eu\/wp-content\/uploads\/2025\/12\/514670500_740075385371019_591449288974591384_n-1-300x169.jpg 300w, https:\/\/life-green-sheep.eu\/wp-content\/uploads\/2025\/12\/514670500_740075385371019_591449288974591384_n-1-540x304.jpg 540w, https:\/\/life-green-sheep.eu\/wp-content\/uploads\/2025\/12\/514670500_740075385371019_591449288974591384_n-1-128x72.jpg 128w\" sizes=\"auto, (max-width: 590px) 100vw, 590px\" \/><\/a><\/div> <div class='rt-detail'><h3 class=\"entry-title\"><a data-id=\"17008\" class=\"\" href=\"https:\/\/life-green-sheep.eu\/ro\/eu-steering-committee-in-ireland\/\">EU Steering committee in Ireland<\/a><\/h3><div class='tpg-excerpt'>EU steering committee in Ireland for the #lifegreensheep project Discussion about tools comparaison to get...<\/div><div class='post-meta '><span class='read-more'><a data-id='17008' class='' href='https:\/\/life-green-sheep.eu\/ro\/eu-steering-committee-in-ireland\/'>Read More<\/a><\/span><\/div><\/div><\/div><\/div><div class=\"rt-col-md-6 rt-col-sm-6 rt-col-xs-12 even-grid-item rt-grid-item\" data-id=\"17007\"><div class=\"rt-holder\"><div class=\"rt-img-holder\"><a data-id='17007' class='' href='https:\/\/life-green-sheep.eu\/ro\/are-low-carbon-farm-as-sustainable-as-others-results-to-a-recent-study-based-on-life-green-sheep-at-76th-eaap-in-austria\/'><img loading=\"lazy\" decoding=\"async\" width=\"1600\" height=\"901\" src=\"https:\/\/life-green-sheep.eu\/wp-content\/uploads\/2025\/12\/IMG-20250828-WA0005.jpg\" class=\"rt-img-responsive \" alt=\"\" srcset=\"https:\/\/life-green-sheep.eu\/wp-content\/uploads\/2025\/12\/IMG-20250828-WA0005.jpg 1600w, https:\/\/life-green-sheep.eu\/wp-content\/uploads\/2025\/12\/IMG-20250828-WA0005-300x169.jpg 300w, https:\/\/life-green-sheep.eu\/wp-content\/uploads\/2025\/12\/IMG-20250828-WA0005-1024x577.jpg 1024w, https:\/\/life-green-sheep.eu\/wp-content\/uploads\/2025\/12\/IMG-20250828-WA0005-768x432.jpg 768w, https:\/\/life-green-sheep.eu\/wp-content\/uploads\/2025\/12\/IMG-20250828-WA0005-1536x865.jpg 1536w, https:\/\/life-green-sheep.eu\/wp-content\/uploads\/2025\/12\/IMG-20250828-WA0005-750x422.jpg 750w, https:\/\/life-green-sheep.eu\/wp-content\/uploads\/2025\/12\/IMG-20250828-WA0005-540x304.jpg 540w, https:\/\/life-green-sheep.eu\/wp-content\/uploads\/2025\/12\/IMG-20250828-WA0005-128x72.jpg 128w\" sizes=\"auto, (max-width: 1600px) 100vw, 1600px\" \/><\/a><\/div> <div class='rt-detail'><h3 class=\"entry-title\"><a data-id=\"17007\" class=\"\" href=\"https:\/\/life-green-sheep.eu\/ro\/are-low-carbon-farm-as-sustainable-as-others-results-to-a-recent-study-based-on-life-green-sheep-at-76th-eaap-in-austria\/\">Are low carbon farm as sustainable as others ? Results to a recent study based on Life Green Sheep at 76th EAAP in Austria<\/a><\/h3><div class='tpg-excerpt'>Are low carbon farm as sustainable as others ? Elisabeth Castellan presented the result to...<\/div><div class='post-meta '><span class='read-more'><a data-id='17007' class='' href='https:\/\/life-green-sheep.eu\/ro\/are-low-carbon-farm-as-sustainable-as-others-results-to-a-recent-study-based-on-life-green-sheep-at-76th-eaap-in-austria\/'>Read More<\/a><\/span><\/div><\/div><\/div><\/div><div class=\"rt-col-md-6 rt-col-sm-6 rt-col-xs-12 even-grid-item rt-grid-item\" data-id=\"16989\"><div class=\"rt-holder\"><div class=\"rt-img-holder\"><a data-id='16989' class='' href='https:\/\/life-green-sheep.eu\/ro\/la-testimonianza-di-michela-dessi\/'><img loading=\"lazy\" decoding=\"async\" width=\"600\" height=\"541\" src=\"https:\/\/life-green-sheep.eu\/wp-content\/uploads\/2025\/11\/Michela-dessi.jpg\" class=\"rt-img-responsive \" alt=\"\" srcset=\"https:\/\/life-green-sheep.eu\/wp-content\/uploads\/2025\/11\/Michela-dessi.jpg 600w, https:\/\/life-green-sheep.eu\/wp-content\/uploads\/2025\/11\/Michela-dessi-300x271.jpg 300w, https:\/\/life-green-sheep.eu\/wp-content\/uploads\/2025\/11\/Michela-dessi-540x487.jpg 540w\" sizes=\"auto, (max-width: 600px) 100vw, 600px\" \/><\/a><\/div> <div class='rt-detail'><h3 class=\"entry-title\"><a data-id=\"16989\" class=\"\" href=\"https:\/\/life-green-sheep.eu\/ro\/la-testimonianza-di-michela-dessi\/\">The Testimony of Michela Dessi, Italy<\/a><\/h3><div class='tpg-excerpt'>Today we move to the south of Sardinia, to a particularly evocative area for its...<\/div><div class='post-meta '><span class='read-more'><a data-id='16989' class='' href='https:\/\/life-green-sheep.eu\/ro\/la-testimonianza-di-michela-dessi\/'>Read More<\/a><\/span><\/div><\/div><\/div><\/div><div class=\"rt-col-md-6 rt-col-sm-6 rt-col-xs-12 even-grid-item rt-grid-item\" data-id=\"16905\"><div class=\"rt-holder\"><div class=\"rt-img-holder\"><a data-id='16905' class='' href='https:\/\/life-green-sheep.eu\/ro\/the-testimonial-of-uxue-sarriegi\/'><img loading=\"lazy\" decoding=\"async\" width=\"573\" height=\"731\" src=\"https:\/\/life-green-sheep.eu\/wp-content\/uploads\/2025\/11\/Uxue-Sarriegi.jpg\" class=\"rt-img-responsive \" alt=\"\" srcset=\"https:\/\/life-green-sheep.eu\/wp-content\/uploads\/2025\/11\/Uxue-Sarriegi.jpg 573w, https:\/\/life-green-sheep.eu\/wp-content\/uploads\/2025\/11\/Uxue-Sarriegi-235x300.jpg 235w, https:\/\/life-green-sheep.eu\/wp-content\/uploads\/2025\/11\/Uxue-Sarriegi-540x689.jpg 540w\" sizes=\"auto, (max-width: 573px) 100vw, 573px\" \/><\/a><\/div> <div class='rt-detail'><h3 class=\"entry-title\"><a data-id=\"16905\" class=\"\" href=\"https:\/\/life-green-sheep.eu\/ro\/the-testimonial-of-uxue-sarriegi\/\">The testimonial of Uxue Sarriegi, advisor at Lurgintza, Spain<\/a><\/h3><div class='tpg-excerpt'>Uxue Sarriegi, technician at the Lurgintza Agricultural Cooperative of Gipuzkoa (Basque Country, Spain) has been...<\/div><div class='post-meta '><span class='read-more'><a data-id='16905' class='' href='https:\/\/life-green-sheep.eu\/ro\/the-testimonial-of-uxue-sarriegi\/'>Read More<\/a><\/span><\/div><\/div><\/div><\/div><div class=\"rt-col-md-6 rt-col-sm-6 rt-col-xs-12 even-grid-item rt-grid-item\" data-id=\"16613\"><div class=\"rt-holder\"><div class=\"rt-img-holder\"><a data-id='16613' class='' href='https:\/\/life-green-sheep.eu\/ro\/promoting-innovation-in-a-traditional-latxa-sheep-farm\/'><img loading=\"lazy\" decoding=\"async\" width=\"850\" height=\"478\" src=\"https:\/\/life-green-sheep.eu\/wp-content\/uploads\/2025\/04\/Borda-Berri.png\" class=\"rt-img-responsive \" alt=\"\" srcset=\"https:\/\/life-green-sheep.eu\/wp-content\/uploads\/2025\/04\/Borda-Berri.png 850w, https:\/\/life-green-sheep.eu\/wp-content\/uploads\/2025\/04\/Borda-Berri-300x169.png 300w, https:\/\/life-green-sheep.eu\/wp-content\/uploads\/2025\/04\/Borda-Berri-768x432.png 768w, https:\/\/life-green-sheep.eu\/wp-content\/uploads\/2025\/04\/Borda-Berri-750x422.png 750w, https:\/\/life-green-sheep.eu\/wp-content\/uploads\/2025\/04\/Borda-Berri-540x304.png 540w, https:\/\/life-green-sheep.eu\/wp-content\/uploads\/2025\/04\/Borda-Berri-128x72.png 128w\" sizes=\"auto, (max-width: 850px) 100vw, 850px\" \/><\/a><\/div> <div class='rt-detail'><h3 class=\"entry-title\"><a data-id=\"16613\" class=\"\" href=\"https:\/\/life-green-sheep.eu\/ro\/promoting-innovation-in-a-traditional-latxa-sheep-farm\/\">Promoting innovation in a traditional Latxa flock: the farm of Iker Sukia<\/a><\/h3><div class='tpg-excerpt'>Iker Sukia manages the flock inherited from his parents and produces and commercializes Idiazabal PDO...<\/div><div class='post-meta '><span class='read-more'><a data-id='16613' class='' href='https:\/\/life-green-sheep.eu\/ro\/promoting-innovation-in-a-traditional-latxa-sheep-farm\/'>Read More<\/a><\/span><\/div><\/div><\/div><\/div><div class=\"rt-col-md-6 rt-col-sm-6 rt-col-xs-12 even-grid-item rt-grid-item\" data-id=\"16434\"><div class=\"rt-holder\"><div class=\"rt-img-holder\"><a data-id='16434' class='' href='https:\/\/life-green-sheep.eu\/ro\/video-dans-l-allier-polyculture-elevage\/'><img loading=\"lazy\" decoding=\"async\" width=\"1917\" height=\"1076\" src=\"https:\/\/life-green-sheep.eu\/wp-content\/uploads\/2024\/12\/image-video.jpg\" class=\"rt-img-responsive \" alt=\"\" srcset=\"https:\/\/life-green-sheep.eu\/wp-content\/uploads\/2024\/12\/image-video.jpg 1917w, https:\/\/life-green-sheep.eu\/wp-content\/uploads\/2024\/12\/image-video-300x168.jpg 300w, https:\/\/life-green-sheep.eu\/wp-content\/uploads\/2024\/12\/image-video-1024x575.jpg 1024w, https:\/\/life-green-sheep.eu\/wp-content\/uploads\/2024\/12\/image-video-768x431.jpg 768w, https:\/\/life-green-sheep.eu\/wp-content\/uploads\/2024\/12\/image-video-1536x862.jpg 1536w, https:\/\/life-green-sheep.eu\/wp-content\/uploads\/2024\/12\/image-video-750x421.jpg 750w, https:\/\/life-green-sheep.eu\/wp-content\/uploads\/2024\/12\/image-video-540x303.jpg 540w, https:\/\/life-green-sheep.eu\/wp-content\/uploads\/2024\/12\/image-video-128x72.jpg 128w\" sizes=\"auto, (max-width: 1917px) 100vw, 1917px\" \/><\/a><\/div> <div class='rt-detail'><h3 class=\"entry-title\"><a data-id=\"16434\" class=\"\" href=\"https:\/\/life-green-sheep.eu\/ro\/video-dans-l-allier-polyculture-elevage\/\">New video shot at an innovative breeder in France<\/a><\/h3><div class='tpg-excerpt'>The Life Green Sheep project provides farmers with concrete solutions to significantly reduce their carbon...<\/div><div class='post-meta '><span class='read-more'><a data-id='16434' class='' href='https:\/\/life-green-sheep.eu\/ro\/video-dans-l-allier-polyculture-elevage\/'>Read More<\/a><\/span><\/div><\/div><\/div><\/div><div class=\"rt-col-md-6 rt-col-sm-6 rt-col-xs-12 even-grid-item rt-grid-item\" data-id=\"16495\"><div class=\"rt-holder\"><div class=\"rt-img-holder\"><a data-id='16495' class='' href='https:\/\/life-green-sheep.eu\/ro\/the-testimonial-of-roberta-manconi-sardinia\/'><img loading=\"lazy\" decoding=\"async\" width=\"1016\" height=\"630\" src=\"https:\/\/life-green-sheep.eu\/wp-content\/uploads\/2025\/02\/ROBERTA.jpg\" class=\"rt-img-responsive \" alt=\"\" srcset=\"https:\/\/life-green-sheep.eu\/wp-content\/uploads\/2025\/02\/ROBERTA.jpg 1016w, https:\/\/life-green-sheep.eu\/wp-content\/uploads\/2025\/02\/ROBERTA-300x186.jpg 300w, https:\/\/life-green-sheep.eu\/wp-content\/uploads\/2025\/02\/ROBERTA-768x476.jpg 768w, https:\/\/life-green-sheep.eu\/wp-content\/uploads\/2025\/02\/ROBERTA-750x465.jpg 750w, https:\/\/life-green-sheep.eu\/wp-content\/uploads\/2025\/02\/ROBERTA-540x335.jpg 540w\" sizes=\"auto, (max-width: 1016px) 100vw, 1016px\" \/><\/a><\/div> <div class='rt-detail'><h3 class=\"entry-title\"><a data-id=\"16495\" class=\"\" href=\"https:\/\/life-green-sheep.eu\/ro\/the-testimonial-of-roberta-manconi-sardinia\/\">The testimonial of Roberta Manconi, Sardinian farmer<\/a><\/h3><div class='tpg-excerpt'>Among the protagonists of Greensheep today we meet Roberta Manconi, a young and beautiful Sardinian...<\/div><div class='post-meta '><span class='read-more'><a data-id='16495' class='' href='https:\/\/life-green-sheep.eu\/ro\/the-testimonial-of-roberta-manconi-sardinia\/'>Read More<\/a><\/span><\/div><\/div><\/div><\/div><div class=\"rt-col-md-6 rt-col-sm-6 rt-col-xs-12 even-grid-item rt-grid-item\" data-id=\"16505\"><div class=\"rt-holder\"><div class=\"rt-img-holder\"><a data-id='16505' class='' href='https:\/\/life-green-sheep.eu\/ro\/open-day-in-sardinia-organised-by-laore\/'><img loading=\"lazy\" decoding=\"async\" width=\"2560\" height=\"1152\" src=\"https:\/\/life-green-sheep.eu\/wp-content\/uploads\/2025\/03\/IMG_20250312_113634new-scaled.jpg\" class=\"rt-img-responsive \" alt=\"\" srcset=\"https:\/\/life-green-sheep.eu\/wp-content\/uploads\/2025\/03\/IMG_20250312_113634new-scaled.jpg 2560w, https:\/\/life-green-sheep.eu\/wp-content\/uploads\/2025\/03\/IMG_20250312_113634new-300x135.jpg 300w, https:\/\/life-green-sheep.eu\/wp-content\/uploads\/2025\/03\/IMG_20250312_113634new-1024x461.jpg 1024w, https:\/\/life-green-sheep.eu\/wp-content\/uploads\/2025\/03\/IMG_20250312_113634new-768x346.jpg 768w, https:\/\/life-green-sheep.eu\/wp-content\/uploads\/2025\/03\/IMG_20250312_113634new-1536x691.jpg 1536w, https:\/\/life-green-sheep.eu\/wp-content\/uploads\/2025\/03\/IMG_20250312_113634new-2048x922.jpg 2048w, https:\/\/life-green-sheep.eu\/wp-content\/uploads\/2025\/03\/IMG_20250312_113634new-750x338.jpg 750w, https:\/\/life-green-sheep.eu\/wp-content\/uploads\/2025\/03\/IMG_20250312_113634new-540x243.jpg 540w\" sizes=\"auto, (max-width: 2560px) 100vw, 2560px\" \/><\/a><\/div> <div class='rt-detail'><h3 class=\"entry-title\"><a data-id=\"16505\" class=\"\" href=\"https:\/\/life-green-sheep.eu\/ro\/open-day-in-sardinia-organised-by-laore\/\">Open Day in Sardinia organised by Laore<\/a><\/h3><div class='tpg-excerpt'>On March 12, 2025, a farm open day was held in Pauli Arbarei (Province of...<\/div><div class='post-meta '><span class='read-more'><a data-id='16505' class='' href='https:\/\/life-green-sheep.eu\/ro\/open-day-in-sardinia-organised-by-laore\/'>Read More<\/a><\/span><\/div><\/div><\/div><\/div><div class=\"rt-col-md-6 rt-col-sm-6 rt-col-xs-12 even-grid-item rt-grid-item\" data-id=\"16310\"><div class=\"rt-holder\"><div class=\"rt-img-holder\"><a data-id='16310' class='' href='https:\/\/life-green-sheep.eu\/ro\/the-testimonial-of-ricardo-miranda-from-the-school-farm-las-cortas-de-blas-in-valladolid-spain\/'><img loading=\"lazy\" decoding=\"async\" width=\"677\" height=\"298\" src=\"https:\/\/life-green-sheep.eu\/wp-content\/uploads\/2024\/12\/Las-Cortas-de-Blas-1.png\" class=\"rt-img-responsive \" alt=\"\" srcset=\"https:\/\/life-green-sheep.eu\/wp-content\/uploads\/2024\/12\/Las-Cortas-de-Blas-1.png 677w, https:\/\/life-green-sheep.eu\/wp-content\/uploads\/2024\/12\/Las-Cortas-de-Blas-1-300x132.png 300w, https:\/\/life-green-sheep.eu\/wp-content\/uploads\/2024\/12\/Las-Cortas-de-Blas-1-540x238.png 540w\" sizes=\"auto, (max-width: 677px) 100vw, 677px\" \/><\/a><\/div> <div class='rt-detail'><h3 class=\"entry-title\"><a data-id=\"16310\" class=\"\" href=\"https:\/\/life-green-sheep.eu\/ro\/the-testimonial-of-ricardo-miranda-from-the-school-farm-las-cortas-de-blas-in-valladolid-spain\/\">The testimonial of Ricardo Miranda from the school farm Las Cortas de Blas, in Valladolid, Spain.<\/a><\/h3><div class='tpg-excerpt'>Ricardo Miranda, together with his family, manages the farm school \u201cLas Cortas de Blas\u201d; located...<\/div><div class='post-meta '><span class='read-more'><a data-id='16310' class='' href='https:\/\/life-green-sheep.eu\/ro\/the-testimonial-of-ricardo-miranda-from-the-school-farm-las-cortas-de-blas-in-valladolid-spain\/'>Read More<\/a><\/span><\/div><\/div><\/div><\/div><div class=\"rt-col-md-6 rt-col-sm-6 rt-col-xs-12 even-grid-item rt-grid-item\" data-id=\"14935\"><div class=\"rt-holder\"><div class=\"rt-img-holder\"><a data-id='14935' class='' href='https:\/\/life-green-sheep.eu\/ro\/catalin-dragomir-romania-aducerea-cercetarii-in-teren\/'><img loading=\"lazy\" decoding=\"async\" width=\"1000\" height=\"560\" src=\"https:\/\/life-green-sheep.eu\/wp-content\/uploads\/2022\/09\/Life-Green-Sheep-Testimonial-1-94eb90b0-1bdc-4164-8ad6-dd0fc1ad5b4e-1.jpg\" class=\"rt-img-responsive \" alt=\"\" srcset=\"https:\/\/life-green-sheep.eu\/wp-content\/uploads\/2022\/09\/Life-Green-Sheep-Testimonial-1-94eb90b0-1bdc-4164-8ad6-dd0fc1ad5b4e-1.jpg 1000w, https:\/\/life-green-sheep.eu\/wp-content\/uploads\/2022\/09\/Life-Green-Sheep-Testimonial-1-94eb90b0-1bdc-4164-8ad6-dd0fc1ad5b4e-1-300x168.jpg 300w, https:\/\/life-green-sheep.eu\/wp-content\/uploads\/2022\/09\/Life-Green-Sheep-Testimonial-1-94eb90b0-1bdc-4164-8ad6-dd0fc1ad5b4e-1-768x430.jpg 768w, https:\/\/life-green-sheep.eu\/wp-content\/uploads\/2022\/09\/Life-Green-Sheep-Testimonial-1-94eb90b0-1bdc-4164-8ad6-dd0fc1ad5b4e-1-750x420.jpg 750w, https:\/\/life-green-sheep.eu\/wp-content\/uploads\/2022\/09\/Life-Green-Sheep-Testimonial-1-94eb90b0-1bdc-4164-8ad6-dd0fc1ad5b4e-1-540x302.jpg 540w\" sizes=\"auto, (max-width: 1000px) 100vw, 1000px\" \/><\/a><\/div> <div class='rt-detail'><h3 class=\"entry-title\"><a data-id=\"14935\" class=\"\" href=\"https:\/\/life-green-sheep.eu\/ro\/catalin-dragomir-romania-aducerea-cercetarii-in-teren\/\">C\u0103t\u0103lin Dragomir (Rom\u00e2nia) &#8222;Aducerea cercet\u0103rii \u00een teren&#8221;<\/a><\/h3><div class='tpg-excerpt'>C\u0103t\u0103lin DRAGOMIR este directorul \u0219tiin\u021bific al Institutului Na\u021bional de Cercetare-Dezvoltare pentru Biologie \u0219i Nutri\u021bie Animal\u0103...<\/div><div class='post-meta '><span class='read-more'><a data-id='14935' class='' href='https:\/\/life-green-sheep.eu\/ro\/catalin-dragomir-romania-aducerea-cercetarii-in-teren\/'>Read More<\/a><\/span><\/div><\/div><\/div><\/div><\/div><div class='rt-pagination-wrap' data-total-pages='4' data-posts-per-page='10' data-type='pagination'  ><div class=\"rt-pagination\" ><ul class=\"pagination-list\"><li class=\"active\"><span>1<\/span><\/li><li><a data-paged='2' href='https:\/\/life-green-sheep.eu\/ro\/wp-json\/wp\/v2\/pages\/12935\/page\/2\/'>2<\/a><\/li><li><a data-paged='3' href='https:\/\/life-green-sheep.eu\/ro\/wp-json\/wp\/v2\/pages\/12935\/page\/3\/'>3<\/a><\/li><li><a data-paged='4' href='https:\/\/life-green-sheep.eu\/ro\/wp-json\/wp\/v2\/pages\/12935\/page\/4\/'>4<\/a><\/li><\/ul><\/div><\/div><\/div>[\/vc_column_text][\/vc_column][\/vc_row]<\/p>\n<\/div>","protected":false},"excerpt":{"rendered":"<p>[vc_row][vc_column][\/vc_column][\/vc_row][vc_row css_animation=&#8221;fadeIn&#8221; bg_type=&#8221;bg_color&#8221; bg_color_value=&#8221;#d8e1d6&#8243;][vc_column][vc_column_text][\/vc_column_text][\/vc_column][\/vc_row]<\/p>\n","protected":false},"author":2,"featured_media":0,"parent":0,"menu_order":0,"comment_status":"closed","ping_status":"closed","template":"","meta":{"_bbp_topic_count":0,"_bbp_reply_count":0,"_bbp_total_topic_count":0,"_bbp_total_reply_count":0,"_bbp_voice_count":0,"_bbp_anonymous_reply_count":0,"_bbp_topic_count_hidden":0,"_bbp_reply_count_hidden":0,"_bbp_forum_subforum_count":0,"footnotes":""},"class_list":["post-12935","page","type-page","status-publish","hentry"],"rttpg_featured_image_url":null,"rttpg_author":{"display_name":"Untangled Web Support","author_link":"https:\/\/life-green-sheep.eu\/ro\/author\/untangledwebl\/"},"rttpg_comment":0,"rttpg_category":"","rttpg_excerpt":"[vc_row][vc_column][\/vc_column][\/vc_row][vc_row css_animation=&#8221;fadeIn&#8221; bg_type=&#8221;bg_color&#8221; bg_color_value=&#8221;#d8e1d6&#8243;][vc_column][vc_column_text][\/vc_column_text][\/vc_column][\/vc_row]","_links":{"self":[{"href":"https:\/\/life-green-sheep.eu\/ro\/wp-json\/wp\/v2\/pages\/12935","targetHints":{"allow":["GET"]}}],"collection":[{"href":"https:\/\/life-green-sheep.eu\/ro\/wp-json\/wp\/v2\/pages"}],"about":[{"href":"https:\/\/life-green-sheep.eu\/ro\/wp-json\/wp\/v2\/types\/page"}],"author":[{"embeddable":true,"href":"https:\/\/life-green-sheep.eu\/ro\/wp-json\/wp\/v2\/users\/2"}],"replies":[{"embeddable":true,"href":"https:\/\/life-green-sheep.eu\/ro\/wp-json\/wp\/v2\/comments?post=12935"}],"version-history":[{"count":12,"href":"https:\/\/life-green-sheep.eu\/ro\/wp-json\/wp\/v2\/pages\/12935\/revisions"}],"predecessor-version":[{"id":13155,"href":"https:\/\/life-green-sheep.eu\/ro\/wp-json\/wp\/v2\/pages\/12935\/revisions\/13155"}],"wp:attachment":[{"href":"https:\/\/life-green-sheep.eu\/ro\/wp-json\/wp\/v2\/media?parent=12935"}],"curies":[{"name":"wp","href":"https:\/\/api.w.org\/{rel}","templated":true}]}}