{"id":12952,"date":"2022-10-04T13:18:03","date_gmt":"2022-10-04T13:18:03","guid":{"rendered":"https:\/\/life-green-sheep.eu\/confidentialitate\/"},"modified":"2022-11-25T11:25:43","modified_gmt":"2022-11-25T11:25:43","slug":"confidentialitate","status":"publish","type":"page","link":"https:\/\/life-green-sheep.eu\/ro\/confidentialitate\/","title":{"rendered":"Confiden\u021bialitate"},"content":{"rendered":"<p style=\"font-weight: 400;\"><strong><img loading=\"lazy\" decoding=\"async\" class=\"alignright size-medium wp-image-10153\" src=\"https:\/\/life-green-sheep.eu\/wp-content\/uploads\/2022\/08\/Logo-Life-Green-Sheep-logo-800x200-v4-300x75.jpg\" alt=\"Logo-ul Life Green Sheep\" width=\"300\" height=\"75\" srcset=\"https:\/\/life-green-sheep.eu\/wp-content\/uploads\/2022\/08\/Logo-Life-Green-Sheep-logo-800x200-v4-300x75.jpg 300w, https:\/\/life-green-sheep.eu\/wp-content\/uploads\/2022\/08\/Logo-Life-Green-Sheep-logo-800x200-v4-768x192.jpg 768w, https:\/\/life-green-sheep.eu\/wp-content\/uploads\/2022\/08\/Logo-Life-Green-Sheep-logo-800x200-v4-750x188.jpg 750w, https:\/\/life-green-sheep.eu\/wp-content\/uploads\/2022\/08\/Logo-Life-Green-Sheep-logo-800x200-v4-540x135.jpg 540w, https:\/\/life-green-sheep.eu\/wp-content\/uploads\/2022\/08\/Logo-Life-Green-Sheep-logo-800x200-v4.jpg 800w\" sizes=\"auto, (max-width: 300px) 100vw, 300px\" \/>Cine suntem<\/strong><\/p>\n<p style=\"font-weight: 400;\"><strong>Text sugerat: <\/strong>Adresa site-ului nostru este: <a href=\"https:\/\/life-green-sheep.eu\/ro\/\">https:\/\/life-green-sheep.eu\/<\/a><\/p>\n<p style=\"font-weight: 400;\"><strong>Comentarii<\/strong><\/p>\n<p style=\"font-weight: 400;\"><strong>Text sugerat: <\/strong>Atunci c\u00e2nd vizitatorii las\u0103 comentarii pe site, colect\u0103m datele afi\u0219ate \u00een formularul de comentarii, precum \u0219i adresa IP a vizitatorului \u0219i \u0219irul agentului de utilizator al browserului pentru a ajuta la detectarea spam-ului.<\/p>\n<p style=\"font-weight: 400;\">Un \u0219ir anonimizat creat din adresa dvs. de e-mail (numit \u0219i hash) poate fi furnizat serviciului Gravatar pentru a vedea dac\u0103 \u00eel utiliza\u021bi. Politica de confiden\u021bialitate a serviciului Gravatar este disponibil\u0103 aici: <a href=\"https:\/\/automattic.com\/privacy\/\" data-saferedirecturl=\"https:\/\/www.google.com\/url?q=https:\/\/automattic.com\/privacy\/&amp;source=gmail&amp;ust=1664973562138000&amp;usg=AOvVaw2Kt8ICTmklrrsPymeR17Zh\">https:\/\/automattic.com\/privacy\/<\/a>. Dup\u0103 aprobarea comentariului dvs., imaginea dvs. de profil este vizibil\u0103 publicului \u00een contextul comentariului dvs.<\/p>\n<p style=\"font-weight: 400;\"><strong>Media<\/strong><\/p>\n<p style=\"font-weight: 400;\"><strong>Text sugerat: <\/strong>Dac\u0103 \u00eenc\u0103rca\u021bi imagini pe site, evita\u021bi s\u0103 \u00eenc\u0103rca\u021bi imagini care con\u021bin date de localizare \u00eencorporate (EXIF GPS). Vizitatorii site-ului web pot desc\u0103rca \u0219i extrage orice date de localizare din imaginile de pe site.<\/p>\n<p style=\"font-weight: 400;\"><strong>Cookie-uri<\/strong><\/p>\n<p style=\"font-weight: 400;\"><strong>Text sugerat: <\/strong>Dac\u0103 l\u0103sa\u021bi un comentariu pe site-ul nostru, pute\u021bi opta pentru salvarea numelui, a adresei de e-mail \u0219i a site-ului dvs. \u00een cookie-uri. Acestea sunt pentru comoditatea dumneavoastr\u0103, astfel \u00eenc\u00e2t s\u0103 nu fie nevoie s\u0103 v\u0103 completa\u021bi din nou datele atunci c\u00e2nd l\u0103sa\u021bi un alt comentariu. Aceste fursecuri vor rezista timp de un an.<\/p>\n<p style=\"font-weight: 400;\">Dac\u0103 vizita\u021bi pagina noastr\u0103 de conectare, vom seta un cookie temporar pentru a determina dac\u0103 browserul dvs. accept\u0103 cookie-uri. Acest modul cookie nu con\u021bine date cu caracter personal \u0219i este eliminat atunci c\u00e2nd \u00eenchide\u021bi browserul.<\/p>\n<p style=\"font-weight: 400;\">Atunci c\u00e2nd v\u0103 conecta\u021bi, vom seta, de asemenea, mai multe module cookie pentru a salva informa\u021biile de conectare \u0219i op\u021biunile de afi\u0219are pe ecran. Cookie-urile de autentificare dureaz\u0103 dou\u0103 zile, iar cookie-urile pentru op\u021biunile de ecran dureaz\u0103 un an. Dac\u0103 selecta\u021bi &#8222;\u021aine-m\u0103 minte&#8221;, autentificarea dvs. va persista timp de dou\u0103 s\u0103pt\u0103m\u00e2ni. Dac\u0103 v\u0103 deconecta\u021bi din contul dumneavoastr\u0103, cookie-urile de conectare vor fi eliminate.<\/p>\n<p style=\"font-weight: 400;\">Dac\u0103 edita\u021bi sau publica\u021bi un articol, \u00een browserul dvs. va fi salvat un cookie suplimentar. Acest modul cookie nu include date personale \u0219i indic\u0103 pur \u0219i simplu ID-ul postului articolului pe care tocmai l-a\u021bi editat. Expir\u0103 dup\u0103 o zi.<\/p>\n<p style=\"font-weight: 400;\"><strong>Con\u021binut \u00eencorporat de pe alte site-uri web<\/strong><\/p>\n<p style=\"font-weight: 400;\"><strong>Text sugerat: <\/strong>Articolele de pe acest site pot include con\u021binut \u00eencorporat (de exemplu, videoclipuri, imagini, articole etc.). Con\u021binutul \u00eencorporat de pe alte site-uri web se comport\u0103 exact la fel ca \u0219i cum vizitatorul ar fi vizitat cel\u0103lalt site web.<\/p>\n<p style=\"font-weight: 400;\">Aceste site-uri web pot colecta date despre dvs., pot utiliza cookie-uri, pot \u00eencorpora urm\u0103rire suplimentar\u0103 de la ter\u021bi \u0219i pot monitoriza interac\u021biunea dvs. cu acel con\u021binut \u00eencorporat, inclusiv urm\u0103rirea interac\u021biunii dvs. cu con\u021binutul \u00eencorporat dac\u0103 ave\u021bi un cont \u0219i sunte\u021bi conectat la acel site web.<\/p>\n<p style=\"font-weight: 400;\"><strong>Cu cine \u00eemp\u0103rt\u0103\u0219im datele dumneavoastr\u0103<\/strong><\/p>\n<p style=\"font-weight: 400;\"><strong>Text sugerat: <\/strong>Dac\u0103 solicita\u021bi o resetare a parolei, adresa dvs. IP va fi inclus\u0103 \u00een e-mailul de resetare.<\/p>\n<p style=\"font-weight: 400;\"><strong>C\u00e2t timp p\u0103str\u0103m datele dumneavoastr\u0103<\/strong><\/p>\n<p style=\"font-weight: 400;\"><strong>Text sugerat: <\/strong>Dac\u0103 l\u0103sa\u021bi un comentariu, comentariul \u0219i metadatele acestuia sunt p\u0103strate pe termen nelimitat. Acest lucru ne permite s\u0103 recunoa\u0219tem \u0219i s\u0103 aprob\u0103m automat comentariile ulterioare, \u00een loc s\u0103 le re\u021binem \u00eentr-o coad\u0103 de moderare.<\/p>\n<p style=\"font-weight: 400;\">Pentru utilizatorii care se \u00eenregistreaz\u0103 pe site-ul nostru (dac\u0103 exist\u0103), stoc\u0103m, de asemenea, informa\u021biile personale pe care le furnizeaz\u0103 \u00een profilul lor de utilizator. To\u021bi utilizatorii \u00ee\u0219i pot vedea, modifica sau \u0219terge informa\u021biile personale \u00een orice moment (cu excep\u021bia faptului c\u0103 nu \u00ee\u0219i pot schimba numele de utilizator). Administratorii site-ului web pot, de asemenea, s\u0103 vad\u0103 \u0219i s\u0103 editeze aceste informa\u021bii.<\/p>\n<p style=\"font-weight: 400;\"><strong>Ce drepturi ave\u021bi asupra datelor dumneavoastr\u0103<\/strong><\/p>\n<p style=\"font-weight: 400;\"><strong>Text sugerat: <\/strong>Dac\u0103 ave\u021bi un cont pe acest site sau dac\u0103 a\u021bi l\u0103sat comentarii, pute\u021bi solicita s\u0103 primi\u021bi un fi\u0219ier exportat cu datele personale pe care le de\u021binem despre dumneavoastr\u0103, inclusiv orice date pe care ni le-a\u021bi furnizat. De asemenea, pute\u021bi solicita s\u0103 \u0219tergem orice date cu caracter personal pe care le de\u021binem despre dumneavoastr\u0103. Aceasta nu include datele pe care suntem obliga\u021bi s\u0103 le p\u0103str\u0103m \u00een scopuri administrative, juridice sau de securitate.<\/p>\n<p style=\"font-weight: 400;\"><strong>Unde trimitem datele dumneavoastr\u0103<\/strong><\/p>\n<p style=\"font-weight: 400;\"><strong>Text sugerat: <\/strong>Comentariile vizitatorilor pot fi verificate prin intermediul unui serviciu automat de detectare a spam-ului.<\/p>\n","protected":false},"excerpt":{"rendered":"<p>Cine suntem Text sugerat: Adresa site-ului nostru este: https:\/\/life-green-sheep.eu\/ Comentarii Text sugerat: Atunci c\u00e2nd vizitatorii las\u0103 comentarii pe site, colect\u0103m datele afi\u0219ate \u00een formularul de comentarii, precum \u0219i adresa IP a vizitatorului \u0219i \u0219irul agentului de utilizator al browserului pentru a ajuta la detectarea spam-ului. Un \u0219ir anonimizat creat din adresa dvs. de e-mail (numit [&hellip;]<\/p>\n","protected":false},"author":2,"featured_media":0,"parent":0,"menu_order":0,"comment_status":"closed","ping_status":"closed","template":"","meta":{"_bbp_topic_count":0,"_bbp_reply_count":0,"_bbp_total_topic_count":0,"_bbp_total_reply_count":0,"_bbp_voice_count":0,"_bbp_anonymous_reply_count":0,"_bbp_topic_count_hidden":0,"_bbp_reply_count_hidden":0,"_bbp_forum_subforum_count":0,"footnotes":""},"class_list":["post-12952","page","type-page","status-publish","hentry"],"rttpg_featured_image_url":null,"rttpg_author":{"display_name":"Untangled Web Support","author_link":"https:\/\/life-green-sheep.eu\/ro\/author\/untangledwebl\/"},"rttpg_comment":0,"rttpg_category":false,"rttpg_excerpt":"Cine suntem Text sugerat: Adresa site-ului nostru este: https:\/\/life-green-sheep.eu\/ Comentarii Text sugerat: Atunci c\u00e2nd vizitatorii las\u0103 comentarii pe site, colect\u0103m datele afi\u0219ate \u00een formularul de comentarii, precum \u0219i adresa IP a vizitatorului \u0219i \u0219irul agentului de utilizator al browserului pentru a ajuta la detectarea spam-ului. Un \u0219ir anonimizat creat din adresa dvs. de e-mail (numit&hellip;","_links":{"self":[{"href":"https:\/\/life-green-sheep.eu\/ro\/wp-json\/wp\/v2\/pages\/12952","targetHints":{"allow":["GET"]}}],"collection":[{"href":"https:\/\/life-green-sheep.eu\/ro\/wp-json\/wp\/v2\/pages"}],"about":[{"href":"https:\/\/life-green-sheep.eu\/ro\/wp-json\/wp\/v2\/types\/page"}],"author":[{"embeddable":true,"href":"https:\/\/life-green-sheep.eu\/ro\/wp-json\/wp\/v2\/users\/2"}],"replies":[{"embeddable":true,"href":"https:\/\/life-green-sheep.eu\/ro\/wp-json\/wp\/v2\/comments?post=12952"}],"version-history":[{"count":2,"href":"https:\/\/life-green-sheep.eu\/ro\/wp-json\/wp\/v2\/pages\/12952\/revisions"}],"predecessor-version":[{"id":13369,"href":"https:\/\/life-green-sheep.eu\/ro\/wp-json\/wp\/v2\/pages\/12952\/revisions\/13369"}],"wp:attachment":[{"href":"https:\/\/life-green-sheep.eu\/ro\/wp-json\/wp\/v2\/media?parent=12952"}],"curies":[{"name":"wp","href":"https:\/\/api.w.org\/{rel}","templated":true}]}}